{"id":2742,"date":"2016-07-20T01:09:26","date_gmt":"2016-07-20T01:09:26","guid":{"rendered":"http:\/\/turismoaguarda.es\/aparcamientos\/?lang=gl"},"modified":"2016-07-20T01:13:40","modified_gmt":"2016-07-20T01:13:40","slug":"aparcamientos","status":"publish","type":"page","link":"https:\/\/www.turismoaguarda.es\/gl\/aparcamientos\/","title":{"rendered":"Aparcamentos"},"content":{"rendered":"<p>[vc_row][vc_column][vc_column_text]A Guarda conta con espazos para facilitar o estacionamento do veh\u00edculo. Os parkings son de uso p\u00fablico e\u00a0gratu\u00edtos e at\u00f3panse:<\/p>\n<ul>\n<li>R\u00faa Rosal\u00eda de Castro (finca de F\u00ednola)<\/li>\n<li>R\u00faa Brasil<\/li>\n<li>Zona escolar da Sangri\u00f1a no Paseo de Portugal<\/li>\n<li>Explanada de portos<\/li>\n<li>Finca da Canteira (comezo da senda litoral no porto)<\/li>\n<\/ul>\n<p>As principais r\u00faas comerciais contan con ZONA AZUL. Isto significa que o estacionamento de veh\u00edculos est\u00e1\u00a0limitado pero segue sendo gratu\u00edto. De luns a venres e os s\u00e1bados \u00e1 ma\u00f1\u00e1 soamente se permite estacionar\u00a0durante unha hora. Os reloxos para indicar a hora de chegada son distribu\u00eddos polos comerciantes da zona\u00a0e a Polic\u00eda Local.[\/vc_column_text][\/vc_column][\/vc_row]<\/p>\n","protected":false},"excerpt":{"rendered":"<p>[vc_row][vc_column][vc_column_text]A Guarda conta con espazos para facilitar o estacionamento do veh\u00edculo. Os parkings son de uso p\u00fablico e\u00a0gratu\u00edtos e at\u00f3panse: R\u00faa Rosal\u00eda de Castro (finca de F\u00ednola) R\u00faa Brasil Zona escolar da Sangri\u00f1a no Paseo de Portugal Explanada de portos Finca da Canteira (comezo da senda litoral no porto) As principais r\u00faas comerciais contan con<\/p>\n<div class=\"padding-top text-center\"><a href=\"https:\/\/www.turismoaguarda.es\/gl\/aparcamientos\/\" class=\"atbtn atbtn--medium atbtn--rounded atbtn--transparent\">Leer m\u00e1is<i class=\"atbtn__icon atbtn__icon--right fa fa-long-arrow-right\"><\/i><\/a><\/div>\n","protected":false},"author":4,"featured_media":0,"parent":0,"menu_order":0,"comment_status":"closed","ping_status":"closed","template":"template-page-with-sidebar.php","meta":{"footnotes":""},"class_list":["post-2742","page","type-page","status-publish","hentry"],"yoast_head":"<!-- This site is optimized with the Yoast SEO plugin v27.4 - https:\/\/yoast.com\/product\/yoast-seo-wordpress\/ -->\n<title>Aparcamentos | Turismo A Guarda<\/title>\n<meta name=\"robots\" content=\"index, follow, max-snippet:-1, max-image-preview:large, max-video-preview:-1\" \/>\n<link rel=\"canonical\" href=\"https:\/\/www.turismoaguarda.es\/gl\/aparcamientos\/\" \/>\n<meta property=\"og:locale\" content=\"en_US\" \/>\n<meta property=\"og:type\" content=\"article\" \/>\n<meta property=\"og:title\" content=\"Aparcamentos | Turismo A Guarda\" \/>\n<meta property=\"og:description\" content=\"[vc_row][vc_column][vc_column_text]A Guarda conta con espazos para facilitar o estacionamento do veh\u00edculo. Os parkings son de uso p\u00fablico e\u00a0gratu\u00edtos e at\u00f3panse: R\u00faa Rosal\u00eda de Castro (finca de F\u00ednola) R\u00faa Brasil Zona escolar da Sangri\u00f1a no Paseo de Portugal Explanada de portos Finca da Canteira (comezo da senda litoral no porto) As principais r\u00faas comerciais contan conLeer m\u00e1is\" \/>\n<meta property=\"og:url\" content=\"https:\/\/www.turismoaguarda.es\/gl\/aparcamientos\/\" \/>\n<meta property=\"og:site_name\" content=\"Turismo A Guarda\" \/>\n<meta property=\"article:publisher\" content=\"https:\/\/es-es.facebook.com\/Turismo-A-Guarda-126223240790625\/\" \/>\n<meta property=\"article:modified_time\" content=\"2016-07-20T01:13:40+00:00\" \/>\n<meta name=\"twitter:card\" content=\"summary_large_image\" \/>\n<meta name=\"twitter:site\" content=\"@TurismoAGuarda\" \/>\n<meta name=\"twitter:label1\" content=\"Est. reading time\" \/>\n\t<meta name=\"twitter:data1\" content=\"1 minute\" \/>\n<script type=\"application\/ld+json\" class=\"yoast-schema-graph\">{\"@context\":\"https:\\\/\\\/schema.org\",\"@graph\":[{\"@type\":\"WebPage\",\"@id\":\"https:\\\/\\\/www.turismoaguarda.es\\\/gl\\\/aparcamientos\\\/\",\"url\":\"https:\\\/\\\/www.turismoaguarda.es\\\/gl\\\/aparcamientos\\\/\",\"name\":\"Aparcamentos | Turismo A Guarda\",\"isPartOf\":{\"@id\":\"https:\\\/\\\/www.turismoaguarda.es\\\/#website\"},\"datePublished\":\"2016-07-20T01:09:26+00:00\",\"dateModified\":\"2016-07-20T01:13:40+00:00\",\"breadcrumb\":{\"@id\":\"https:\\\/\\\/www.turismoaguarda.es\\\/gl\\\/aparcamientos\\\/#breadcrumb\"},\"inLanguage\":\"gl\",\"potentialAction\":[{\"@type\":\"ReadAction\",\"target\":[\"https:\\\/\\\/www.turismoaguarda.es\\\/gl\\\/aparcamientos\\\/\"]}]},{\"@type\":\"BreadcrumbList\",\"@id\":\"https:\\\/\\\/www.turismoaguarda.es\\\/gl\\\/aparcamientos\\\/#breadcrumb\",\"itemListElement\":[{\"@type\":\"ListItem\",\"position\":1,\"name\":\"Portada\",\"item\":\"https:\\\/\\\/www.turismoaguarda.es\\\/gl\\\/\"},{\"@type\":\"ListItem\",\"position\":2,\"name\":\"Aparcamentos\"}]},{\"@type\":\"WebSite\",\"@id\":\"https:\\\/\\\/www.turismoaguarda.es\\\/#website\",\"url\":\"https:\\\/\\\/www.turismoaguarda.es\\\/\",\"name\":\"Turismo A Guarda\",\"description\":\"Informaci\u00f3n tur\u00edstica de A Guarda y alrededores.\",\"potentialAction\":[{\"@type\":\"SearchAction\",\"target\":{\"@type\":\"EntryPoint\",\"urlTemplate\":\"https:\\\/\\\/www.turismoaguarda.es\\\/?s={search_term_string}\"},\"query-input\":{\"@type\":\"PropertyValueSpecification\",\"valueRequired\":true,\"valueName\":\"search_term_string\"}}],\"inLanguage\":\"gl\"}]}<\/script>\n<!-- \/ Yoast SEO plugin. -->","yoast_head_json":{"title":"Aparcamentos | Turismo A Guarda","robots":{"index":"index","follow":"follow","max-snippet":"max-snippet:-1","max-image-preview":"max-image-preview:large","max-video-preview":"max-video-preview:-1"},"canonical":"https:\/\/www.turismoaguarda.es\/gl\/aparcamientos\/","og_locale":"en_US","og_type":"article","og_title":"Aparcamentos | Turismo A Guarda","og_description":"[vc_row][vc_column][vc_column_text]A Guarda conta con espazos para facilitar o estacionamento do veh\u00edculo. Os parkings son de uso p\u00fablico e\u00a0gratu\u00edtos e at\u00f3panse: R\u00faa Rosal\u00eda de Castro (finca de F\u00ednola) R\u00faa Brasil Zona escolar da Sangri\u00f1a no Paseo de Portugal Explanada de portos Finca da Canteira (comezo da senda litoral no porto) As principais r\u00faas comerciais contan conLeer m\u00e1is","og_url":"https:\/\/www.turismoaguarda.es\/gl\/aparcamientos\/","og_site_name":"Turismo A Guarda","article_publisher":"https:\/\/es-es.facebook.com\/Turismo-A-Guarda-126223240790625\/","article_modified_time":"2016-07-20T01:13:40+00:00","twitter_card":"summary_large_image","twitter_site":"@TurismoAGuarda","twitter_misc":{"Est. reading time":"1 minute"},"schema":{"@context":"https:\/\/schema.org","@graph":[{"@type":"WebPage","@id":"https:\/\/www.turismoaguarda.es\/gl\/aparcamientos\/","url":"https:\/\/www.turismoaguarda.es\/gl\/aparcamientos\/","name":"Aparcamentos | Turismo A Guarda","isPartOf":{"@id":"https:\/\/www.turismoaguarda.es\/#website"},"datePublished":"2016-07-20T01:09:26+00:00","dateModified":"2016-07-20T01:13:40+00:00","breadcrumb":{"@id":"https:\/\/www.turismoaguarda.es\/gl\/aparcamientos\/#breadcrumb"},"inLanguage":"gl","potentialAction":[{"@type":"ReadAction","target":["https:\/\/www.turismoaguarda.es\/gl\/aparcamientos\/"]}]},{"@type":"BreadcrumbList","@id":"https:\/\/www.turismoaguarda.es\/gl\/aparcamientos\/#breadcrumb","itemListElement":[{"@type":"ListItem","position":1,"name":"Portada","item":"https:\/\/www.turismoaguarda.es\/gl\/"},{"@type":"ListItem","position":2,"name":"Aparcamentos"}]},{"@type":"WebSite","@id":"https:\/\/www.turismoaguarda.es\/#website","url":"https:\/\/www.turismoaguarda.es\/","name":"Turismo A Guarda","description":"Informaci\u00f3n tur\u00edstica de A Guarda y alrededores.","potentialAction":[{"@type":"SearchAction","target":{"@type":"EntryPoint","urlTemplate":"https:\/\/www.turismoaguarda.es\/?s={search_term_string}"},"query-input":{"@type":"PropertyValueSpecification","valueRequired":true,"valueName":"search_term_string"}}],"inLanguage":"gl"}]}},"_links":{"self":[{"href":"https:\/\/www.turismoaguarda.es\/gl\/wp-json\/wp\/v2\/pages\/2742","targetHints":{"allow":["GET"]}}],"collection":[{"href":"https:\/\/www.turismoaguarda.es\/gl\/wp-json\/wp\/v2\/pages"}],"about":[{"href":"https:\/\/www.turismoaguarda.es\/gl\/wp-json\/wp\/v2\/types\/page"}],"author":[{"embeddable":true,"href":"https:\/\/www.turismoaguarda.es\/gl\/wp-json\/wp\/v2\/users\/4"}],"replies":[{"embeddable":true,"href":"https:\/\/www.turismoaguarda.es\/gl\/wp-json\/wp\/v2\/comments?post=2742"}],"version-history":[{"count":1,"href":"https:\/\/www.turismoaguarda.es\/gl\/wp-json\/wp\/v2\/pages\/2742\/revisions"}],"predecessor-version":[{"id":2743,"href":"https:\/\/www.turismoaguarda.es\/gl\/wp-json\/wp\/v2\/pages\/2742\/revisions\/2743"}],"wp:attachment":[{"href":"https:\/\/www.turismoaguarda.es\/gl\/wp-json\/wp\/v2\/media?parent=2742"}],"curies":[{"name":"wp","href":"https:\/\/api.w.org\/{rel}","templated":true}]}}