{"id":2293,"date":"2016-06-10T21:21:09","date_gmt":"2016-06-10T21:21:09","guid":{"rendered":"http:\/\/turismoaguarda.es\/playas-maritimas\/?lang=gl"},"modified":"2016-07-20T14:26:08","modified_gmt":"2016-07-20T14:26:08","slug":"playas-maritimas","status":"publish","type":"page","link":"https:\/\/www.turismoaguarda.es\/gl\/playas-maritimas\/","title":{"rendered":"Playas mar\u00edtimas"},"content":{"rendered":"<p>[vc_row el_id=&#8221;accesos-rapidos&#8221; el_class=&#8221;photolinks&#8221;][vc_column width=&#8221;1\/6&#8243;][vc_single_image image=&#8221;1501&#8243; img_size=&#8221;512&#215;256&#8243; onclick=&#8221;custom_link&#8221; link=&#8221;\/playas-maritimas\/#playa-area-grande&#8221;][vc_column_text]Area Grande[\/vc_column_text][\/vc_column][vc_column width=&#8221;1\/6&#8243;][vc_single_image image=&#8221;1680&#8243; img_size=&#8221;512&#215;256&#8243; onclick=&#8221;custom_link&#8221; link=&#8221;\/playas-maritimas\/#playa-fedorento&#8221;][vc_column_text]Fedorento[\/vc_column_text][\/vc_column][vc_column width=&#8221;1\/6&#8243;][vc_single_image image=&#8221;1503&#8243; img_size=&#8221;512&#215;256&#8243; onclick=&#8221;custom_link&#8221; link=&#8221;\/playas-maritimas\/#playa-o-carreiro&#8221;][vc_column_text]O Carreiro[\/vc_column_text][\/vc_column][vc_column width=&#8221;1\/6&#8243;][vc_single_image image=&#8221;1585&#8243; img_size=&#8221;512&#215;256&#8243; onclick=&#8221;custom_link&#8221; link=&#8221;\/playas-mas-informacion\/#calidad-de-las-aguas&#8221;][vc_column_text]Calidad Aguas[\/vc_column_text][\/vc_column][vc_column width=&#8221;1\/6&#8243;][vc_single_image image=&#8221;1586&#8243; img_size=&#8221;512&#215;256&#8243; onclick=&#8221;custom_link&#8221; link=&#8221;\/playas-mas-informacion\/#distinciones&#8221;][vc_column_text]Distinciones[\/vc_column_text][\/vc_column][vc_column width=&#8221;1\/6&#8243;][vc_single_image image=&#8221;1587&#8243; img_size=&#8221;512&#215;256&#8243; onclick=&#8221;custom_link&#8221; link=&#8221;\/playas-mas-informacion\/#codigo-de-conducta&#8221;][vc_column_text]Cod. Conducta[\/vc_column_text][\/vc_column][\/vc_row][vc_row el_id=&#8221;playa-area-grande&#8221;][vc_column]<div class=\"title title--underline\">\n\t\t<h3 class=\"title__primary\">Playa Area Grande<\/h3>\n<\/div>\n[vc_single_image image=&#8221;1672&#8243; img_size=&#8221;747&#215;250&#8243; alignment=&#8221;center&#8221; style=&#8221;vc_box_outline&#8221; onclick=&#8221;link_image&#8221;][vc_column_text]Playa ba\u00f1ada por el oc\u00e9ano Atl\u00e1ntico, a escasa distancia del casco urbano lo que facilita el acceso a pie a trav\u00e9s de la ruta de las Cetarias gracias a un agradable paseo de 20 minutos.<\/p>\n<ul>\n<li>Bandera Azul<\/li>\n<li>Servicio de socorrismo<\/li>\n<li>Calidad del agua excelente.<\/li>\n<li>Accesible a personas con discapacidad. Dispone de plazas de aparcamiento reservadas y aseo.<\/li>\n<li>Campa\u00f1as y actividades medio ambientales.<\/li>\n<li>Otros servicios: paneles informativos, aseo y duchas, papeleras, recogida selectiva de residuos, transporte p\u00fablico, aparcamiento a 500 metros, pensi\u00f3n y restaurante.<\/li>\n<\/ul>\n<p>[\/vc_column_text][\/vc_column][\/vc_row][vc_row el_id=&#8221;playa-fedorento&#8221;][vc_column]<div class=\"title title--underline\">\n\t\t<h3 class=\"title__primary\">Playa Fedorento<\/h3>\n<\/div>\n[vc_single_image image=&#8221;1680&#8243; img_size=&#8221;747&#215;250&#8243; alignment=&#8221;center&#8221; style=&#8221;vc_box_outline&#8221; onclick=&#8221;link_image&#8221;][vc_column_text]Playa mar\u00edtima de peque\u00f1o tama\u00f1o que se encuentra unida a la playa de Area Grande por el paseo mar\u00edtimo con un merendero.<\/p>\n<ul>\n<li>Otros servicios: ducha, papeleras, recogida selectiva de residuos y aparcamiento.<\/li>\n<\/ul>\n<p>[\/vc_column_text][\/vc_column][\/vc_row][vc_row el_id=&#8221;playa-o-carreiro&#8221;][vc_column]<div class=\"title title--underline\">\n\t\t<h3 class=\"title__primary\">Playa O Carreiro<\/h3>\n<\/div>\n[vc_column_text]\u00danica playa urbana que se encuentra en la parte exterior del puerto y de peque\u00f1as dimensiones. Comparte con las dem\u00e1s playas mar\u00edtimas la calidad de sus aguas y propiedades yodadas.<\/p>\n<ul>\n<li>Calidad del agua buena.<\/li>\n<li>Otros servicios: ducha, papeleras, recogida selectiva de residuos y aparcamiento.<\/li>\n<\/ul>\n<p>[\/vc_column_text][\/vc_column][\/vc_row]<\/p>\n","protected":false},"excerpt":{"rendered":"<p>[vc_row el_id=&#8221;accesos-rapidos&#8221; el_class=&#8221;photolinks&#8221;][vc_column width=&#8221;1\/6&#8243;][vc_single_image image=&#8221;1501&#8243; img_size=&#8221;512&#215;256&#8243; onclick=&#8221;custom_link&#8221; link=&#8221;\/playas-maritimas\/#playa-area-grande&#8221;][vc_column_text]Area Grande[\/vc_column_text][\/vc_column][vc_column width=&#8221;1\/6&#8243;][vc_single_image image=&#8221;1680&#8243; img_size=&#8221;512&#215;256&#8243; onclick=&#8221;custom_link&#8221; link=&#8221;\/playas-maritimas\/#playa-fedorento&#8221;][vc_column_text]Fedorento[\/vc_column_text][\/vc_column][vc_column width=&#8221;1\/6&#8243;][vc_single_image image=&#8221;1503&#8243; img_size=&#8221;512&#215;256&#8243; onclick=&#8221;custom_link&#8221; link=&#8221;\/playas-maritimas\/#playa-o-carreiro&#8221;][vc_column_text]O Carreiro[\/vc_column_text][\/vc_column][vc_column width=&#8221;1\/6&#8243;][vc_single_image image=&#8221;1585&#8243; img_size=&#8221;512&#215;256&#8243; onclick=&#8221;custom_link&#8221; link=&#8221;\/playas-mas-informacion\/#calidad-de-las-aguas&#8221;][vc_column_text]Calidad Aguas[\/vc_column_text][\/vc_column][vc_column width=&#8221;1\/6&#8243;][vc_single_image image=&#8221;1586&#8243; img_size=&#8221;512&#215;256&#8243; onclick=&#8221;custom_link&#8221; link=&#8221;\/playas-mas-informacion\/#distinciones&#8221;][vc_column_text]Distinciones[\/vc_column_text][\/vc_column][vc_column width=&#8221;1\/6&#8243;][vc_single_image image=&#8221;1587&#8243; img_size=&#8221;512&#215;256&#8243; onclick=&#8221;custom_link&#8221; link=&#8221;\/playas-mas-informacion\/#codigo-de-conducta&#8221;][vc_column_text]Cod. Conducta[\/vc_column_text][\/vc_column][\/vc_row][vc_row el_id=&#8221;playa-area-grande&#8221;][vc_column][vc_single_image image=&#8221;1672&#8243; img_size=&#8221;747&#215;250&#8243; alignment=&#8221;center&#8221; style=&#8221;vc_box_outline&#8221; onclick=&#8221;link_image&#8221;][vc_column_text]Playa ba\u00f1ada por el oc\u00e9ano Atl\u00e1ntico, a escasa distancia del casco urbano lo<\/p>\n<div class=\"padding-top text-center\"><a href=\"https:\/\/www.turismoaguarda.es\/gl\/playas-maritimas\/\" class=\"atbtn atbtn--medium atbtn--rounded atbtn--transparent\">Leer m\u00e1is<i class=\"atbtn__icon atbtn__icon--right fa fa-long-arrow-right\"><\/i><\/a><\/div>\n","protected":false},"author":4,"featured_media":0,"parent":0,"menu_order":0,"comment_status":"closed","ping_status":"closed","template":"template-page-with-sidebar.php","meta":{"footnotes":""},"class_list":["post-2293","page","type-page","status-publish","hentry"],"yoast_head":"<!-- This site is optimized with the Yoast SEO plugin v27.5 - https:\/\/yoast.com\/product\/yoast-seo-wordpress\/ -->\n<title>Playas mar\u00edtimas | Turismo A Guarda<\/title>\n<meta name=\"robots\" content=\"index, follow, max-snippet:-1, max-image-preview:large, max-video-preview:-1\" \/>\n<link rel=\"canonical\" href=\"https:\/\/www.turismoaguarda.es\/gl\/playas-maritimas\/\" \/>\n<meta property=\"og:locale\" content=\"en_US\" \/>\n<meta property=\"og:type\" content=\"article\" \/>\n<meta property=\"og:title\" content=\"Playas mar\u00edtimas | Turismo A Guarda\" \/>\n<meta property=\"og:description\" content=\"[vc_row el_id=&#8221;accesos-rapidos&#8221; el_class=&#8221;photolinks&#8221;][vc_column width=&#8221;1\/6&#8243;][vc_single_image image=&#8221;1501&#8243; img_size=&#8221;512&#215;256&#8243; onclick=&#8221;custom_link&#8221; link=&#8221;\/playas-maritimas\/#playa-area-grande&#8221;][vc_column_text]Area Grande[\/vc_column_text][\/vc_column][vc_column width=&#8221;1\/6&#8243;][vc_single_image image=&#8221;1680&#8243; img_size=&#8221;512&#215;256&#8243; onclick=&#8221;custom_link&#8221; link=&#8221;\/playas-maritimas\/#playa-fedorento&#8221;][vc_column_text]Fedorento[\/vc_column_text][\/vc_column][vc_column width=&#8221;1\/6&#8243;][vc_single_image image=&#8221;1503&#8243; img_size=&#8221;512&#215;256&#8243; onclick=&#8221;custom_link&#8221; link=&#8221;\/playas-maritimas\/#playa-o-carreiro&#8221;][vc_column_text]O Carreiro[\/vc_column_text][\/vc_column][vc_column width=&#8221;1\/6&#8243;][vc_single_image image=&#8221;1585&#8243; img_size=&#8221;512&#215;256&#8243; onclick=&#8221;custom_link&#8221; link=&#8221;\/playas-mas-informacion\/#calidad-de-las-aguas&#8221;][vc_column_text]Calidad Aguas[\/vc_column_text][\/vc_column][vc_column width=&#8221;1\/6&#8243;][vc_single_image image=&#8221;1586&#8243; img_size=&#8221;512&#215;256&#8243; onclick=&#8221;custom_link&#8221; link=&#8221;\/playas-mas-informacion\/#distinciones&#8221;][vc_column_text]Distinciones[\/vc_column_text][\/vc_column][vc_column width=&#8221;1\/6&#8243;][vc_single_image image=&#8221;1587&#8243; img_size=&#8221;512&#215;256&#8243; onclick=&#8221;custom_link&#8221; link=&#8221;\/playas-mas-informacion\/#codigo-de-conducta&#8221;][vc_column_text]Cod. Conducta[\/vc_column_text][\/vc_column][\/vc_row][vc_row el_id=&#8221;playa-area-grande&#8221;][vc_column][vc_single_image image=&#8221;1672&#8243; img_size=&#8221;747&#215;250&#8243; alignment=&#8221;center&#8221; style=&#8221;vc_box_outline&#8221; onclick=&#8221;link_image&#8221;][vc_column_text]Playa ba\u00f1ada por el oc\u00e9ano Atl\u00e1ntico, a escasa distancia del casco urbano loLeer m\u00e1is\" \/>\n<meta property=\"og:url\" content=\"https:\/\/www.turismoaguarda.es\/gl\/playas-maritimas\/\" \/>\n<meta property=\"og:site_name\" content=\"Turismo A Guarda\" \/>\n<meta property=\"article:publisher\" content=\"https:\/\/es-es.facebook.com\/Turismo-A-Guarda-126223240790625\/\" \/>\n<meta property=\"article:modified_time\" content=\"2016-07-20T14:26:08+00:00\" \/>\n<meta name=\"twitter:card\" content=\"summary_large_image\" \/>\n<meta name=\"twitter:site\" content=\"@TurismoAGuarda\" \/>\n<meta name=\"twitter:label1\" content=\"Est. reading time\" \/>\n\t<meta name=\"twitter:data1\" content=\"2 minutes\" \/>\n<script type=\"application\/ld+json\" class=\"yoast-schema-graph\">{\"@context\":\"https:\\\/\\\/schema.org\",\"@graph\":[{\"@type\":\"WebPage\",\"@id\":\"https:\\\/\\\/www.turismoaguarda.es\\\/gl\\\/playas-maritimas\\\/\",\"url\":\"https:\\\/\\\/www.turismoaguarda.es\\\/gl\\\/playas-maritimas\\\/\",\"name\":\"Playas mar\u00edtimas | Turismo A Guarda\",\"isPartOf\":{\"@id\":\"https:\\\/\\\/www.turismoaguarda.es\\\/#website\"},\"datePublished\":\"2016-06-10T21:21:09+00:00\",\"dateModified\":\"2016-07-20T14:26:08+00:00\",\"breadcrumb\":{\"@id\":\"https:\\\/\\\/www.turismoaguarda.es\\\/gl\\\/playas-maritimas\\\/#breadcrumb\"},\"inLanguage\":\"gl\",\"potentialAction\":[{\"@type\":\"ReadAction\",\"target\":[\"https:\\\/\\\/www.turismoaguarda.es\\\/gl\\\/playas-maritimas\\\/\"]}]},{\"@type\":\"BreadcrumbList\",\"@id\":\"https:\\\/\\\/www.turismoaguarda.es\\\/gl\\\/playas-maritimas\\\/#breadcrumb\",\"itemListElement\":[{\"@type\":\"ListItem\",\"position\":1,\"name\":\"Portada\",\"item\":\"https:\\\/\\\/www.turismoaguarda.es\\\/gl\\\/\"},{\"@type\":\"ListItem\",\"position\":2,\"name\":\"Playas mar\u00edtimas\"}]},{\"@type\":\"WebSite\",\"@id\":\"https:\\\/\\\/www.turismoaguarda.es\\\/#website\",\"url\":\"https:\\\/\\\/www.turismoaguarda.es\\\/\",\"name\":\"Turismo A Guarda\",\"description\":\"Informaci\u00f3n tur\u00edstica de A Guarda y alrededores.\",\"potentialAction\":[{\"@type\":\"SearchAction\",\"target\":{\"@type\":\"EntryPoint\",\"urlTemplate\":\"https:\\\/\\\/www.turismoaguarda.es\\\/?s={search_term_string}\"},\"query-input\":{\"@type\":\"PropertyValueSpecification\",\"valueRequired\":true,\"valueName\":\"search_term_string\"}}],\"inLanguage\":\"gl\"}]}<\/script>\n<!-- \/ Yoast SEO plugin. -->","yoast_head_json":{"title":"Playas mar\u00edtimas | Turismo A Guarda","robots":{"index":"index","follow":"follow","max-snippet":"max-snippet:-1","max-image-preview":"max-image-preview:large","max-video-preview":"max-video-preview:-1"},"canonical":"https:\/\/www.turismoaguarda.es\/gl\/playas-maritimas\/","og_locale":"en_US","og_type":"article","og_title":"Playas mar\u00edtimas | Turismo A Guarda","og_description":"[vc_row el_id=&#8221;accesos-rapidos&#8221; el_class=&#8221;photolinks&#8221;][vc_column width=&#8221;1\/6&#8243;][vc_single_image image=&#8221;1501&#8243; img_size=&#8221;512&#215;256&#8243; onclick=&#8221;custom_link&#8221; link=&#8221;\/playas-maritimas\/#playa-area-grande&#8221;][vc_column_text]Area Grande[\/vc_column_text][\/vc_column][vc_column width=&#8221;1\/6&#8243;][vc_single_image image=&#8221;1680&#8243; img_size=&#8221;512&#215;256&#8243; onclick=&#8221;custom_link&#8221; link=&#8221;\/playas-maritimas\/#playa-fedorento&#8221;][vc_column_text]Fedorento[\/vc_column_text][\/vc_column][vc_column width=&#8221;1\/6&#8243;][vc_single_image image=&#8221;1503&#8243; img_size=&#8221;512&#215;256&#8243; onclick=&#8221;custom_link&#8221; link=&#8221;\/playas-maritimas\/#playa-o-carreiro&#8221;][vc_column_text]O Carreiro[\/vc_column_text][\/vc_column][vc_column width=&#8221;1\/6&#8243;][vc_single_image image=&#8221;1585&#8243; img_size=&#8221;512&#215;256&#8243; onclick=&#8221;custom_link&#8221; link=&#8221;\/playas-mas-informacion\/#calidad-de-las-aguas&#8221;][vc_column_text]Calidad Aguas[\/vc_column_text][\/vc_column][vc_column width=&#8221;1\/6&#8243;][vc_single_image image=&#8221;1586&#8243; img_size=&#8221;512&#215;256&#8243; onclick=&#8221;custom_link&#8221; link=&#8221;\/playas-mas-informacion\/#distinciones&#8221;][vc_column_text]Distinciones[\/vc_column_text][\/vc_column][vc_column width=&#8221;1\/6&#8243;][vc_single_image image=&#8221;1587&#8243; img_size=&#8221;512&#215;256&#8243; onclick=&#8221;custom_link&#8221; link=&#8221;\/playas-mas-informacion\/#codigo-de-conducta&#8221;][vc_column_text]Cod. Conducta[\/vc_column_text][\/vc_column][\/vc_row][vc_row el_id=&#8221;playa-area-grande&#8221;][vc_column][vc_single_image image=&#8221;1672&#8243; img_size=&#8221;747&#215;250&#8243; alignment=&#8221;center&#8221; style=&#8221;vc_box_outline&#8221; onclick=&#8221;link_image&#8221;][vc_column_text]Playa ba\u00f1ada por el oc\u00e9ano Atl\u00e1ntico, a escasa distancia del casco urbano loLeer m\u00e1is","og_url":"https:\/\/www.turismoaguarda.es\/gl\/playas-maritimas\/","og_site_name":"Turismo A Guarda","article_publisher":"https:\/\/es-es.facebook.com\/Turismo-A-Guarda-126223240790625\/","article_modified_time":"2016-07-20T14:26:08+00:00","twitter_card":"summary_large_image","twitter_site":"@TurismoAGuarda","twitter_misc":{"Est. reading time":"2 minutes"},"schema":{"@context":"https:\/\/schema.org","@graph":[{"@type":"WebPage","@id":"https:\/\/www.turismoaguarda.es\/gl\/playas-maritimas\/","url":"https:\/\/www.turismoaguarda.es\/gl\/playas-maritimas\/","name":"Playas mar\u00edtimas | Turismo A Guarda","isPartOf":{"@id":"https:\/\/www.turismoaguarda.es\/#website"},"datePublished":"2016-06-10T21:21:09+00:00","dateModified":"2016-07-20T14:26:08+00:00","breadcrumb":{"@id":"https:\/\/www.turismoaguarda.es\/gl\/playas-maritimas\/#breadcrumb"},"inLanguage":"gl","potentialAction":[{"@type":"ReadAction","target":["https:\/\/www.turismoaguarda.es\/gl\/playas-maritimas\/"]}]},{"@type":"BreadcrumbList","@id":"https:\/\/www.turismoaguarda.es\/gl\/playas-maritimas\/#breadcrumb","itemListElement":[{"@type":"ListItem","position":1,"name":"Portada","item":"https:\/\/www.turismoaguarda.es\/gl\/"},{"@type":"ListItem","position":2,"name":"Playas mar\u00edtimas"}]},{"@type":"WebSite","@id":"https:\/\/www.turismoaguarda.es\/#website","url":"https:\/\/www.turismoaguarda.es\/","name":"Turismo A Guarda","description":"Informaci\u00f3n tur\u00edstica de A Guarda y alrededores.","potentialAction":[{"@type":"SearchAction","target":{"@type":"EntryPoint","urlTemplate":"https:\/\/www.turismoaguarda.es\/?s={search_term_string}"},"query-input":{"@type":"PropertyValueSpecification","valueRequired":true,"valueName":"search_term_string"}}],"inLanguage":"gl"}]}},"_links":{"self":[{"href":"https:\/\/www.turismoaguarda.es\/gl\/wp-json\/wp\/v2\/pages\/2293","targetHints":{"allow":["GET"]}}],"collection":[{"href":"https:\/\/www.turismoaguarda.es\/gl\/wp-json\/wp\/v2\/pages"}],"about":[{"href":"https:\/\/www.turismoaguarda.es\/gl\/wp-json\/wp\/v2\/types\/page"}],"author":[{"embeddable":true,"href":"https:\/\/www.turismoaguarda.es\/gl\/wp-json\/wp\/v2\/users\/4"}],"replies":[{"embeddable":true,"href":"https:\/\/www.turismoaguarda.es\/gl\/wp-json\/wp\/v2\/comments?post=2293"}],"version-history":[{"count":1,"href":"https:\/\/www.turismoaguarda.es\/gl\/wp-json\/wp\/v2\/pages\/2293\/revisions"}],"predecessor-version":[{"id":3086,"href":"https:\/\/www.turismoaguarda.es\/gl\/wp-json\/wp\/v2\/pages\/2293\/revisions\/3086"}],"wp:attachment":[{"href":"https:\/\/www.turismoaguarda.es\/gl\/wp-json\/wp\/v2\/media?parent=2293"}],"curies":[{"name":"wp","href":"https:\/\/api.w.org\/{rel}","templated":true}]}}