{"id":2283,"date":"2016-06-15T19:09:18","date_gmt":"2016-06-15T19:09:18","guid":{"rendered":"http:\/\/turismoaguarda.es\/patrimonio-civil\/?lang=gl"},"modified":"2016-07-20T14:41:59","modified_gmt":"2016-07-20T14:41:59","slug":"patrimonio-civil","status":"publish","type":"page","link":"https:\/\/www.turismoaguarda.es\/gl\/patrimonio-civil\/","title":{"rendered":"Patrimonio civil"},"content":{"rendered":"<p>[vc_row el_id=&#8221;accesos-rapidos&#8221; el_class=&#8221;photolinks hidden&#8221;][vc_column width=&#8221;1\/6&#8243;][vc_single_image image=&#8221;1592&#8243; img_size=&#8221;512&#215;256&#8243; onclick=&#8221;custom_link&#8221;][vc_column_text]titulo[\/vc_column_text][\/vc_column][vc_column width=&#8221;1\/6&#8243;][vc_single_image image=&#8221;1592&#8243; img_size=&#8221;512&#215;256&#8243; onclick=&#8221;custom_link&#8221;][vc_column_text]titulo[\/vc_column_text][\/vc_column][vc_column width=&#8221;1\/6&#8243;][vc_single_image image=&#8221;1592&#8243; img_size=&#8221;512&#215;256&#8243; onclick=&#8221;custom_link&#8221;][vc_column_text]titulo[\/vc_column_text][\/vc_column][vc_column width=&#8221;1\/6&#8243;][vc_single_image image=&#8221;1592&#8243; img_size=&#8221;512&#215;256&#8243; onclick=&#8221;custom_link&#8221;][vc_column_text]titulo[\/vc_column_text][\/vc_column][vc_column width=&#8221;1\/6&#8243;][vc_single_image image=&#8221;1592&#8243; img_size=&#8221;512&#215;256&#8243; onclick=&#8221;custom_link&#8221;][vc_column_text]titulo[\/vc_column_text][\/vc_column][vc_column width=&#8221;1\/6&#8243;][vc_single_image image=&#8221;1592&#8243; img_size=&#8221;512&#215;256&#8243; onclick=&#8221;custom_link&#8221;][vc_column_text]titulo[\/vc_column_text][\/vc_column][\/vc_row][vc_row][vc_column][vc_tta_tabs][vc_tta_section title=&#8221;Urbano&#8221; tab_id=&#8221;tab-urbano&#8221;][vc_custom_heading text=&#8221;PRAZA DO REL\u00d3&#8221; use_theme_fonts=&#8221;yes&#8221; el_class=&#8221;title title&#8211;underline&#8221;][vc_single_image image=&#8221;2067&#8243; img_size=&#8221;747&#215;250&#8243; alignment=&#8221;center&#8221; style=&#8221;vc_box_outline&#8221; onclick=&#8221;link_image&#8221;][vc_column_text]<\/p>\n<p lang=\"gl-ES\" align=\"JUSTIFY\">Os edificios m\u00e1is significativos son o actual Concello, a Torre do Rel\u00f3 e a Casa dos Alonsos. A actual da Praza do Rel\u00f3 recibiu outros nomes en funci\u00f3n da \u00e9poca e da situaci\u00f3n pol\u00edtica do momento: Praza Maior ata o s. XVI, despois praza da Constituci\u00f3n, da Rep\u00fablica e de Espa\u00f1a.<\/p>\n<p>[\/vc_column_text][vc_custom_heading text=&#8221;TORRE DO REL\u00d3<br \/>\n&#8221; font_container=&#8221;tag:h3|text_align:left&#8221; use_theme_fonts=&#8221;yes&#8221;][vc_column_text]<\/p>\n<p lang=\"gl-ES\" align=\"JUSTIFY\">Formaba parte da antiga muralla medieval e protex\u00eda un dos accesos \u00e1 vila no m\u00e1is alto do recinto. No 1570 levantouse a actual torre sobre outra primitiva. Reedificouse no 1730 por ameazar ru\u00edna a anterior substitu\u00edndose por esta data a camp\u00e1 mentres o reloxo actual, doado por Jos\u00e9 Manuel Andreini, data de 1924. No corpo da torre destacan os escudos de armas.<\/p>\n<p>[\/vc_column_text][vc_custom_heading text=&#8221;PRAZA DE SAN MARCOS&#8221; use_theme_fonts=&#8221;yes&#8221; el_class=&#8221;title title&#8211;underline&#8221;][vc_single_image image=&#8221;2068&#8243; img_size=&#8221;747&#215;250&#8243; alignment=&#8221;center&#8221; style=&#8221;vc_box_outline&#8221; onclick=&#8221;link_image&#8221;][vc_column_text]<\/p>\n<p lang=\"gl-ES\" align=\"JUSTIFY\">Esta praza at\u00f3pase entre as r\u00faas Col\u00f3n e San Marcos e o actual Xulgado de Paz. Ata o s. XIX localiz\u00e1base o Hospital de san Marcos que prestaba axuda aos pobres e peregrinos a Santiago chegados desde Portugal. Desco\u00f1\u00e9cese a data da s\u00faa fundaci\u00f3n pero si est\u00e1 documentada a s\u00faa existencia no s. XIV ao ser reedificado en edificio do hospital e a capela.<\/p>\n<p>[\/vc_column_text][vc_custom_heading text=&#8221;R\u00daA COL\u00d3N&#8221; use_theme_fonts=&#8221;yes&#8221; el_class=&#8221;title title&#8211;underline&#8221;][vc_single_image image=&#8221;2299&#8243; img_size=&#8221;747&#215;250&#8243; alignment=&#8221;center&#8221; style=&#8221;vc_box_outline&#8221; onclick=&#8221;link_image&#8221;][vc_column_text]<\/p>\n<p lang=\"gl-ES\" align=\"JUSTIFY\">Divid\u00eda en dous sectores \u00e1 cidade amurallada. No comezo e no final atop\u00e1banse as \u00fanicas portas de acceso \u00e1 vila. As escaleiras de pedra tam\u00e9n datan de tempo inmemorial e comunican a praza do Rel\u00f3 co porto.<\/p>\n<p>[\/vc_column_text][vc_custom_heading text=&#8221;R\u00daA BAIXO MURO&#8221; use_theme_fonts=&#8221;yes&#8221; el_class=&#8221;title title&#8211;underline&#8221;][vc_single_image image=&#8221;2069&#8243; img_size=&#8221;747&#215;250&#8243; alignment=&#8221;center&#8221; style=&#8221;vc_box_outline&#8221; onclick=&#8221;link_image&#8221;][vc_column_text]<\/p>\n<p lang=\"gl-ES\" align=\"JUSTIFY\">Esta r\u00faa denom\u00ednase O Muro porque aqu\u00ed se conservan parte dos lenzos da antiga muralla que defend\u00eda a poboaci\u00f3n dos ataques externos. Tam\u00e9n a r\u00faa Ireira conserva outro lenzo da muralla medieval.<\/p>\n<p>[\/vc_column_text][vc_custom_heading text=&#8221;FACHADA MAR\u00cdTIMA&#8221; use_theme_fonts=&#8221;yes&#8221; el_class=&#8221;title title&#8211;underline&#8221;][vc_single_image image=&#8221;1859&#8243; img_size=&#8221;747&#215;250&#8243; alignment=&#8221;center&#8221; style=&#8221;vc_box_outline&#8221; onclick=&#8221;link_image&#8221;][vc_column_text]<\/p>\n<p lang=\"gl-ES\" align=\"JUSTIFY\">A fachada mar\u00edtima forma parte n\u00facleo hist\u00f3rico e \u00e9 unha das estampas m\u00e1is caracter\u00edsticas da Vila. X\u00e9rase coa tipolox\u00eda das construci\u00f3ns, de arquitectura mari\u00f1eira entre medianeiras, t\u00edpica das r\u00edas baixas galegas. Esta fachada est\u00e1 englobada no barrio da mari\u00f1a e as s\u00faas edificaci\u00f3ns m\u00e1is antigas est\u00e1n situadas entre o paseo mar\u00edtimo e a r\u00faa Malteses, noutra \u00e9poca habitada exclusivamente por pescadores.<\/p>\n<p lang=\"gl-ES\" align=\"JUSTIFY\">Na actualidade o aspecto que ofrece a fachada mar\u00edtima da Garda \u00e9 dun conxunto de vivendas multicolor que dan a sensaci\u00f3n de estar apiladas unhas sobre outras e que se estende mais al\u00e1 da primeira linea de costa. Polo seu colorido e variedade de formas \u00e9 unha das paisaxes mais fotografados e que mellor identifican a vila da Guarda.<\/p>\n<p>[\/vc_column_text][vc_custom_heading text=&#8221;CASAS INDIANAS&#8221; use_theme_fonts=&#8221;yes&#8221; el_class=&#8221;title title&#8211;underline&#8221;][vc_single_image image=&#8221;1858&#8243; img_size=&#8221;747&#215;250&#8243; alignment=&#8221;center&#8221; style=&#8221;vc_box_outline&#8221; onclick=&#8221;link_image&#8221;][vc_column_text]<\/p>\n<p lang=\"gl-ES\" align=\"JUSTIFY\">Estas vivendas constru\u00edronse na segunda metade do S. XIX e comezos do XX polos emigrantes guardeses a Porto Rico, Rep\u00fablica Dominicana e Brasil.<\/p>\n<p lang=\"gl-ES\" align=\"JUSTIFY\">As vivendas indianas caracter\u00edzanse polo emprego de cantar\u00eda, azulexo e forxa. Son casas rechamantes que adoptaron as estruturas propias do pa\u00eds americano, o que lles confire unha personalidade propia. Algunhas eran de car\u00e1cter residencial como \u00e9 o caso das vilas e outras se dedicaban a negocios ou fins sociais.<\/p>\n<p lang=\"gl-ES\" align=\"JUSTIFY\">Cons\u00e9rvanse un n\u00famero importante de vivendas en todos as parroquias a\u00ednda que destaca sobre todo a r\u00faa Galicia polo elevado n\u00famero de edificaci\u00f3ns por que os emigrados retornados constru\u00edron as s\u00faas vivendas con sentido de espazos abertos creando esta importante avenida e as seguintes que a comezos do s. XX destacaba pola s\u00faa amplitude.<\/p>\n<p lang=\"gl-ES\" align=\"JUSTIFY\">A Ruta das Casas Indianas mostra unha parte das construci\u00f3ns indianas situadas no centro urbano. A ruta proposta comeza en c\u00e1lea Porto Rico onde se conservan varios exemplos de casas indianas e contin\u00faa polo centro hist\u00f3rico at\u00e9 rematar na r\u00faa Galicia, despois de pasar pola Alameda, con alg\u00fans excepcionais exemplos de vilas indianas. Seleccion\u00e1ronse doce destacadas edificaci\u00f3ns indianas nun percorrido sinxelo de menos dunha hora.<\/p>\n<p><a href=\"\/wp-content\/uploads\/2016\/06\/a-guarda-casas-indianas.pdf\">+DESCARGA A RUTA<\/a>[\/vc_column_text][\/vc_tta_section][vc_tta_section title=&#8221;Etnogr\u00e1fico&#8221; tab_id=&#8221;tab-etnografico&#8221;][vc_custom_heading text=&#8221;MU\u00cd\u00d1OS DE VENTO&#8221; use_theme_fonts=&#8221;yes&#8221; el_class=&#8221;title title&#8211;underline&#8221;][vc_single_image image=&#8221;1793&#8243; img_size=&#8221;747&#215;250&#8243; style=&#8221;vc_box_outline&#8221; onclick=&#8221;link_image&#8221;][vc_column_text]<\/p>\n<p lang=\"gl-ES\" align=\"JUSTIFY\">Na costa constru\u00edronse mu\u00ed\u00f1os de vento que foron subsistindo con moitas dificultados ao longo do XIX e chegaron alg\u00fans deles ata principios do XX, momento no que deixan de utilizarse xa que a causa das continuas avar\u00edas que sofren deixan de seren rendibles. Paseando pola Senda Litoral ou pola Ruta das Cetarias apr\u00e9cianse restos dalg\u00fans destes antigos enxe\u00f1os no barrio da Gu\u00eda, As Solanas, A Cruzada e na parroquia de Camposancos,<\/p>\n<p>[\/vc_column_text][vc_custom_heading text=&#8221;FORNOS CER\u00c1MICOS&#8221; use_theme_fonts=&#8221;yes&#8221; el_class=&#8221;title title&#8211;underline&#8221;][vc_single_image image=&#8221;1826&#8243; img_size=&#8221;747&#215;250&#8243; style=&#8221;vc_box_outline&#8221; onclick=&#8221;link_image&#8221;][vc_column_text]<\/p>\n<p lang=\"gl-ES\" align=\"JUSTIFY\">Na parroquia de Salcidos, a poucos metros do observatorio de aves da Xunqueira e do c\u00e1mping de Santa Tecla, poden ser visitados dous fornos cer\u00e1micos recentemente rehabilitados que funcionaron hata os anos 60 do s. XX. Neles coc\u00edanse ladrillos e tellas -cabacos no argot dos tecervos- destinadas \u00e1 construci\u00f3n. Foron moitos veci\u00f1os de telleiros ou cabaqueiros da parroquia de Salcidos os que emigraron na primavera e ver\u00e1n a outras partes de Galicia e de Espa\u00f1a dedic\u00e1ndose a esta actividade.<\/p>\n<p>[\/vc_column_text][vc_custom_heading text=&#8221;FONTES E LAVADOIROS&#8221; use_theme_fonts=&#8221;yes&#8221; el_class=&#8221;title title&#8211;underline&#8221;][vc_single_image image=&#8221;1827&#8243; img_size=&#8221;747&#215;250&#8243; style=&#8221;vc_box_outline&#8221; onclick=&#8221;link_image&#8221;][vc_column_text]<\/p>\n<p lang=\"es-ES\">FONTES E LAVADOIROS<\/p>\n<p lang=\"gl-ES\">Son numerosas as fontes e lavadoiros p\u00fablicos distribu\u00eddos polo tres parroquias guardesas. Entre os m\u00e1is interesantes figuran o lavadoiro e fonte da Ribeira, no Porto, reedificado en 1854; o lavadoiro e fonte da Poza no barrio do Couto na parroquia de Camposancos e o da Cal, tam\u00e9n coa s\u00faa fonte no barrio da Cruzada<\/p>\n<p>[\/vc_column_text][vc_custom_heading text=&#8221;MARCOS&#8221; use_theme_fonts=&#8221;yes&#8221; el_class=&#8221;title title&#8211;underline&#8221;][vc_single_image image=&#8221;1825&#8243; img_size=&#8221;747&#215;250&#8243; style=&#8221;vc_box_outline&#8221; onclick=&#8221;link_image&#8221;][vc_column_text]<\/p>\n<p lang=\"gl-ES\" align=\"JUSTIFY\">Na parroquia de Camposancos cons\u00e9rvanse os marcos, antigas pedras que sinalaban os l\u00edmites do primitivo coto e que ti\u00f1an marcas referentes \u00e1 s\u00faa finalidade.\u00a0A partir do s\u00e9culo XII as terras de Camposancos pertenceron ao Mosteiro de Barrantes e ao desaparecer este pasaron ao Cabildo da Catedral Tui no s. XV. Trala desamortizaci\u00f3n no s. XIX os veci\u00f1os da parroquia de Camposancos recuperaron estas terras como extensi\u00f3ns de uso comunal.\u00a0Alg\u00fans marcos desapareceron e outros a\u00ednda se conservan: o marco do Couto \u00e9 perfectamente identificable e local\u00edzase no comezo desta r\u00faa en pleno Cami\u00f1o Portugu\u00e9s da Costa.<\/p>\n<p>[\/vc_column_text][\/vc_tta_section][\/vc_tta_tabs][\/vc_column][\/vc_row][vc_row][vc_column][\/vc_column][\/vc_row]<\/p>\n","protected":false},"excerpt":{"rendered":"<p>[vc_row el_id=&#8221;accesos-rapidos&#8221; el_class=&#8221;photolinks hidden&#8221;][vc_column width=&#8221;1\/6&#8243;][vc_single_image image=&#8221;1592&#8243; img_size=&#8221;512&#215;256&#8243; onclick=&#8221;custom_link&#8221;][vc_column_text]titulo[\/vc_column_text][\/vc_column][vc_column width=&#8221;1\/6&#8243;][vc_single_image image=&#8221;1592&#8243; img_size=&#8221;512&#215;256&#8243; onclick=&#8221;custom_link&#8221;][vc_column_text]titulo[\/vc_column_text][\/vc_column][vc_column width=&#8221;1\/6&#8243;][vc_single_image image=&#8221;1592&#8243; img_size=&#8221;512&#215;256&#8243; onclick=&#8221;custom_link&#8221;][vc_column_text]titulo[\/vc_column_text][\/vc_column][vc_column width=&#8221;1\/6&#8243;][vc_single_image image=&#8221;1592&#8243; img_size=&#8221;512&#215;256&#8243; onclick=&#8221;custom_link&#8221;][vc_column_text]titulo[\/vc_column_text][\/vc_column][vc_column width=&#8221;1\/6&#8243;][vc_single_image image=&#8221;1592&#8243; img_size=&#8221;512&#215;256&#8243; onclick=&#8221;custom_link&#8221;][vc_column_text]titulo[\/vc_column_text][\/vc_column][vc_column width=&#8221;1\/6&#8243;][vc_single_image image=&#8221;1592&#8243; img_size=&#8221;512&#215;256&#8243; onclick=&#8221;custom_link&#8221;][vc_column_text]titulo[\/vc_column_text][\/vc_column][\/vc_row][vc_row][vc_column][vc_tta_tabs][vc_tta_section title=&#8221;Urbano&#8221; tab_id=&#8221;tab-urbano&#8221;][vc_custom_heading text=&#8221;PRAZA DO REL\u00d3&#8221; use_theme_fonts=&#8221;yes&#8221; el_class=&#8221;title title&#8211;underline&#8221;][vc_single_image image=&#8221;2067&#8243; img_size=&#8221;747&#215;250&#8243; alignment=&#8221;center&#8221; style=&#8221;vc_box_outline&#8221; onclick=&#8221;link_image&#8221;][vc_column_text] Os edificios m\u00e1is significativos son o actual Concello, a Torre do Rel\u00f3 e a<\/p>\n<div class=\"padding-top text-center\"><a href=\"https:\/\/www.turismoaguarda.es\/gl\/patrimonio-civil\/\" class=\"atbtn atbtn--medium atbtn--rounded atbtn--transparent\">Leer m\u00e1is<i class=\"atbtn__icon atbtn__icon--right fa fa-long-arrow-right\"><\/i><\/a><\/div>\n","protected":false},"author":4,"featured_media":0,"parent":0,"menu_order":0,"comment_status":"closed","ping_status":"closed","template":"template-page-with-sidebar.php","meta":{"footnotes":""},"class_list":["post-2283","page","type-page","status-publish","hentry"],"yoast_head":"<!-- This site is optimized with the Yoast SEO plugin v27.5 - https:\/\/yoast.com\/product\/yoast-seo-wordpress\/ -->\n<title>Patrimonio civil | Turismo A Guarda<\/title>\n<meta name=\"robots\" content=\"index, follow, max-snippet:-1, max-image-preview:large, max-video-preview:-1\" \/>\n<link rel=\"canonical\" href=\"https:\/\/www.turismoaguarda.es\/gl\/patrimonio-civil\/\" \/>\n<meta property=\"og:locale\" content=\"en_US\" \/>\n<meta property=\"og:type\" content=\"article\" \/>\n<meta property=\"og:title\" content=\"Patrimonio civil | Turismo A Guarda\" \/>\n<meta property=\"og:description\" content=\"[vc_row el_id=&#8221;accesos-rapidos&#8221; el_class=&#8221;photolinks hidden&#8221;][vc_column width=&#8221;1\/6&#8243;][vc_single_image image=&#8221;1592&#8243; img_size=&#8221;512&#215;256&#8243; onclick=&#8221;custom_link&#8221;][vc_column_text]titulo[\/vc_column_text][\/vc_column][vc_column width=&#8221;1\/6&#8243;][vc_single_image image=&#8221;1592&#8243; img_size=&#8221;512&#215;256&#8243; onclick=&#8221;custom_link&#8221;][vc_column_text]titulo[\/vc_column_text][\/vc_column][vc_column width=&#8221;1\/6&#8243;][vc_single_image image=&#8221;1592&#8243; img_size=&#8221;512&#215;256&#8243; onclick=&#8221;custom_link&#8221;][vc_column_text]titulo[\/vc_column_text][\/vc_column][vc_column width=&#8221;1\/6&#8243;][vc_single_image image=&#8221;1592&#8243; img_size=&#8221;512&#215;256&#8243; onclick=&#8221;custom_link&#8221;][vc_column_text]titulo[\/vc_column_text][\/vc_column][vc_column width=&#8221;1\/6&#8243;][vc_single_image image=&#8221;1592&#8243; img_size=&#8221;512&#215;256&#8243; onclick=&#8221;custom_link&#8221;][vc_column_text]titulo[\/vc_column_text][\/vc_column][vc_column width=&#8221;1\/6&#8243;][vc_single_image image=&#8221;1592&#8243; img_size=&#8221;512&#215;256&#8243; onclick=&#8221;custom_link&#8221;][vc_column_text]titulo[\/vc_column_text][\/vc_column][\/vc_row][vc_row][vc_column][vc_tta_tabs][vc_tta_section title=&#8221;Urbano&#8221; tab_id=&#8221;tab-urbano&#8221;][vc_custom_heading text=&#8221;PRAZA DO REL\u00d3&#8221; use_theme_fonts=&#8221;yes&#8221; el_class=&#8221;title title&#8211;underline&#8221;][vc_single_image image=&#8221;2067&#8243; img_size=&#8221;747&#215;250&#8243; alignment=&#8221;center&#8221; style=&#8221;vc_box_outline&#8221; onclick=&#8221;link_image&#8221;][vc_column_text] Os edificios m\u00e1is significativos son o actual Concello, a Torre do Rel\u00f3 e aLeer m\u00e1is\" \/>\n<meta property=\"og:url\" content=\"https:\/\/www.turismoaguarda.es\/gl\/patrimonio-civil\/\" \/>\n<meta property=\"og:site_name\" content=\"Turismo A Guarda\" \/>\n<meta property=\"article:publisher\" content=\"https:\/\/es-es.facebook.com\/Turismo-A-Guarda-126223240790625\/\" \/>\n<meta property=\"article:modified_time\" content=\"2016-07-20T14:41:59+00:00\" \/>\n<meta name=\"twitter:card\" content=\"summary_large_image\" \/>\n<meta name=\"twitter:site\" content=\"@TurismoAGuarda\" \/>\n<meta name=\"twitter:label1\" content=\"Est. reading time\" \/>\n\t<meta name=\"twitter:data1\" content=\"8 minutes\" \/>\n<script type=\"application\/ld+json\" class=\"yoast-schema-graph\">{\"@context\":\"https:\\\/\\\/schema.org\",\"@graph\":[{\"@type\":\"WebPage\",\"@id\":\"https:\\\/\\\/www.turismoaguarda.es\\\/gl\\\/patrimonio-civil\\\/\",\"url\":\"https:\\\/\\\/www.turismoaguarda.es\\\/gl\\\/patrimonio-civil\\\/\",\"name\":\"Patrimonio civil | Turismo A Guarda\",\"isPartOf\":{\"@id\":\"https:\\\/\\\/www.turismoaguarda.es\\\/#website\"},\"datePublished\":\"2016-06-15T19:09:18+00:00\",\"dateModified\":\"2016-07-20T14:41:59+00:00\",\"breadcrumb\":{\"@id\":\"https:\\\/\\\/www.turismoaguarda.es\\\/gl\\\/patrimonio-civil\\\/#breadcrumb\"},\"inLanguage\":\"gl\",\"potentialAction\":[{\"@type\":\"ReadAction\",\"target\":[\"https:\\\/\\\/www.turismoaguarda.es\\\/gl\\\/patrimonio-civil\\\/\"]}]},{\"@type\":\"BreadcrumbList\",\"@id\":\"https:\\\/\\\/www.turismoaguarda.es\\\/gl\\\/patrimonio-civil\\\/#breadcrumb\",\"itemListElement\":[{\"@type\":\"ListItem\",\"position\":1,\"name\":\"Portada\",\"item\":\"https:\\\/\\\/www.turismoaguarda.es\\\/gl\\\/\"},{\"@type\":\"ListItem\",\"position\":2,\"name\":\"Patrimonio civil\"}]},{\"@type\":\"WebSite\",\"@id\":\"https:\\\/\\\/www.turismoaguarda.es\\\/#website\",\"url\":\"https:\\\/\\\/www.turismoaguarda.es\\\/\",\"name\":\"Turismo A Guarda\",\"description\":\"Informaci\u00f3n tur\u00edstica de A Guarda y alrededores.\",\"potentialAction\":[{\"@type\":\"SearchAction\",\"target\":{\"@type\":\"EntryPoint\",\"urlTemplate\":\"https:\\\/\\\/www.turismoaguarda.es\\\/?s={search_term_string}\"},\"query-input\":{\"@type\":\"PropertyValueSpecification\",\"valueRequired\":true,\"valueName\":\"search_term_string\"}}],\"inLanguage\":\"gl\"}]}<\/script>\n<!-- \/ Yoast SEO plugin. -->","yoast_head_json":{"title":"Patrimonio civil | Turismo A Guarda","robots":{"index":"index","follow":"follow","max-snippet":"max-snippet:-1","max-image-preview":"max-image-preview:large","max-video-preview":"max-video-preview:-1"},"canonical":"https:\/\/www.turismoaguarda.es\/gl\/patrimonio-civil\/","og_locale":"en_US","og_type":"article","og_title":"Patrimonio civil | Turismo A Guarda","og_description":"[vc_row el_id=&#8221;accesos-rapidos&#8221; el_class=&#8221;photolinks hidden&#8221;][vc_column width=&#8221;1\/6&#8243;][vc_single_image image=&#8221;1592&#8243; img_size=&#8221;512&#215;256&#8243; onclick=&#8221;custom_link&#8221;][vc_column_text]titulo[\/vc_column_text][\/vc_column][vc_column width=&#8221;1\/6&#8243;][vc_single_image image=&#8221;1592&#8243; img_size=&#8221;512&#215;256&#8243; onclick=&#8221;custom_link&#8221;][vc_column_text]titulo[\/vc_column_text][\/vc_column][vc_column width=&#8221;1\/6&#8243;][vc_single_image image=&#8221;1592&#8243; img_size=&#8221;512&#215;256&#8243; onclick=&#8221;custom_link&#8221;][vc_column_text]titulo[\/vc_column_text][\/vc_column][vc_column width=&#8221;1\/6&#8243;][vc_single_image image=&#8221;1592&#8243; img_size=&#8221;512&#215;256&#8243; onclick=&#8221;custom_link&#8221;][vc_column_text]titulo[\/vc_column_text][\/vc_column][vc_column width=&#8221;1\/6&#8243;][vc_single_image image=&#8221;1592&#8243; img_size=&#8221;512&#215;256&#8243; onclick=&#8221;custom_link&#8221;][vc_column_text]titulo[\/vc_column_text][\/vc_column][vc_column width=&#8221;1\/6&#8243;][vc_single_image image=&#8221;1592&#8243; img_size=&#8221;512&#215;256&#8243; onclick=&#8221;custom_link&#8221;][vc_column_text]titulo[\/vc_column_text][\/vc_column][\/vc_row][vc_row][vc_column][vc_tta_tabs][vc_tta_section title=&#8221;Urbano&#8221; tab_id=&#8221;tab-urbano&#8221;][vc_custom_heading text=&#8221;PRAZA DO REL\u00d3&#8221; use_theme_fonts=&#8221;yes&#8221; el_class=&#8221;title title&#8211;underline&#8221;][vc_single_image image=&#8221;2067&#8243; img_size=&#8221;747&#215;250&#8243; alignment=&#8221;center&#8221; style=&#8221;vc_box_outline&#8221; onclick=&#8221;link_image&#8221;][vc_column_text] Os edificios m\u00e1is significativos son o actual Concello, a Torre do Rel\u00f3 e aLeer m\u00e1is","og_url":"https:\/\/www.turismoaguarda.es\/gl\/patrimonio-civil\/","og_site_name":"Turismo A Guarda","article_publisher":"https:\/\/es-es.facebook.com\/Turismo-A-Guarda-126223240790625\/","article_modified_time":"2016-07-20T14:41:59+00:00","twitter_card":"summary_large_image","twitter_site":"@TurismoAGuarda","twitter_misc":{"Est. reading time":"8 minutes"},"schema":{"@context":"https:\/\/schema.org","@graph":[{"@type":"WebPage","@id":"https:\/\/www.turismoaguarda.es\/gl\/patrimonio-civil\/","url":"https:\/\/www.turismoaguarda.es\/gl\/patrimonio-civil\/","name":"Patrimonio civil | Turismo A Guarda","isPartOf":{"@id":"https:\/\/www.turismoaguarda.es\/#website"},"datePublished":"2016-06-15T19:09:18+00:00","dateModified":"2016-07-20T14:41:59+00:00","breadcrumb":{"@id":"https:\/\/www.turismoaguarda.es\/gl\/patrimonio-civil\/#breadcrumb"},"inLanguage":"gl","potentialAction":[{"@type":"ReadAction","target":["https:\/\/www.turismoaguarda.es\/gl\/patrimonio-civil\/"]}]},{"@type":"BreadcrumbList","@id":"https:\/\/www.turismoaguarda.es\/gl\/patrimonio-civil\/#breadcrumb","itemListElement":[{"@type":"ListItem","position":1,"name":"Portada","item":"https:\/\/www.turismoaguarda.es\/gl\/"},{"@type":"ListItem","position":2,"name":"Patrimonio civil"}]},{"@type":"WebSite","@id":"https:\/\/www.turismoaguarda.es\/#website","url":"https:\/\/www.turismoaguarda.es\/","name":"Turismo A Guarda","description":"Informaci\u00f3n tur\u00edstica de A Guarda y alrededores.","potentialAction":[{"@type":"SearchAction","target":{"@type":"EntryPoint","urlTemplate":"https:\/\/www.turismoaguarda.es\/?s={search_term_string}"},"query-input":{"@type":"PropertyValueSpecification","valueRequired":true,"valueName":"search_term_string"}}],"inLanguage":"gl"}]}},"_links":{"self":[{"href":"https:\/\/www.turismoaguarda.es\/gl\/wp-json\/wp\/v2\/pages\/2283","targetHints":{"allow":["GET"]}}],"collection":[{"href":"https:\/\/www.turismoaguarda.es\/gl\/wp-json\/wp\/v2\/pages"}],"about":[{"href":"https:\/\/www.turismoaguarda.es\/gl\/wp-json\/wp\/v2\/types\/page"}],"author":[{"embeddable":true,"href":"https:\/\/www.turismoaguarda.es\/gl\/wp-json\/wp\/v2\/users\/4"}],"replies":[{"embeddable":true,"href":"https:\/\/www.turismoaguarda.es\/gl\/wp-json\/wp\/v2\/comments?post=2283"}],"version-history":[{"count":5,"href":"https:\/\/www.turismoaguarda.es\/gl\/wp-json\/wp\/v2\/pages\/2283\/revisions"}],"predecessor-version":[{"id":2399,"href":"https:\/\/www.turismoaguarda.es\/gl\/wp-json\/wp\/v2\/pages\/2283\/revisions\/2399"}],"wp:attachment":[{"href":"https:\/\/www.turismoaguarda.es\/gl\/wp-json\/wp\/v2\/media?parent=2283"}],"curies":[{"name":"wp","href":"https:\/\/api.w.org\/{rel}","templated":true}]}}