{"id":2275,"date":"2016-07-04T07:19:10","date_gmt":"2016-07-04T07:19:10","guid":{"rendered":"http:\/\/turismoaguarda.es\/patrimonio-fortificado\/?lang=gl"},"modified":"2016-07-20T14:42:11","modified_gmt":"2016-07-20T14:42:11","slug":"patrimonio-fortificado","status":"publish","type":"page","link":"https:\/\/www.turismoaguarda.es\/gl\/patrimonio-fortificado\/","title":{"rendered":"Patrimonio fortificado"},"content":{"rendered":"<p>[vc_row][vc_column][vc_custom_heading text=&#8221;CASTELO DE SANTA CRUZ&#8221; use_theme_fonts=&#8221;yes&#8221; el_class=&#8221;title title&#8211;underline&#8221;][vc_single_image image=&#8221;2075&#8243; img_size=&#8221;747&#215;250&#8243; style=&#8221;vc_box_outline&#8221; onclick=&#8221;link_image&#8221;][vc_column_text]<\/p>\n<p lang=\"gl-ES\" align=\"JUSTIFY\">O Castelo de Santa Cruz forma parte das fortalezas e sistemas defensivos que se constru\u00edron no tramo final do r\u00edo Mi\u00f1o durante a Guerra de Independencia no s. XVII entre Espa\u00f1a e Portugal. A fortaleza, co\u00f1ecida popularmente como Castelo, constru\u00eduse ao redor de 1664 e para acelerar a s\u00faa construci\u00f3n utilizouse pedra da muralla medieval que rodeaba a vila. A planta \u00e9 de pol\u00edgono irregular, con catro baluartes que sobresaen da muralla. Nos baluartes local\u00edzanse as garitas ben labradas en pedra.<\/p>\n<p lang=\"gl-ES\" align=\"JUSTIFY\">No patio de armas hab\u00eda capela, casa para o gobernador, cuartel para as tropas, cortes, almac\u00e9ns, polvoreira, carnicer\u00eda, etc; instalaci\u00f3ns detalladas nos planos da \u00e9poca e que se conservan a\u00ednda que non permanezan restos das mesmas.<\/p>\n<p><a href=\"http:\/\/turismoaguarda.es\/castillo-de-santa-cruz\/?lang=gl\">+informaci\u00f3n<\/a>[\/vc_column_text][\/vc_column][\/vc_row][vc_row][vc_column][vc_custom_heading text=&#8221;ATALAIA&#8221; use_theme_fonts=&#8221;yes&#8221; el_class=&#8221;title title&#8211;underline&#8221;][vc_single_image image=&#8221;2074&#8243; img_size=&#8221;747&#215;250&#8243; style=&#8221;vc_box_outline&#8221; onclick=&#8221;link_image&#8221;][vc_column_text]<\/p>\n<p lang=\"gl-ES\" align=\"JUSTIFY\">O edificio actual \u00e9 unha r\u00e9plica reconstru\u00edda en 1997 da fortaleza defensiva de planta circular existente no Porto e que foi derrubada en 1945 para facilitar a extensi\u00f3n das grandes redes utilizadas polos barcos de pesca e para aproveitar a pedra na construci\u00f3n do dique. Cando os portugueses toman o Castelo de Santa Cruz (1665-1668) no transcurso da guerra da Independencia, ocupan tam\u00e9n a atalaia e posiblemente ref\u00f3rmena. Serviu igualmente como elemento de defensa ante os ataques piratas.<\/p>\n<p><a href=\"http:\/\/turismoaguarda.es\/museo-del-mar\/?lang=gl\">+ informaci\u00f3n<\/a>[\/vc_column_text][\/vc_column][\/vc_row][vc_row][vc_column][vc_custom_heading text=&#8221;MURALLA MEDIEVAL&#8221; use_theme_fonts=&#8221;yes&#8221; el_class=&#8221;title title&#8211;underline&#8221;][vc_single_image image=&#8221;2076&#8243; img_size=&#8221;747&#215;250&#8243; style=&#8221;vc_box_outline&#8221; onclick=&#8221;link_image&#8221;][vc_column_text]<\/p>\n<p lang=\"gl-ES\" align=\"JUSTIFY\">Son escasas as referencias e documentos referidos \u00e1 antiga muralla, posiblemente medieval, da que a\u00ednda se conservan tramos fisicamente descontinuos na r\u00faa da Ireira e na do Muro. \u00c1vila e La Cueva, no s\u00e9culo XIX descr\u00edbea como muralla de reducido tama\u00f1o, sen ning\u00fan templo, con poucos veci\u00f1os no seu interior, de forma circular e non moi forte. No seu interior quedaba o antigo Hospital de Pobres mentres que o actual Concello quedaba f\u00f3ra da mesma. Constaba de d\u00faas portas, unha xunto \u00e1s casas do Concello na actual Praza e outra nas escaleiras que baixan cara ao convento de san Benito.<\/p>\n<p>[\/vc_column_text][\/vc_column][\/vc_row]<\/p>\n","protected":false},"excerpt":{"rendered":"<p>[vc_row][vc_column][vc_custom_heading text=&#8221;CASTELO DE SANTA CRUZ&#8221; use_theme_fonts=&#8221;yes&#8221; el_class=&#8221;title title&#8211;underline&#8221;][vc_single_image image=&#8221;2075&#8243; img_size=&#8221;747&#215;250&#8243; style=&#8221;vc_box_outline&#8221; onclick=&#8221;link_image&#8221;][vc_column_text] O Castelo de Santa Cruz forma parte das fortalezas e sistemas defensivos que se constru\u00edron no tramo final do r\u00edo Mi\u00f1o durante a Guerra de Independencia no s. XVII entre Espa\u00f1a e Portugal. A fortaleza, co\u00f1ecida popularmente como Castelo, constru\u00eduse ao redor de<\/p>\n<div class=\"padding-top text-center\"><a href=\"https:\/\/www.turismoaguarda.es\/gl\/patrimonio-fortificado\/\" class=\"atbtn atbtn--medium atbtn--rounded atbtn--transparent\">Leer m\u00e1is<i class=\"atbtn__icon atbtn__icon--right fa fa-long-arrow-right\"><\/i><\/a><\/div>\n","protected":false},"author":4,"featured_media":0,"parent":0,"menu_order":0,"comment_status":"closed","ping_status":"closed","template":"template-page-with-sidebar.php","meta":{"footnotes":""},"class_list":["post-2275","page","type-page","status-publish","hentry"],"yoast_head":"<!-- This site is optimized with the Yoast SEO plugin v27.4 - https:\/\/yoast.com\/product\/yoast-seo-wordpress\/ -->\n<title>Patrimonio fortificado | Turismo A Guarda<\/title>\n<meta name=\"robots\" content=\"index, follow, max-snippet:-1, max-image-preview:large, max-video-preview:-1\" \/>\n<link rel=\"canonical\" href=\"https:\/\/www.turismoaguarda.es\/gl\/patrimonio-fortificado\/\" \/>\n<meta property=\"og:locale\" content=\"en_US\" \/>\n<meta property=\"og:type\" content=\"article\" \/>\n<meta property=\"og:title\" content=\"Patrimonio fortificado | Turismo A Guarda\" \/>\n<meta property=\"og:description\" content=\"[vc_row][vc_column][vc_custom_heading text=&#8221;CASTELO DE SANTA CRUZ&#8221; use_theme_fonts=&#8221;yes&#8221; el_class=&#8221;title title&#8211;underline&#8221;][vc_single_image image=&#8221;2075&#8243; img_size=&#8221;747&#215;250&#8243; style=&#8221;vc_box_outline&#8221; onclick=&#8221;link_image&#8221;][vc_column_text] O Castelo de Santa Cruz forma parte das fortalezas e sistemas defensivos que se constru\u00edron no tramo final do r\u00edo Mi\u00f1o durante a Guerra de Independencia no s. XVII entre Espa\u00f1a e Portugal. A fortaleza, co\u00f1ecida popularmente como Castelo, constru\u00eduse ao redor deLeer m\u00e1is\" \/>\n<meta property=\"og:url\" content=\"https:\/\/www.turismoaguarda.es\/gl\/patrimonio-fortificado\/\" \/>\n<meta property=\"og:site_name\" content=\"Turismo A Guarda\" \/>\n<meta property=\"article:publisher\" content=\"https:\/\/es-es.facebook.com\/Turismo-A-Guarda-126223240790625\/\" \/>\n<meta property=\"article:modified_time\" content=\"2016-07-20T14:42:11+00:00\" \/>\n<meta name=\"twitter:card\" content=\"summary_large_image\" \/>\n<meta name=\"twitter:site\" content=\"@TurismoAGuarda\" \/>\n<meta name=\"twitter:label1\" content=\"Est. reading time\" \/>\n\t<meta name=\"twitter:data1\" content=\"2 minutes\" \/>\n<script type=\"application\/ld+json\" class=\"yoast-schema-graph\">{\"@context\":\"https:\\\/\\\/schema.org\",\"@graph\":[{\"@type\":\"WebPage\",\"@id\":\"https:\\\/\\\/www.turismoaguarda.es\\\/gl\\\/patrimonio-fortificado\\\/\",\"url\":\"https:\\\/\\\/www.turismoaguarda.es\\\/gl\\\/patrimonio-fortificado\\\/\",\"name\":\"Patrimonio fortificado | Turismo A Guarda\",\"isPartOf\":{\"@id\":\"https:\\\/\\\/www.turismoaguarda.es\\\/#website\"},\"datePublished\":\"2016-07-04T07:19:10+00:00\",\"dateModified\":\"2016-07-20T14:42:11+00:00\",\"breadcrumb\":{\"@id\":\"https:\\\/\\\/www.turismoaguarda.es\\\/gl\\\/patrimonio-fortificado\\\/#breadcrumb\"},\"inLanguage\":\"gl\",\"potentialAction\":[{\"@type\":\"ReadAction\",\"target\":[\"https:\\\/\\\/www.turismoaguarda.es\\\/gl\\\/patrimonio-fortificado\\\/\"]}]},{\"@type\":\"BreadcrumbList\",\"@id\":\"https:\\\/\\\/www.turismoaguarda.es\\\/gl\\\/patrimonio-fortificado\\\/#breadcrumb\",\"itemListElement\":[{\"@type\":\"ListItem\",\"position\":1,\"name\":\"Portada\",\"item\":\"https:\\\/\\\/www.turismoaguarda.es\\\/gl\\\/\"},{\"@type\":\"ListItem\",\"position\":2,\"name\":\"Patrimonio fortificado\"}]},{\"@type\":\"WebSite\",\"@id\":\"https:\\\/\\\/www.turismoaguarda.es\\\/#website\",\"url\":\"https:\\\/\\\/www.turismoaguarda.es\\\/\",\"name\":\"Turismo A Guarda\",\"description\":\"Informaci\u00f3n tur\u00edstica de A Guarda y alrededores.\",\"potentialAction\":[{\"@type\":\"SearchAction\",\"target\":{\"@type\":\"EntryPoint\",\"urlTemplate\":\"https:\\\/\\\/www.turismoaguarda.es\\\/?s={search_term_string}\"},\"query-input\":{\"@type\":\"PropertyValueSpecification\",\"valueRequired\":true,\"valueName\":\"search_term_string\"}}],\"inLanguage\":\"gl\"}]}<\/script>\n<!-- \/ Yoast SEO plugin. -->","yoast_head_json":{"title":"Patrimonio fortificado | Turismo A Guarda","robots":{"index":"index","follow":"follow","max-snippet":"max-snippet:-1","max-image-preview":"max-image-preview:large","max-video-preview":"max-video-preview:-1"},"canonical":"https:\/\/www.turismoaguarda.es\/gl\/patrimonio-fortificado\/","og_locale":"en_US","og_type":"article","og_title":"Patrimonio fortificado | Turismo A Guarda","og_description":"[vc_row][vc_column][vc_custom_heading text=&#8221;CASTELO DE SANTA CRUZ&#8221; use_theme_fonts=&#8221;yes&#8221; el_class=&#8221;title title&#8211;underline&#8221;][vc_single_image image=&#8221;2075&#8243; img_size=&#8221;747&#215;250&#8243; style=&#8221;vc_box_outline&#8221; onclick=&#8221;link_image&#8221;][vc_column_text] O Castelo de Santa Cruz forma parte das fortalezas e sistemas defensivos que se constru\u00edron no tramo final do r\u00edo Mi\u00f1o durante a Guerra de Independencia no s. XVII entre Espa\u00f1a e Portugal. A fortaleza, co\u00f1ecida popularmente como Castelo, constru\u00eduse ao redor deLeer m\u00e1is","og_url":"https:\/\/www.turismoaguarda.es\/gl\/patrimonio-fortificado\/","og_site_name":"Turismo A Guarda","article_publisher":"https:\/\/es-es.facebook.com\/Turismo-A-Guarda-126223240790625\/","article_modified_time":"2016-07-20T14:42:11+00:00","twitter_card":"summary_large_image","twitter_site":"@TurismoAGuarda","twitter_misc":{"Est. reading time":"2 minutes"},"schema":{"@context":"https:\/\/schema.org","@graph":[{"@type":"WebPage","@id":"https:\/\/www.turismoaguarda.es\/gl\/patrimonio-fortificado\/","url":"https:\/\/www.turismoaguarda.es\/gl\/patrimonio-fortificado\/","name":"Patrimonio fortificado | Turismo A Guarda","isPartOf":{"@id":"https:\/\/www.turismoaguarda.es\/#website"},"datePublished":"2016-07-04T07:19:10+00:00","dateModified":"2016-07-20T14:42:11+00:00","breadcrumb":{"@id":"https:\/\/www.turismoaguarda.es\/gl\/patrimonio-fortificado\/#breadcrumb"},"inLanguage":"gl","potentialAction":[{"@type":"ReadAction","target":["https:\/\/www.turismoaguarda.es\/gl\/patrimonio-fortificado\/"]}]},{"@type":"BreadcrumbList","@id":"https:\/\/www.turismoaguarda.es\/gl\/patrimonio-fortificado\/#breadcrumb","itemListElement":[{"@type":"ListItem","position":1,"name":"Portada","item":"https:\/\/www.turismoaguarda.es\/gl\/"},{"@type":"ListItem","position":2,"name":"Patrimonio fortificado"}]},{"@type":"WebSite","@id":"https:\/\/www.turismoaguarda.es\/#website","url":"https:\/\/www.turismoaguarda.es\/","name":"Turismo A Guarda","description":"Informaci\u00f3n tur\u00edstica de A Guarda y alrededores.","potentialAction":[{"@type":"SearchAction","target":{"@type":"EntryPoint","urlTemplate":"https:\/\/www.turismoaguarda.es\/?s={search_term_string}"},"query-input":{"@type":"PropertyValueSpecification","valueRequired":true,"valueName":"search_term_string"}}],"inLanguage":"gl"}]}},"_links":{"self":[{"href":"https:\/\/www.turismoaguarda.es\/gl\/wp-json\/wp\/v2\/pages\/2275","targetHints":{"allow":["GET"]}}],"collection":[{"href":"https:\/\/www.turismoaguarda.es\/gl\/wp-json\/wp\/v2\/pages"}],"about":[{"href":"https:\/\/www.turismoaguarda.es\/gl\/wp-json\/wp\/v2\/types\/page"}],"author":[{"embeddable":true,"href":"https:\/\/www.turismoaguarda.es\/gl\/wp-json\/wp\/v2\/users\/4"}],"replies":[{"embeddable":true,"href":"https:\/\/www.turismoaguarda.es\/gl\/wp-json\/wp\/v2\/comments?post=2275"}],"version-history":[{"count":3,"href":"https:\/\/www.turismoaguarda.es\/gl\/wp-json\/wp\/v2\/pages\/2275\/revisions"}],"predecessor-version":[{"id":2402,"href":"https:\/\/www.turismoaguarda.es\/gl\/wp-json\/wp\/v2\/pages\/2275\/revisions\/2402"}],"wp:attachment":[{"href":"https:\/\/www.turismoaguarda.es\/gl\/wp-json\/wp\/v2\/media?parent=2275"}],"curies":[{"name":"wp","href":"https:\/\/api.w.org\/{rel}","templated":true}]}}