{"id":2271,"date":"2015-07-23T10:30:07","date_gmt":"2015-07-23T10:30:07","guid":{"rendered":"http:\/\/turismoaguarda.es\/inicio\/?lang=gl"},"modified":"2024-12-03T22:37:19","modified_gmt":"2024-12-03T21:37:19","slug":"inicio","status":"publish","type":"page","link":"https:\/\/www.turismoaguarda.es\/gl\/","title":{"rendered":"Inicio"},"content":{"rendered":"<p>[vc_row css=&#8221;.vc_custom_1529454441792{padding-top: 0px !important;padding-bottom: 0px !important;}&#8221;][vc_column width=&#8221;1\/3&#8243;][vc_btn title=&#8221;5 plans para descubrir A Guarda&#8221; color=&#8221;default&#8221; align=&#8221;center&#8221; i_icon_fontawesome=&#8221;fa fa-calendar&#8221; link=&#8221;url:%2Fgl%2F5-plans-para-descubrir-a-guarda%2F||&#8221; el_class=&#8221;subbanner&#8221; css=&#8221;.vc_custom_1618489869612{margin-bottom: 0px !important;}&#8221; button_block=&#8221;true&#8221; add_icon=&#8221;true&#8221;][vc_btn title=&#8221;Axenda&#8221; color=&#8221;default&#8221; align=&#8221;center&#8221; i_icon_fontawesome=&#8221;fa fa-calendar&#8221; link=&#8221;url:%2Fevents%2F|title:21%2F01%2F2021%20Actualizado%20listado%20da%20Campa%C3%B1a%20Consume%20Local|&#8221; el_class=&#8221;subbanner hidden&#8221; css=&#8221;.vc_custom_1618489388346{margin-bottom: 0px !important;}&#8221; button_block=&#8221;true&#8221; add_icon=&#8221;true&#8221;][\/vc_column][vc_column width=&#8221;1\/3&#8243;][vc_btn title=&#8221;Info para hostalar\u00eda&#8221; color=&#8221;green&#8221; align=&#8221;center&#8221; i_icon_fontawesome=&#8221;fa fa-info&#8221; link=&#8221;url:https%3A%2F%2Fwww.turismoaguarda.es%2Fgl%2Fhostaleria%2F|title:Novas%20Hostaler%C3%ADa|&#8221; el_class=&#8221;subbanner&#8221; css=&#8221;.vc_custom_1611231292091{margin-bottom: 0px !important;}&#8221; button_block=&#8221;true&#8221; add_icon=&#8221;true&#8221;][\/vc_column][vc_column width=&#8221;1\/3&#8243;][vc_btn title=&#8221;C\u00f3mo cruzar a desembocadura do Mi\u00f1o&#8221; color=&#8221;default&#8221; align=&#8221;center&#8221; i_icon_fontawesome=&#8221;fa fa-ship&#8221; link=&#8221;url:http%3A%2F%2Fwww.turismoaguarda.es%2Fhorarios-ferry%2F%3Flang%3Dgl|&#8221; el_class=&#8221;subbanner&#8221; css=&#8221;.vc_custom_1653659494267{margin-bottom: 0px !important;}&#8221; button_block=&#8221;true&#8221; add_icon=&#8221;true&#8221;][\/vc_column][\/vc_row][vc_row el_class=&#8221;section-white&#8221; css=&#8221;.vc_custom_1733261486558{padding-top: 30px !important;}&#8221;][vc_column width=&#8221;1\/2&#8243;][vc_single_image image=&#8221;17167&#8243; img_size=&#8221;full&#8221; onclick=&#8221;custom_link&#8221; img_link_target=&#8221;_blank&#8221; css_animation=&#8221;left-to-right&#8221; link=&#8221;https:\/\/mapas.turismoaguarda.es&#8221; css=&#8221;.vc_custom_1701458999498{margin-bottom: 40px !important;}&#8221;][\/vc_column][vc_column width=&#8221;1\/2&#8243;][vc_single_image image=&#8221;17788&#8243; img_size=&#8221;full&#8221; onclick=&#8221;custom_link&#8221; img_link_target=&#8221;_blank&#8221; css_animation=&#8221;left-to-right&#8221; link=&#8221;https:\/\/visitasvirtuales.turismoaguarda.es\/&#8221; css=&#8221;.vc_custom_1733261835312{margin-bottom: 40px !important;}&#8221;][\/vc_column][\/vc_row][vc_row el_class=&#8221;section-white padding-top-large padding-bottom&#8221; css=&#8221;.vc_custom_1467010955987{padding-bottom: 60px !important;}&#8221;][vc_column offset=&#8221;vc_col-md-6&#8243;]<div class=\"last-posts\">\n\t\t<div class=\"last-posts__item last-posts__item--with-images\">\n\t\t<div class=\"last-posts__item__container\">\n\t\t<a href=\"https:\/\/www.turismoaguarda.es\/gl\/aprazamento-da-andaina-a-lousame-para-o-sabado-23-de-maio\/\" class=\"last-posts__item__image-wrap\"><img loading=\"lazy\" decoding=\"async\" width=\"1080\" height=\"760\" src=\"https:\/\/www.turismoaguarda.es\/wp-content\/uploads\/2026\/05\/NOVA-DATTA-ANDAINA-1080x760.jpg\" class=\"attachment-thumb_last_posts_shortcode size-thumb_last_posts_shortcode wp-post-image\" alt=\"\" \/><\/a>\t\t\t<div class=\"last-posts__item__content\">\n\t\t\t\t<h3 class=\"last-posts__item__title\"><a href=\"https:\/\/www.turismoaguarda.es\/gl\/aprazamento-da-andaina-a-lousame-para-o-sabado-23-de-maio\/\">Aprazamento da andaina a Lousame para o s\u00e1bado 23 de maio<\/a><\/h3>\n\t\t\t\t<div class=\"last-posts__item__description\">O Concello da Guarda organiza un calendario anual para fomentar a actividade ao aire libre e co\u00f1ecemento do pasaixe e patrimonio de Galicia cunha boa<\/div>\n\t\t\t\t<a href=\"https:\/\/www.turismoaguarda.es\/gl\/aprazamento-da-andaina-a-lousame-para-o-sabado-23-de-maio\/\" class=\"atbtn atbtn--rounded atbtn--medium atbtn--light\">Leer m\u00e1s<i class=\"atbtn__icon atbtn__icon--right fa fa-long-arrow-right\"><\/i><\/a>\n\t\t\t<\/div>\n\t\t<\/div>\n\t<\/div>\n\t<\/div>\n[\/vc_column][vc_column offset=&#8221;vc_col-md-6&#8243; css=&#8221;.vc_custom_1465769861255{padding-left: 50px !important;}&#8221;][vc_custom_heading text=&#8221;\u00daltimas Noticias&#8221; use_theme_fonts=&#8221;yes&#8221;][vc_column_text]<div class='widget widget_recent_entries'><ul><h3><a href=\"https:\/\/www.turismoaguarda.es\/gl\/o-monte-trega-decidira-este-sabado-o-ganador-do-gran-camino\/\">O Monte Trega decidir\u00e1 este s\u00e1bado o ga\u00f1ador do Gran Cami\u00f1o<\/a><\/h3><p style=\"font-size:14px; line-height:20px; padding: 0 0 30px 10px\">O Gran Cami\u00f1o deu comezo onte e o monte Santa Trega marcar\u00e1 o seu final decisivo o pr\u00f3ximo s\u00e1bado 18. A quinta etapa, a etapa final, sair\u00e1 desde As Neves para percorrer m\u00e1is de 170 quil\u00f3metros \u2026 &nbsp; &nbsp; <a href=\"https:\/\/www.turismoaguarda.es\/gl\/o-monte-trega-decidira-este-sabado-o-ganador-do-gran-camino\/\">Read More<\/a><\/p><h3><a href=\"https:\/\/www.turismoaguarda.es\/gl\/descubre-a-guarda-nesta-semana-santa\/\">Descubre A Guarda nesta Semana Santa<\/a><\/h3><p style=\"font-size:14px; line-height:20px; padding: 0 0 30px 10px\">A Guarda conv\u00e9rtese na Semana Santa na referencia do Baixo Mi\u00f1o cunha gran tradici\u00f3n das s\u00faas celebraci\u00f3ns relixiosas. Pero ademais, a chegada do bo tempo permite visitar a vila mari\u00f1eira desfru\u2026 &nbsp; &nbsp; <a href=\"https:\/\/www.turismoaguarda.es\/gl\/descubre-a-guarda-nesta-semana-santa\/\">Read More<\/a><\/p><h3><a href=\"https:\/\/www.turismoaguarda.es\/gl\/as-visitas-guiadas-gratuitas-permiten-conecer-a-historia-do-castro-de-santa-trega-esta-semana-santa\/\">As visitas guiadas gratu\u00edtas permiten co\u00f1ecer a historia do Castro de Santa Trega esta Semana Santa<\/a><\/h3><p style=\"font-size:14px; line-height:20px; padding: 0 0 30px 10px\">Esta Semana Santa volven as visitas guiadas ao Castro de Santa Trega, organizadas polo Patronato do Monte Santa Trega. Estas visitas son de car\u00e1cter gratu\u00edto e non precisan reserva. Como punto de en\u2026 &nbsp; &nbsp; <a href=\"https:\/\/www.turismoaguarda.es\/gl\/as-visitas-guiadas-gratuitas-permiten-conecer-a-historia-do-castro-de-santa-trega-esta-semana-santa\/\">Read More<\/a><\/p><\/ul><\/div>[\/vc_column_text][vc_btn title=&#8221;M\u00e1s Noticias&#8221; link=&#8221;url:%2F%3Fpage_id%3D11164|title:Novas|&#8221;][\/vc_column][\/vc_row][vc_row css=&#8221;.vc_custom_1467010915211{padding-top: 30px !important;}&#8221;][vc_column][vc_custom_heading text=&#8221;QUE VISITAR&#8221; font_container=&#8221;tag:h2|text_align:center&#8221; use_theme_fonts=&#8221;yes&#8221; el_class=&#8221;title title&#8211;big title&#8211;center title&#8211;underline title&#8211;decoration-bottom-center&#8221;][\/vc_column][\/vc_row][vc_row el_class=&#8221;homequevisitar&#8221; el_id=&#8221;homeimageboxrow&#8221;][vc_column width=&#8221;1\/4&#8243; offset=&#8221;vc_col-xs-6&#8243;][vc_single_image image=&#8221;1561&#8243; img_size=&#8221;600&#215;400&#8243; add_caption=&#8221;yes&#8221; style=&#8221;vc_box_outline&#8221; onclick=&#8221;custom_link&#8221; title=&#8221;Monte Trega&#8221; link=&#8221;\/monte-santa-trega\/&#8221;][\/vc_column][vc_column width=&#8221;1\/4&#8243; offset=&#8221;vc_col-xs-6&#8243;][vc_single_image image=&#8221;1663&#8243; img_size=&#8221;600&#215;400&#8243; add_caption=&#8221;yes&#8221; style=&#8221;vc_box_outline&#8221; onclick=&#8221;custom_link&#8221; title=&#8221;Puerto Pesquero&#8221; link=&#8221;\/puerto-pesquero\/&#8221;][\/vc_column][vc_column width=&#8221;1\/4&#8243; offset=&#8221;vc_col-xs-6&#8243;][vc_single_image image=&#8221;1742&#8243; img_size=&#8221;600&#215;400&#8243; add_caption=&#8221;yes&#8221; style=&#8221;vc_box_outline&#8221; onclick=&#8221;custom_link&#8221; title=&#8221;Casco Urbano&#8221; link=&#8221;\/casco-urbano\/&#8221;][\/vc_column][vc_column width=&#8221;1\/4&#8243; offset=&#8221;vc_col-xs-6&#8243;][vc_single_image image=&#8221;1379&#8243; img_size=&#8221;600&#215;400&#8243; add_caption=&#8221;yes&#8221; style=&#8221;vc_box_outline&#8221; onclick=&#8221;custom_link&#8221; title=&#8221;Playas&#8221; link=&#8221;\/playas\/&#8221;][\/vc_column][\/vc_row][vc_row el_id=&#8221;prefooter&#8221;][vc_column][vc_column_text]<\/p>\n<div id=\"swiper1\" class=\"tours-type-icons padding-top-large padding-bottom-large\">\n<div class=\"tours-type-icons__bg\" style=\"background: url('\/wp-content\/uploads\/2016\/06\/puntos-de-interes.jpg') no-repeat center;\"><\/div>\n<div class=\"tours-type-icons__shadow\"><\/div>\n<div class=\"tours-type-icons__content\">\n<div class=\"title title--big title--center title--underline title--light title--underline-light title--decoration-bottom-center\">\n<h3 class=\"title__primary\">M\u00e1s informaci\u00f3n<\/h3>\n<\/div>\n<div class=\"xxxtours-type-icons__slider\">\n<div class=\"swiper-wrapper\">\n<div class=\"circle-button\"><a class=\"tours-type-icons__item__container\" href=\"\/multimedia\"><br \/>\n<span class=\"tours-type-icons__item__content\"> Multimedia<\/span><br \/>\n<\/a><\/div>\n<div class=\"circle-button\"><a class=\"tours-type-icons__item__container\" href=\"\/red-de-museos\/#noticias\"><br \/>\n<span class=\"tours-type-icons__item__content\"> Noticias Museos<\/span><br \/>\n<\/a><\/div>\n<div class=\"circle-button\"><a class=\"tours-type-icons__item__container\" href=\"\/events\/\"><br \/>\n<span class=\"tours-type-icons__item__content\">Agenda Actividades<\/span><br \/>\n<\/a><\/div>\n<div class=\"circle-button\"><a class=\"tours-type-icons__item__container\" href=\"\/wp-content\/uploads\/2022\/11\/2022-callejero-web-es.pdf\" target=\"_BLANK\" rel=\"noopener noreferrer\"><br \/>\n<span class=\"tours-type-icons__item__content\"> Mapa tur\u00edstico<\/span><br \/>\n<\/a><\/div>\n<div class=\"circle-button\"><a class=\"tours-type-icons__item__container\" href=\"\/camara-web\"><br \/>\n<span class=\"tours-type-icons__item__content\"> C\u00e1mara Web<\/span><br \/>\n<\/a><\/div>\n<\/div>\n<\/div>\n<\/div>\n<\/div>\n<p>[\/vc_column_text][\/vc_column][\/vc_row]<\/p>\n","protected":false},"excerpt":{"rendered":"<p>[vc_row css=&#8221;.vc_custom_1529454441792{padding-top: 0px !important;padding-bottom: 0px !important;}&#8221;][vc_column width=&#8221;1\/3&#8243;][vc_btn title=&#8221;5 plans para descubrir A Guarda&#8221; color=&#8221;default&#8221; align=&#8221;center&#8221; i_icon_fontawesome=&#8221;fa fa-calendar&#8221; link=&#8221;url:%2Fgl%2F5-plans-para-descubrir-a-guarda%2F||&#8221; el_class=&#8221;subbanner&#8221; css=&#8221;.vc_custom_1618489869612{margin-bottom: 0px !important;}&#8221; button_block=&#8221;true&#8221; add_icon=&#8221;true&#8221;][vc_btn title=&#8221;Axenda&#8221; color=&#8221;default&#8221; align=&#8221;center&#8221; i_icon_fontawesome=&#8221;fa fa-calendar&#8221; link=&#8221;url:%2Fevents%2F|title:21%2F01%2F2021%20Actualizado%20listado%20da%20Campa%C3%B1a%20Consume%20Local|&#8221; el_class=&#8221;subbanner hidden&#8221; css=&#8221;.vc_custom_1618489388346{margin-bottom: 0px !important;}&#8221; button_block=&#8221;true&#8221; add_icon=&#8221;true&#8221;][\/vc_column][vc_column width=&#8221;1\/3&#8243;][vc_btn title=&#8221;Info para hostalar\u00eda&#8221; color=&#8221;green&#8221; align=&#8221;center&#8221; i_icon_fontawesome=&#8221;fa fa-info&#8221; link=&#8221;url:https%3A%2F%2Fwww.turismoaguarda.es%2Fgl%2Fhostaleria%2F|title:Novas%20Hostaler%C3%ADa|&#8221; el_class=&#8221;subbanner&#8221; css=&#8221;.vc_custom_1611231292091{margin-bottom: 0px !important;}&#8221; button_block=&#8221;true&#8221; add_icon=&#8221;true&#8221;][\/vc_column][vc_column width=&#8221;1\/3&#8243;][vc_btn title=&#8221;C\u00f3mo cruzar<\/p>\n<div class=\"padding-top text-center\"><a href=\"https:\/\/www.turismoaguarda.es\/gl\/as-visitas-guiadas-gratuitas-permiten-conecer-a-historia-do-castro-de-santa-trega-esta-semana-santa\/\" class=\"atbtn atbtn--medium atbtn--rounded atbtn--transparent\">Leer m\u00e1is<i class=\"atbtn__icon atbtn__icon--right fa fa-long-arrow-right\"><\/i><\/a><\/div>\n","protected":false},"author":4,"featured_media":0,"parent":0,"menu_order":0,"comment_status":"open","ping_status":"open","template":"","meta":{"footnotes":""},"class_list":["post-2271","page","type-page","status-publish","hentry"],"yoast_head":"<!-- This site is optimized with the Yoast SEO plugin v27.5 - https:\/\/yoast.com\/product\/yoast-seo-wordpress\/ -->\n<title>Inicio | Turismo A Guarda<\/title>\n<meta name=\"robots\" content=\"index, follow, max-snippet:-1, max-image-preview:large, max-video-preview:-1\" \/>\n<link rel=\"canonical\" href=\"https:\/\/www.turismoaguarda.es\/gl\/\" \/>\n<meta property=\"og:locale\" content=\"en_US\" \/>\n<meta property=\"og:type\" content=\"article\" \/>\n<meta property=\"og:title\" content=\"Inicio | Turismo A Guarda\" \/>\n<meta property=\"og:description\" content=\"[vc_row css=&#8221;.vc_custom_1529454441792{padding-top: 0px !important;padding-bottom: 0px !important;}&#8221;][vc_column width=&#8221;1\/3&#8243;][vc_btn title=&#8221;5 plans para descubrir A Guarda&#8221; color=&#8221;default&#8221; align=&#8221;center&#8221; i_icon_fontawesome=&#8221;fa fa-calendar&#8221; link=&#8221;url:%2Fgl%2F5-plans-para-descubrir-a-guarda%2F||&#8221; el_class=&#8221;subbanner&#8221; css=&#8221;.vc_custom_1618489869612{margin-bottom: 0px !important;}&#8221; button_block=&#8221;true&#8221; add_icon=&#8221;true&#8221;][vc_btn title=&#8221;Axenda&#8221; color=&#8221;default&#8221; align=&#8221;center&#8221; i_icon_fontawesome=&#8221;fa fa-calendar&#8221; link=&#8221;url:%2Fevents%2F|title:21%2F01%2F2021%20Actualizado%20listado%20da%20Campa%C3%B1a%20Consume%20Local|&#8221; el_class=&#8221;subbanner hidden&#8221; css=&#8221;.vc_custom_1618489388346{margin-bottom: 0px !important;}&#8221; button_block=&#8221;true&#8221; add_icon=&#8221;true&#8221;][\/vc_column][vc_column width=&#8221;1\/3&#8243;][vc_btn title=&#8221;Info para hostalar\u00eda&#8221; color=&#8221;green&#8221; align=&#8221;center&#8221; i_icon_fontawesome=&#8221;fa fa-info&#8221; link=&#8221;url:https%3A%2F%2Fwww.turismoaguarda.es%2Fgl%2Fhostaleria%2F|title:Novas%20Hostaler%C3%ADa|&#8221; el_class=&#8221;subbanner&#8221; css=&#8221;.vc_custom_1611231292091{margin-bottom: 0px !important;}&#8221; button_block=&#8221;true&#8221; add_icon=&#8221;true&#8221;][\/vc_column][vc_column width=&#8221;1\/3&#8243;][vc_btn title=&#8221;C\u00f3mo cruzarLeer m\u00e1is\" \/>\n<meta property=\"og:url\" content=\"https:\/\/www.turismoaguarda.es\/gl\/\" \/>\n<meta property=\"og:site_name\" content=\"Turismo A Guarda\" \/>\n<meta property=\"article:publisher\" content=\"https:\/\/es-es.facebook.com\/Turismo-A-Guarda-126223240790625\/\" \/>\n<meta property=\"article:modified_time\" content=\"2024-12-03T21:37:19+00:00\" \/>\n<meta name=\"twitter:card\" content=\"summary_large_image\" \/>\n<meta name=\"twitter:site\" content=\"@TurismoAGuarda\" \/>\n<meta name=\"twitter:label1\" content=\"Est. reading time\" \/>\n\t<meta name=\"twitter:data1\" content=\"1 minute\" \/>\n<script type=\"application\/ld+json\" class=\"yoast-schema-graph\">{\"@context\":\"https:\\\/\\\/schema.org\",\"@graph\":[{\"@type\":\"WebPage\",\"@id\":\"https:\\\/\\\/www.turismoaguarda.es\\\/gl\\\/\",\"url\":\"https:\\\/\\\/www.turismoaguarda.es\\\/gl\\\/\",\"name\":\"Inicio | Turismo A Guarda\",\"isPartOf\":{\"@id\":\"https:\\\/\\\/www.turismoaguarda.es\\\/#website\"},\"datePublished\":\"2015-07-23T10:30:07+00:00\",\"dateModified\":\"2024-12-03T21:37:19+00:00\",\"breadcrumb\":{\"@id\":\"https:\\\/\\\/www.turismoaguarda.es\\\/gl\\\/#breadcrumb\"},\"inLanguage\":\"gl\",\"potentialAction\":[{\"@type\":\"ReadAction\",\"target\":[\"https:\\\/\\\/www.turismoaguarda.es\\\/gl\\\/\"]}]},{\"@type\":\"BreadcrumbList\",\"@id\":\"https:\\\/\\\/www.turismoaguarda.es\\\/gl\\\/#breadcrumb\",\"itemListElement\":[{\"@type\":\"ListItem\",\"position\":1,\"name\":\"Portada\",\"item\":\"https:\\\/\\\/www.turismoaguarda.es\\\/gl\\\/\"},{\"@type\":\"ListItem\",\"position\":2,\"name\":\"Inicio\"}]},{\"@type\":\"WebSite\",\"@id\":\"https:\\\/\\\/www.turismoaguarda.es\\\/#website\",\"url\":\"https:\\\/\\\/www.turismoaguarda.es\\\/\",\"name\":\"Turismo A Guarda\",\"description\":\"Informaci\u00f3n tur\u00edstica de A Guarda y alrededores.\",\"potentialAction\":[{\"@type\":\"SearchAction\",\"target\":{\"@type\":\"EntryPoint\",\"urlTemplate\":\"https:\\\/\\\/www.turismoaguarda.es\\\/?s={search_term_string}\"},\"query-input\":{\"@type\":\"PropertyValueSpecification\",\"valueRequired\":true,\"valueName\":\"search_term_string\"}}],\"inLanguage\":\"gl\"}]}<\/script>\n<!-- \/ Yoast SEO plugin. -->","yoast_head_json":{"title":"Inicio | Turismo A Guarda","robots":{"index":"index","follow":"follow","max-snippet":"max-snippet:-1","max-image-preview":"max-image-preview:large","max-video-preview":"max-video-preview:-1"},"canonical":"https:\/\/www.turismoaguarda.es\/gl\/","og_locale":"en_US","og_type":"article","og_title":"Inicio | Turismo A Guarda","og_description":"[vc_row css=&#8221;.vc_custom_1529454441792{padding-top: 0px !important;padding-bottom: 0px !important;}&#8221;][vc_column width=&#8221;1\/3&#8243;][vc_btn title=&#8221;5 plans para descubrir A Guarda&#8221; color=&#8221;default&#8221; align=&#8221;center&#8221; i_icon_fontawesome=&#8221;fa fa-calendar&#8221; link=&#8221;url:%2Fgl%2F5-plans-para-descubrir-a-guarda%2F||&#8221; el_class=&#8221;subbanner&#8221; css=&#8221;.vc_custom_1618489869612{margin-bottom: 0px !important;}&#8221; button_block=&#8221;true&#8221; add_icon=&#8221;true&#8221;][vc_btn title=&#8221;Axenda&#8221; color=&#8221;default&#8221; align=&#8221;center&#8221; i_icon_fontawesome=&#8221;fa fa-calendar&#8221; link=&#8221;url:%2Fevents%2F|title:21%2F01%2F2021%20Actualizado%20listado%20da%20Campa%C3%B1a%20Consume%20Local|&#8221; el_class=&#8221;subbanner hidden&#8221; css=&#8221;.vc_custom_1618489388346{margin-bottom: 0px !important;}&#8221; button_block=&#8221;true&#8221; add_icon=&#8221;true&#8221;][\/vc_column][vc_column width=&#8221;1\/3&#8243;][vc_btn title=&#8221;Info para hostalar\u00eda&#8221; color=&#8221;green&#8221; align=&#8221;center&#8221; i_icon_fontawesome=&#8221;fa fa-info&#8221; link=&#8221;url:https%3A%2F%2Fwww.turismoaguarda.es%2Fgl%2Fhostaleria%2F|title:Novas%20Hostaler%C3%ADa|&#8221; el_class=&#8221;subbanner&#8221; css=&#8221;.vc_custom_1611231292091{margin-bottom: 0px !important;}&#8221; button_block=&#8221;true&#8221; add_icon=&#8221;true&#8221;][\/vc_column][vc_column width=&#8221;1\/3&#8243;][vc_btn title=&#8221;C\u00f3mo cruzarLeer m\u00e1is","og_url":"https:\/\/www.turismoaguarda.es\/gl\/","og_site_name":"Turismo A Guarda","article_publisher":"https:\/\/es-es.facebook.com\/Turismo-A-Guarda-126223240790625\/","article_modified_time":"2024-12-03T21:37:19+00:00","twitter_card":"summary_large_image","twitter_site":"@TurismoAGuarda","twitter_misc":{"Est. reading time":"1 minute"},"schema":{"@context":"https:\/\/schema.org","@graph":[{"@type":"WebPage","@id":"https:\/\/www.turismoaguarda.es\/gl\/","url":"https:\/\/www.turismoaguarda.es\/gl\/","name":"Inicio | Turismo A Guarda","isPartOf":{"@id":"https:\/\/www.turismoaguarda.es\/#website"},"datePublished":"2015-07-23T10:30:07+00:00","dateModified":"2024-12-03T21:37:19+00:00","breadcrumb":{"@id":"https:\/\/www.turismoaguarda.es\/gl\/#breadcrumb"},"inLanguage":"gl","potentialAction":[{"@type":"ReadAction","target":["https:\/\/www.turismoaguarda.es\/gl\/"]}]},{"@type":"BreadcrumbList","@id":"https:\/\/www.turismoaguarda.es\/gl\/#breadcrumb","itemListElement":[{"@type":"ListItem","position":1,"name":"Portada","item":"https:\/\/www.turismoaguarda.es\/gl\/"},{"@type":"ListItem","position":2,"name":"Inicio"}]},{"@type":"WebSite","@id":"https:\/\/www.turismoaguarda.es\/#website","url":"https:\/\/www.turismoaguarda.es\/","name":"Turismo A Guarda","description":"Informaci\u00f3n tur\u00edstica de A Guarda y alrededores.","potentialAction":[{"@type":"SearchAction","target":{"@type":"EntryPoint","urlTemplate":"https:\/\/www.turismoaguarda.es\/?s={search_term_string}"},"query-input":{"@type":"PropertyValueSpecification","valueRequired":true,"valueName":"search_term_string"}}],"inLanguage":"gl"}]}},"_links":{"self":[{"href":"https:\/\/www.turismoaguarda.es\/gl\/wp-json\/wp\/v2\/pages\/2271","targetHints":{"allow":["GET"]}}],"collection":[{"href":"https:\/\/www.turismoaguarda.es\/gl\/wp-json\/wp\/v2\/pages"}],"about":[{"href":"https:\/\/www.turismoaguarda.es\/gl\/wp-json\/wp\/v2\/types\/page"}],"author":[{"embeddable":true,"href":"https:\/\/www.turismoaguarda.es\/gl\/wp-json\/wp\/v2\/users\/4"}],"replies":[{"embeddable":true,"href":"https:\/\/www.turismoaguarda.es\/gl\/wp-json\/wp\/v2\/comments?post=2271"}],"version-history":[{"count":38,"href":"https:\/\/www.turismoaguarda.es\/gl\/wp-json\/wp\/v2\/pages\/2271\/revisions"}],"predecessor-version":[{"id":17791,"href":"https:\/\/www.turismoaguarda.es\/gl\/wp-json\/wp\/v2\/pages\/2271\/revisions\/17791"}],"wp:attachment":[{"href":"https:\/\/www.turismoaguarda.es\/gl\/wp-json\/wp\/v2\/media?parent=2271"}],"curies":[{"name":"wp","href":"https:\/\/api.w.org\/{rel}","templated":true}]}}