{"id":2266,"date":"2016-04-20T23:27:12","date_gmt":"2016-04-20T23:27:12","guid":{"rendered":"http:\/\/turismoaguarda.es\/como-llegar-por-carretera\/?lang=gl"},"modified":"2021-07-29T14:29:30","modified_gmt":"2021-07-29T12:29:30","slug":"como-llegar-por-carretera","status":"publish","type":"page","link":"https:\/\/www.turismoaguarda.es\/gl\/como-llegar-por-carretera\/","title":{"rendered":"Como chegar pola estrada"},"content":{"rendered":"<p>[vc_row][vc_column][vc_custom_heading text=&#8221;COMO CHEGAR POR ESTRADA&#8221; use_theme_fonts=&#8221;yes&#8221; el_class=&#8221; title title&#8211;underline&#8221;][vc_column_text]Para\u00a0llegar a A Guarda por carretera hay varias opciones. Se puede ir bordeando el oc\u00e9ano Atl\u00e1ntico desde Baiona o bien por el interior desde la localidad de Tui o por el sur desde el pa\u00eds vecino, Portugal.[\/vc_column_text][\/vc_column][vc_column][vc_row_inner][vc_column_inner][vc_custom_heading text=&#8221;En coche&#8221; font_container=&#8221;tag:h3|text_align:left&#8221; use_theme_fonts=&#8221;yes&#8221;][vc_single_image image=&#8221;9339&#8243; img_size=&#8221;512&#215;256&#8243; style=&#8221;vc_box_outline&#8221;][vc_column_text]<\/p>\n<p lang=\"gl-ES\" align=\"JUSTIFY\">Desde o interior da pen\u00ednsula empr\u00e9gase a autov\u00eda R\u00edas Baixas A-52 en direcci\u00f3n Vigo. Existen d\u00faas alternativas para chegar ata A Guarda desde Vigo: a primeira \u00e9 ir direcci\u00f3n a Tui empregando a autov\u00eda A-55 e despois desviarse cara A Guarda pola estrada PO-552 que discorre paralela ao r\u00edo Mi\u00f1o. \u00c1 altura da localidade de Goi\u00e1n (Tomi\u00f1o) p\u00f3dese continuar pola PO-552 ou ben pola v\u00eda de alta capacidade CG-4.2. en direcci\u00f3n A Guarda. Outra opci\u00f3n \u00e9 utilizar a autoestrada AG-57 ata Baiona e continuar pola PO-552 ata A Guarda bordeando a costa.<\/p>\n<p lang=\"gl-ES\" align=\"JUSTIFY\">Para os viaxeiros procedentes de Portugal existe a posibilidade de cruzar en ferri desde Caminha. Por estrada \u00e9 necesario cruzar o Mi\u00f1o pola Ponte Internacional que une Valen\u00e7a de Minho e Tui ou pola Ponte da Amizade entre Vila Nova de Cerveira e Goi\u00e1n (Tomi\u00f1o) para enlazar coa Guarda pola PO-552 ou a v\u00eda de alta capacidade CG-4.2.<\/p>\n<p>[\/vc_column_text][vc_custom_heading text=&#8221;En autob\u00fas&#8221; font_container=&#8221;tag:h3|text_align:left&#8221; use_theme_fonts=&#8221;yes&#8221;][vc_single_image image=&#8221;13600&#8243; img_size=&#8221;512&#215;256&#8243; style=&#8221;vc_box_outline&#8221;][vc_custom_heading text=&#8221;En bicicleta&#8221; font_container=&#8221;tag:h3|text_align:left&#8221; use_theme_fonts=&#8221;yes&#8221;][vc_column_text]As principais cidades de Espa\u00f1a est\u00e1n conectadas coa estaci\u00f3n de autobuses de Vigo.<\/p>\n<p>Desde a cidade de Vigo a empresa <strong>Lugove realiza o servizo Vigo &#8211; A Guarda<\/strong> ben por costa (en direcci\u00f3n Oia e Baiona) ou ben por interior por Tui cunha maior frecuencia. Os horarios var\u00edan segundo sexa d\u00eda laborable, s\u00e1bado, domingo ou festivo. Hai que ter en conta a temporada de inverno ou ver\u00e1n (xullo e agosto).<strong><br \/>\n<\/strong><\/p>\n<p>Consultar horarios en vigor, tarifas e recorridos na <a href=\"https:\/\/lugove.gal\/\" target=\"_blank\" rel=\"noopener noreferrer\">web de LUGOVE<\/a> ou no Tlf: <strong><a href=\"tel:646349224\">646 34 92 24<\/a><\/strong> \/ <strong><a href=\"tel:609977944\">609 97 79 44<\/a><\/strong>[\/vc_column_text][vc_single_image image=&#8221;1603&#8243; img_size=&#8221;512&#215;256&#8243; style=&#8221;vc_box_outline&#8221;][vc_column_text]<\/p>\n<p lang=\"gl-ES\" align=\"JUSTIFY\">P\u00f3dese chegar en bicicleta ata A Guarda empregando o carril bici que discorre en paralelo \u00e1 PO-552 entre Baiona e A Guarda e que permite gozar da paisaxe e as magn\u00edficas vistas do oc\u00e9ano Atl\u00e1ntico.<\/p>\n<p lang=\"gl-ES\" align=\"JUSTIFY\">Outra alternativa \u00e9 percorrer a ribeira do Mi\u00f1o desde a Fortaleza de San Lorenzo de Goi\u00e1n (Tomi\u00f1o) pola senda fluvial que enlaza coa PRG 112, Senda dos Pescadores do r\u00edo Mi\u00f1o na localidade do Rosal.<\/p>\n<p>[\/vc_column_text][\/vc_column_inner][\/vc_row_inner][\/vc_column][\/vc_row]<\/p>\n","protected":false},"excerpt":{"rendered":"<p>[vc_row][vc_column][vc_custom_heading text=&#8221;COMO CHEGAR POR ESTRADA&#8221; use_theme_fonts=&#8221;yes&#8221; el_class=&#8221; title title&#8211;underline&#8221;][vc_column_text]Para\u00a0llegar a A Guarda por carretera hay varias opciones. Se puede ir bordeando el oc\u00e9ano Atl\u00e1ntico desde Baiona o bien por el interior desde la localidad de Tui o por el sur desde el pa\u00eds vecino, Portugal.[\/vc_column_text][\/vc_column][vc_column][vc_row_inner][vc_column_inner][vc_custom_heading text=&#8221;En coche&#8221; font_container=&#8221;tag:h3|text_align:left&#8221; use_theme_fonts=&#8221;yes&#8221;][vc_single_image image=&#8221;9339&#8243; img_size=&#8221;512&#215;256&#8243; style=&#8221;vc_box_outline&#8221;][vc_column_text] Desde o interior<\/p>\n<div class=\"padding-top text-center\"><a href=\"https:\/\/www.turismoaguarda.es\/gl\/como-llegar-por-carretera\/\" class=\"atbtn atbtn--medium atbtn--rounded atbtn--transparent\">Leer m\u00e1is<i class=\"atbtn__icon atbtn__icon--right fa fa-long-arrow-right\"><\/i><\/a><\/div>\n","protected":false},"author":4,"featured_media":0,"parent":0,"menu_order":0,"comment_status":"closed","ping_status":"closed","template":"template-page-with-sidebar.php","meta":{"footnotes":""},"class_list":["post-2266","page","type-page","status-publish","hentry"],"yoast_head":"<!-- This site is optimized with the Yoast SEO plugin v27.5 - https:\/\/yoast.com\/product\/yoast-seo-wordpress\/ -->\n<title>Como chegar pola estrada | Turismo A Guarda<\/title>\n<meta name=\"robots\" content=\"index, follow, max-snippet:-1, max-image-preview:large, max-video-preview:-1\" \/>\n<link rel=\"canonical\" href=\"https:\/\/www.turismoaguarda.es\/gl\/como-llegar-por-carretera\/\" \/>\n<meta property=\"og:locale\" content=\"en_US\" \/>\n<meta property=\"og:type\" content=\"article\" \/>\n<meta property=\"og:title\" content=\"Como chegar pola estrada | Turismo A Guarda\" \/>\n<meta property=\"og:description\" content=\"[vc_row][vc_column][vc_custom_heading text=&#8221;COMO CHEGAR POR ESTRADA&#8221; use_theme_fonts=&#8221;yes&#8221; el_class=&#8221; title title&#8211;underline&#8221;][vc_column_text]Para\u00a0llegar a A Guarda por carretera hay varias opciones. Se puede ir bordeando el oc\u00e9ano Atl\u00e1ntico desde Baiona o bien por el interior desde la localidad de Tui o por el sur desde el pa\u00eds vecino, Portugal.[\/vc_column_text][\/vc_column][vc_column][vc_row_inner][vc_column_inner][vc_custom_heading text=&#8221;En coche&#8221; font_container=&#8221;tag:h3|text_align:left&#8221; use_theme_fonts=&#8221;yes&#8221;][vc_single_image image=&#8221;9339&#8243; img_size=&#8221;512&#215;256&#8243; style=&#8221;vc_box_outline&#8221;][vc_column_text] Desde o interiorLeer m\u00e1is\" \/>\n<meta property=\"og:url\" content=\"https:\/\/www.turismoaguarda.es\/gl\/como-llegar-por-carretera\/\" \/>\n<meta property=\"og:site_name\" content=\"Turismo A Guarda\" \/>\n<meta property=\"article:publisher\" content=\"https:\/\/es-es.facebook.com\/Turismo-A-Guarda-126223240790625\/\" \/>\n<meta property=\"article:modified_time\" content=\"2021-07-29T12:29:30+00:00\" \/>\n<meta name=\"twitter:card\" content=\"summary_large_image\" \/>\n<meta name=\"twitter:site\" content=\"@TurismoAGuarda\" \/>\n<meta name=\"twitter:label1\" content=\"Est. reading time\" \/>\n\t<meta name=\"twitter:data1\" content=\"3 minutes\" \/>\n<script type=\"application\/ld+json\" class=\"yoast-schema-graph\">{\"@context\":\"https:\\\/\\\/schema.org\",\"@graph\":[{\"@type\":\"WebPage\",\"@id\":\"https:\\\/\\\/www.turismoaguarda.es\\\/gl\\\/como-llegar-por-carretera\\\/\",\"url\":\"https:\\\/\\\/www.turismoaguarda.es\\\/gl\\\/como-llegar-por-carretera\\\/\",\"name\":\"Como chegar pola estrada | Turismo A Guarda\",\"isPartOf\":{\"@id\":\"https:\\\/\\\/www.turismoaguarda.es\\\/#website\"},\"datePublished\":\"2016-04-20T23:27:12+00:00\",\"dateModified\":\"2021-07-29T12:29:30+00:00\",\"breadcrumb\":{\"@id\":\"https:\\\/\\\/www.turismoaguarda.es\\\/gl\\\/como-llegar-por-carretera\\\/#breadcrumb\"},\"inLanguage\":\"gl\",\"potentialAction\":[{\"@type\":\"ReadAction\",\"target\":[\"https:\\\/\\\/www.turismoaguarda.es\\\/gl\\\/como-llegar-por-carretera\\\/\"]}]},{\"@type\":\"BreadcrumbList\",\"@id\":\"https:\\\/\\\/www.turismoaguarda.es\\\/gl\\\/como-llegar-por-carretera\\\/#breadcrumb\",\"itemListElement\":[{\"@type\":\"ListItem\",\"position\":1,\"name\":\"Portada\",\"item\":\"https:\\\/\\\/www.turismoaguarda.es\\\/gl\\\/\"},{\"@type\":\"ListItem\",\"position\":2,\"name\":\"Como chegar pola estrada\"}]},{\"@type\":\"WebSite\",\"@id\":\"https:\\\/\\\/www.turismoaguarda.es\\\/#website\",\"url\":\"https:\\\/\\\/www.turismoaguarda.es\\\/\",\"name\":\"Turismo A Guarda\",\"description\":\"Informaci\u00f3n tur\u00edstica de A Guarda y alrededores.\",\"potentialAction\":[{\"@type\":\"SearchAction\",\"target\":{\"@type\":\"EntryPoint\",\"urlTemplate\":\"https:\\\/\\\/www.turismoaguarda.es\\\/?s={search_term_string}\"},\"query-input\":{\"@type\":\"PropertyValueSpecification\",\"valueRequired\":true,\"valueName\":\"search_term_string\"}}],\"inLanguage\":\"gl\"}]}<\/script>\n<!-- \/ Yoast SEO plugin. -->","yoast_head_json":{"title":"Como chegar pola estrada | Turismo A Guarda","robots":{"index":"index","follow":"follow","max-snippet":"max-snippet:-1","max-image-preview":"max-image-preview:large","max-video-preview":"max-video-preview:-1"},"canonical":"https:\/\/www.turismoaguarda.es\/gl\/como-llegar-por-carretera\/","og_locale":"en_US","og_type":"article","og_title":"Como chegar pola estrada | Turismo A Guarda","og_description":"[vc_row][vc_column][vc_custom_heading text=&#8221;COMO CHEGAR POR ESTRADA&#8221; use_theme_fonts=&#8221;yes&#8221; el_class=&#8221; title title&#8211;underline&#8221;][vc_column_text]Para\u00a0llegar a A Guarda por carretera hay varias opciones. Se puede ir bordeando el oc\u00e9ano Atl\u00e1ntico desde Baiona o bien por el interior desde la localidad de Tui o por el sur desde el pa\u00eds vecino, Portugal.[\/vc_column_text][\/vc_column][vc_column][vc_row_inner][vc_column_inner][vc_custom_heading text=&#8221;En coche&#8221; font_container=&#8221;tag:h3|text_align:left&#8221; use_theme_fonts=&#8221;yes&#8221;][vc_single_image image=&#8221;9339&#8243; img_size=&#8221;512&#215;256&#8243; style=&#8221;vc_box_outline&#8221;][vc_column_text] Desde o interiorLeer m\u00e1is","og_url":"https:\/\/www.turismoaguarda.es\/gl\/como-llegar-por-carretera\/","og_site_name":"Turismo A Guarda","article_publisher":"https:\/\/es-es.facebook.com\/Turismo-A-Guarda-126223240790625\/","article_modified_time":"2021-07-29T12:29:30+00:00","twitter_card":"summary_large_image","twitter_site":"@TurismoAGuarda","twitter_misc":{"Est. reading time":"3 minutes"},"schema":{"@context":"https:\/\/schema.org","@graph":[{"@type":"WebPage","@id":"https:\/\/www.turismoaguarda.es\/gl\/como-llegar-por-carretera\/","url":"https:\/\/www.turismoaguarda.es\/gl\/como-llegar-por-carretera\/","name":"Como chegar pola estrada | Turismo A Guarda","isPartOf":{"@id":"https:\/\/www.turismoaguarda.es\/#website"},"datePublished":"2016-04-20T23:27:12+00:00","dateModified":"2021-07-29T12:29:30+00:00","breadcrumb":{"@id":"https:\/\/www.turismoaguarda.es\/gl\/como-llegar-por-carretera\/#breadcrumb"},"inLanguage":"gl","potentialAction":[{"@type":"ReadAction","target":["https:\/\/www.turismoaguarda.es\/gl\/como-llegar-por-carretera\/"]}]},{"@type":"BreadcrumbList","@id":"https:\/\/www.turismoaguarda.es\/gl\/como-llegar-por-carretera\/#breadcrumb","itemListElement":[{"@type":"ListItem","position":1,"name":"Portada","item":"https:\/\/www.turismoaguarda.es\/gl\/"},{"@type":"ListItem","position":2,"name":"Como chegar pola estrada"}]},{"@type":"WebSite","@id":"https:\/\/www.turismoaguarda.es\/#website","url":"https:\/\/www.turismoaguarda.es\/","name":"Turismo A Guarda","description":"Informaci\u00f3n tur\u00edstica de A Guarda y alrededores.","potentialAction":[{"@type":"SearchAction","target":{"@type":"EntryPoint","urlTemplate":"https:\/\/www.turismoaguarda.es\/?s={search_term_string}"},"query-input":{"@type":"PropertyValueSpecification","valueRequired":true,"valueName":"search_term_string"}}],"inLanguage":"gl"}]}},"_links":{"self":[{"href":"https:\/\/www.turismoaguarda.es\/gl\/wp-json\/wp\/v2\/pages\/2266","targetHints":{"allow":["GET"]}}],"collection":[{"href":"https:\/\/www.turismoaguarda.es\/gl\/wp-json\/wp\/v2\/pages"}],"about":[{"href":"https:\/\/www.turismoaguarda.es\/gl\/wp-json\/wp\/v2\/types\/page"}],"author":[{"embeddable":true,"href":"https:\/\/www.turismoaguarda.es\/gl\/wp-json\/wp\/v2\/users\/4"}],"replies":[{"embeddable":true,"href":"https:\/\/www.turismoaguarda.es\/gl\/wp-json\/wp\/v2\/comments?post=2266"}],"version-history":[{"count":13,"href":"https:\/\/www.turismoaguarda.es\/gl\/wp-json\/wp\/v2\/pages\/2266\/revisions"}],"predecessor-version":[{"id":14665,"href":"https:\/\/www.turismoaguarda.es\/gl\/wp-json\/wp\/v2\/pages\/2266\/revisions\/14665"}],"wp:attachment":[{"href":"https:\/\/www.turismoaguarda.es\/gl\/wp-json\/wp\/v2\/media?parent=2266"}],"curies":[{"name":"wp","href":"https:\/\/api.w.org\/{rel}","templated":true}]}}