{"id":2260,"date":"2016-04-20T23:27:46","date_gmt":"2016-04-20T23:27:46","guid":{"rendered":"http:\/\/turismoaguarda.es\/como-llegar-en-barco\/?lang=gl"},"modified":"2025-04-22T19:08:57","modified_gmt":"2025-04-22T17:08:57","slug":"como-llegar-en-barco","status":"publish","type":"page","link":"https:\/\/www.turismoaguarda.es\/gl\/como-llegar-en-barco\/","title":{"rendered":"Como chegar en barco"},"content":{"rendered":"<p>[vc_row][vc_column][vc_custom_heading text=&#8221;COMO CHEGAR EN BARCO&#8221; use_theme_fonts=&#8221;yes&#8221; el_class=&#8221; title title&#8211;underline&#8221;][vc_column_text]A Guarda forma unha pequena pen\u00ednsula xa que est\u00e1 rodeada de auga en gran parte da s\u00faa extensi\u00f3n polo r\u00edo Mi\u00f1o e o oc\u00e9ano Atl\u00e1ntico. Est\u00e1 conectada con Portugal polo ferri que cruza o r\u00edo Mi\u00f1o (actualmente non est\u00e1 operativo) e os amantes do mar contan co porto pesqueiro.[\/vc_column_text][\/vc_column][vc_column][vc_row_inner][vc_column_inner][vc_custom_heading text=&#8221;Porto pesqueiro da Guarda&#8221; font_container=&#8221;tag:h3|text_align:left&#8221; use_theme_fonts=&#8221;yes&#8221;][vc_single_image image=&#8221;2136&#8243; img_size=&#8221;747&#215;250&#8243; style=&#8221;vc_box_outline&#8221;][vc_column_text]<\/p>\n<div class=\"wpb_text_column wpb_content_element \">\n<div class=\"wpb_wrapper\">\n<p>O transbordador de Caminha-A Guarda non funciona desde outubro do 2021. Estas son as opci\u00f3ns para cruzar o r\u00edo Mi\u00f1o:<\/p>\n<p><strong>1.- A ponte m\u00e1is cercana (uns 25 minutos en coche) est\u00e1 a uns 10 km de Caminha<\/strong>, na localidade portuguesa de Vilanova de Cerveira, e cruza ao municipio de Tomi\u00f1o (lugar de Goi\u00e1n). Na rotonda despois da ponte xa poden continuar en direcci\u00f3n A Guarda (outros 10 km) pola PO-552 ou ben pola v\u00eda r\u00e1pida CG-4.2.<\/p>\n<p><strong>2.- Peregrinos ou personas que queiran cruzar a p\u00e9 ou en bici dispo\u00f1en do servizo de transporte n\u00e1utico XACOBEO TRANSFER<\/strong> habilitado desde semana santa de 2022.<\/p>\n<p>O servizo de XACOBEO TRANSFER prestase desde o embarcadoiro do Pasaxe ata o embarcadoiro do Sporting Club Caminhense, a poucos metros do actual embarcadoiro do transbodador en Caminha.<\/p>\n<p>Na actualidade o servizo realizase cunha pequena embarcaci\u00f3n para un m\u00e1ximo de 12 plazas. O servizo prestase todos os d\u00edas da semana si as condici\u00f3ns meteorol\u00f3xicas as\u00ed o permiten.<\/p>\n<p>Estes son os horarios espa\u00f1ois previstos (<u>en Portugal \u00e9 unha hora menos)<\/u><\/p>\n<ul>\n<li>Sa\u00eddas desde A Guarda: comeza \u00e1s 8:00 ata as 16:00 (sa\u00eddas \u00e1s horas en punto).<\/li>\n<li>Sa\u00eddas desde Caminha: comeza \u00e1s 8:30 ata as 16:30 (sa\u00eddas \u00e1s horas e media).<\/li>\n<\/ul>\n<p>Recomendase consultar os horarios e realizar as reservas directamente en <a href=\"https:\/\/xacobeotransfer.com\/\" target=\"_blank\" rel=\"noopener\">xacobeotransfer.com<\/a>. Esta web disp\u00f3n dos horarios confirmados para cada d\u00eda (hai horarios bloqueados pola marea baixa). O prezo do viaxe \u00e9 de 6 \u20ac por persoa e 8 \u20ac para aqueles pasaxeiros con bici. Est\u00e1 dispo\u00f1ible un desconto do 50% para viaxes de ida e volta no mismo d\u00eda.<\/p>\n<p>Para incidencias, resolver d\u00fabidas ou tramitar grupos de m\u00e1is de 12 personas poden contactar en <a href=\"mailto:info@xacobeotransfer.com\" target=\"_blank\" rel=\"noopener\">info@xacobeotransfer.com<\/a><\/p>\n<\/div>\n<\/div>\n<p>[\/vc_column_text][vc_custom_heading text=&#8221;Cruzar na desembocadura do Mi\u00f1o&#8221; font_container=&#8221;tag:h3|text_align:left&#8221; use_theme_fonts=&#8221;yes&#8221;][vc_single_image image=&#8221;15497&#8243; img_size=&#8221;747&#215;250&#8243; style=&#8221;vc_box_outline&#8221;][vc_column_text]Aquelas embarcaci\u00f3ns que queiran fondear nas augas do porto deben informarse no despacho de Pontevedra (zona sur) de Portos de Galicia.<\/p>\n<p>Tlf: <a href=\"tel:0034986853916\">986 853 916<\/a><\/p>\n<p><a href=\"http:\/\/www.portosdegalicia.es\/\" target=\"_blank\" rel=\"noopener\">+ Portos de Galicia<\/a>[\/vc_column_text][\/vc_column_inner][\/vc_row_inner][\/vc_column][\/vc_row]<\/p>\n","protected":false},"excerpt":{"rendered":"<p>[vc_row][vc_column][vc_custom_heading text=&#8221;COMO CHEGAR EN BARCO&#8221; use_theme_fonts=&#8221;yes&#8221; el_class=&#8221; title title&#8211;underline&#8221;][vc_column_text]A Guarda forma unha pequena pen\u00ednsula xa que est\u00e1 rodeada de auga en gran parte da s\u00faa extensi\u00f3n polo r\u00edo Mi\u00f1o e o oc\u00e9ano Atl\u00e1ntico. Est\u00e1 conectada con Portugal polo ferri que cruza o r\u00edo Mi\u00f1o (actualmente non est\u00e1 operativo) e os amantes do mar contan co<\/p>\n<div class=\"padding-top text-center\"><a href=\"https:\/\/www.turismoaguarda.es\/gl\/como-llegar-en-barco\/\" class=\"atbtn atbtn--medium atbtn--rounded atbtn--transparent\">Leer m\u00e1is<i class=\"atbtn__icon atbtn__icon--right fa fa-long-arrow-right\"><\/i><\/a><\/div>\n","protected":false},"author":4,"featured_media":0,"parent":0,"menu_order":0,"comment_status":"closed","ping_status":"closed","template":"template-page-with-sidebar.php","meta":{"footnotes":""},"class_list":["post-2260","page","type-page","status-publish","hentry"],"yoast_head":"<!-- This site is optimized with the Yoast SEO plugin v27.5 - https:\/\/yoast.com\/product\/yoast-seo-wordpress\/ -->\n<title>Como chegar en barco | Turismo A Guarda<\/title>\n<meta name=\"robots\" content=\"index, follow, max-snippet:-1, max-image-preview:large, max-video-preview:-1\" \/>\n<link rel=\"canonical\" href=\"https:\/\/www.turismoaguarda.es\/gl\/como-llegar-en-barco\/\" \/>\n<meta property=\"og:locale\" content=\"en_US\" \/>\n<meta property=\"og:type\" content=\"article\" \/>\n<meta property=\"og:title\" content=\"Como chegar en barco | Turismo A Guarda\" \/>\n<meta property=\"og:description\" content=\"[vc_row][vc_column][vc_custom_heading text=&#8221;COMO CHEGAR EN BARCO&#8221; use_theme_fonts=&#8221;yes&#8221; el_class=&#8221; title title&#8211;underline&#8221;][vc_column_text]A Guarda forma unha pequena pen\u00ednsula xa que est\u00e1 rodeada de auga en gran parte da s\u00faa extensi\u00f3n polo r\u00edo Mi\u00f1o e o oc\u00e9ano Atl\u00e1ntico. Est\u00e1 conectada con Portugal polo ferri que cruza o r\u00edo Mi\u00f1o (actualmente non est\u00e1 operativo) e os amantes do mar contan coLeer m\u00e1is\" \/>\n<meta property=\"og:url\" content=\"https:\/\/www.turismoaguarda.es\/gl\/como-llegar-en-barco\/\" \/>\n<meta property=\"og:site_name\" content=\"Turismo A Guarda\" \/>\n<meta property=\"article:publisher\" content=\"https:\/\/es-es.facebook.com\/Turismo-A-Guarda-126223240790625\/\" \/>\n<meta property=\"article:modified_time\" content=\"2025-04-22T17:08:57+00:00\" \/>\n<meta name=\"twitter:card\" content=\"summary_large_image\" \/>\n<meta name=\"twitter:site\" content=\"@TurismoAGuarda\" \/>\n<meta name=\"twitter:label1\" content=\"Est. reading time\" \/>\n\t<meta name=\"twitter:data1\" content=\"2 minutes\" \/>\n<script type=\"application\/ld+json\" class=\"yoast-schema-graph\">{\"@context\":\"https:\\\/\\\/schema.org\",\"@graph\":[{\"@type\":\"WebPage\",\"@id\":\"https:\\\/\\\/www.turismoaguarda.es\\\/gl\\\/como-llegar-en-barco\\\/\",\"url\":\"https:\\\/\\\/www.turismoaguarda.es\\\/gl\\\/como-llegar-en-barco\\\/\",\"name\":\"Como chegar en barco | Turismo A Guarda\",\"isPartOf\":{\"@id\":\"https:\\\/\\\/www.turismoaguarda.es\\\/#website\"},\"datePublished\":\"2016-04-20T23:27:46+00:00\",\"dateModified\":\"2025-04-22T17:08:57+00:00\",\"breadcrumb\":{\"@id\":\"https:\\\/\\\/www.turismoaguarda.es\\\/gl\\\/como-llegar-en-barco\\\/#breadcrumb\"},\"inLanguage\":\"gl\",\"potentialAction\":[{\"@type\":\"ReadAction\",\"target\":[\"https:\\\/\\\/www.turismoaguarda.es\\\/gl\\\/como-llegar-en-barco\\\/\"]}]},{\"@type\":\"BreadcrumbList\",\"@id\":\"https:\\\/\\\/www.turismoaguarda.es\\\/gl\\\/como-llegar-en-barco\\\/#breadcrumb\",\"itemListElement\":[{\"@type\":\"ListItem\",\"position\":1,\"name\":\"Portada\",\"item\":\"https:\\\/\\\/www.turismoaguarda.es\\\/gl\\\/\"},{\"@type\":\"ListItem\",\"position\":2,\"name\":\"Como chegar en barco\"}]},{\"@type\":\"WebSite\",\"@id\":\"https:\\\/\\\/www.turismoaguarda.es\\\/#website\",\"url\":\"https:\\\/\\\/www.turismoaguarda.es\\\/\",\"name\":\"Turismo A Guarda\",\"description\":\"Informaci\u00f3n tur\u00edstica de A Guarda y alrededores.\",\"potentialAction\":[{\"@type\":\"SearchAction\",\"target\":{\"@type\":\"EntryPoint\",\"urlTemplate\":\"https:\\\/\\\/www.turismoaguarda.es\\\/?s={search_term_string}\"},\"query-input\":{\"@type\":\"PropertyValueSpecification\",\"valueRequired\":true,\"valueName\":\"search_term_string\"}}],\"inLanguage\":\"gl\"}]}<\/script>\n<!-- \/ Yoast SEO plugin. -->","yoast_head_json":{"title":"Como chegar en barco | Turismo A Guarda","robots":{"index":"index","follow":"follow","max-snippet":"max-snippet:-1","max-image-preview":"max-image-preview:large","max-video-preview":"max-video-preview:-1"},"canonical":"https:\/\/www.turismoaguarda.es\/gl\/como-llegar-en-barco\/","og_locale":"en_US","og_type":"article","og_title":"Como chegar en barco | Turismo A Guarda","og_description":"[vc_row][vc_column][vc_custom_heading text=&#8221;COMO CHEGAR EN BARCO&#8221; use_theme_fonts=&#8221;yes&#8221; el_class=&#8221; title title&#8211;underline&#8221;][vc_column_text]A Guarda forma unha pequena pen\u00ednsula xa que est\u00e1 rodeada de auga en gran parte da s\u00faa extensi\u00f3n polo r\u00edo Mi\u00f1o e o oc\u00e9ano Atl\u00e1ntico. Est\u00e1 conectada con Portugal polo ferri que cruza o r\u00edo Mi\u00f1o (actualmente non est\u00e1 operativo) e os amantes do mar contan coLeer m\u00e1is","og_url":"https:\/\/www.turismoaguarda.es\/gl\/como-llegar-en-barco\/","og_site_name":"Turismo A Guarda","article_publisher":"https:\/\/es-es.facebook.com\/Turismo-A-Guarda-126223240790625\/","article_modified_time":"2025-04-22T17:08:57+00:00","twitter_card":"summary_large_image","twitter_site":"@TurismoAGuarda","twitter_misc":{"Est. reading time":"2 minutes"},"schema":{"@context":"https:\/\/schema.org","@graph":[{"@type":"WebPage","@id":"https:\/\/www.turismoaguarda.es\/gl\/como-llegar-en-barco\/","url":"https:\/\/www.turismoaguarda.es\/gl\/como-llegar-en-barco\/","name":"Como chegar en barco | Turismo A Guarda","isPartOf":{"@id":"https:\/\/www.turismoaguarda.es\/#website"},"datePublished":"2016-04-20T23:27:46+00:00","dateModified":"2025-04-22T17:08:57+00:00","breadcrumb":{"@id":"https:\/\/www.turismoaguarda.es\/gl\/como-llegar-en-barco\/#breadcrumb"},"inLanguage":"gl","potentialAction":[{"@type":"ReadAction","target":["https:\/\/www.turismoaguarda.es\/gl\/como-llegar-en-barco\/"]}]},{"@type":"BreadcrumbList","@id":"https:\/\/www.turismoaguarda.es\/gl\/como-llegar-en-barco\/#breadcrumb","itemListElement":[{"@type":"ListItem","position":1,"name":"Portada","item":"https:\/\/www.turismoaguarda.es\/gl\/"},{"@type":"ListItem","position":2,"name":"Como chegar en barco"}]},{"@type":"WebSite","@id":"https:\/\/www.turismoaguarda.es\/#website","url":"https:\/\/www.turismoaguarda.es\/","name":"Turismo A Guarda","description":"Informaci\u00f3n tur\u00edstica de A Guarda y alrededores.","potentialAction":[{"@type":"SearchAction","target":{"@type":"EntryPoint","urlTemplate":"https:\/\/www.turismoaguarda.es\/?s={search_term_string}"},"query-input":{"@type":"PropertyValueSpecification","valueRequired":true,"valueName":"search_term_string"}}],"inLanguage":"gl"}]}},"_links":{"self":[{"href":"https:\/\/www.turismoaguarda.es\/gl\/wp-json\/wp\/v2\/pages\/2260","targetHints":{"allow":["GET"]}}],"collection":[{"href":"https:\/\/www.turismoaguarda.es\/gl\/wp-json\/wp\/v2\/pages"}],"about":[{"href":"https:\/\/www.turismoaguarda.es\/gl\/wp-json\/wp\/v2\/types\/page"}],"author":[{"embeddable":true,"href":"https:\/\/www.turismoaguarda.es\/gl\/wp-json\/wp\/v2\/users\/4"}],"replies":[{"embeddable":true,"href":"https:\/\/www.turismoaguarda.es\/gl\/wp-json\/wp\/v2\/comments?post=2260"}],"version-history":[{"count":20,"href":"https:\/\/www.turismoaguarda.es\/gl\/wp-json\/wp\/v2\/pages\/2260\/revisions"}],"predecessor-version":[{"id":17915,"href":"https:\/\/www.turismoaguarda.es\/gl\/wp-json\/wp\/v2\/pages\/2260\/revisions\/17915"}],"wp:attachment":[{"href":"https:\/\/www.turismoaguarda.es\/gl\/wp-json\/wp\/v2\/media?parent=2260"}],"curies":[{"name":"wp","href":"https:\/\/api.w.org\/{rel}","templated":true}]}}