{"id":11207,"date":"2019-06-25T11:51:07","date_gmt":"2019-06-25T09:51:07","guid":{"rendered":"http:\/\/www.turismoaguarda.es\/?page_id=11207"},"modified":"2025-11-28T02:40:17","modified_gmt":"2025-11-28T01:40:17","slug":"aviso-legal","status":"publish","type":"page","link":"https:\/\/www.turismoaguarda.es\/gl\/aviso-legal\/","title":{"rendered":"Aviso legal"},"content":{"rendered":"<h1>AVISO LEGAL<\/h1>\n<h2>Datos do propietario<\/h2>\n<p>Conforme a lo establecido en la Ley de Servicios de la Sociedad de la Informaci\u00f3n (LSSI), se informa a los usuarios de www.turismoaguarda.es, que estos son los datos del propietario de este sitio web:<\/p>\n<ul>\n<li>Nombre: Concello da Guarda<\/li>\n<li>Direcci\u00f3n: C\/ Praza do Rel\u00f3, 4 CP:36780 \u2013 A Guarda (Pontevedra)<\/li>\n<li>CIF: P3602300J<\/li>\n<li>Tel\u00e9fono de Contacto:(+34) 986 610 000<\/li>\n<li>E-mail de Contacto: <a href=\"mailto:aguarda@aguarda.es\">aguarda@aguarda.es<\/a><\/li>\n<\/ul>\n<p>Neste espazo, os usuarios atopar\u00e1n toda a informaci\u00f3n relativa aos termos e condici\u00f3ns legais que definen as relaci\u00f3ns entre eles e Concello da Guarda como responsable de <a href=\"http:\/\/www.turismoaguarda.es\/\">www.turismoaguarda.es<\/a>. Como usuario, \u00e9 importante que co\u00f1ezas estes termos antes de continuar a t\u00faa navegaci\u00f3n.<\/p>\n<p>Concello da Guarda, como responsable de <a href=\"http:\/\/www.turismoaguarda.es\/\">www.turismoaguarda.es<\/a>, asume o compromiso de procesar a informaci\u00f3n dos nosos usuarios e clientes con plenas garant\u00edas e cumprir cos requisitos nacionais e europeos que regulan a recompilaci\u00f3n e uso dos datos persoais dos nosos usuarios.<\/p>\n<p><a href=\"http:\/\/www.turismoaguarda.es\/\">www.turismoaguarda.es<\/a>, por tanto, cumpre rigorosamente co RGPD (REGULAMENTO (UE) 2016\/679 de protecci\u00f3n de datos) e a LSSI-CE (Lei 34\/2002, do 11 de xullo, de Servizos da Sociedade da Informaci\u00f3n e de Comercio Electr\u00f3nico).<\/p>\n<p>Condici\u00f3ns xerais de uso<\/p>\n<p>As presentes Condici\u00f3ns Xerais regulan o uso (inclu\u00edndo o mero acceso) das p\u00e1xinas integrantes de <a href=\"http:\/\/www.turismoaguarda.es\/\">www.turismoaguarda.es<\/a>, inclu\u00eddos os contidos e servizos postos a disposici\u00f3n nelas. Toda persoa que acceda a <a href=\"http:\/\/www.turismoaguarda.es\/\">www.turismoaguarda.es<\/a> acepta someterse \u00e1s Condici\u00f3ns Xerais vixentes en cada momento nela.<\/p>\n<p>&nbsp;<\/p>\n<h2>Datos persoais que solicitamos e como o facemos<\/h2>\n<p>Le a <a href=\"https:\/\/www.turismoaguarda.es\/gl\/politica-de-privacidad\/\" target=\"_blank\" rel=\"noopener\">Pol\u00edtica de Privacidade<\/a><\/p>\n<p>&nbsp;<\/p>\n<h2>Compromisos e obrigaci\u00f3ns<\/h2>\n<p>O usuario queda informado, e acepta, que o acceso a <a href=\"http:\/\/www.turismoaguarda.es\/\">www.turismoaguarda.es<\/a> non sup\u00f3n, de ning\u00fan xeito, o inicio dunha relaci\u00f3n comercial con Concello da Guarda. Desta forma, o usuario comprom\u00e9tese a utilizar <a href=\"http:\/\/www.turismoaguarda.es\/\">www.turismoaguarda.es<\/a>, os seus servizos e contidos sen contravir a lexislaci\u00f3n vixente, a boa fe e a orde p\u00fablica.<\/p>\n<p>Queda prohibido o uso de <a href=\"http:\/\/www.turismoaguarda.es\/\">www.turismoaguarda.es<\/a>, con fins il\u00edcitos ou lesivos, ou que, de calquera forma, poidan causar prexu\u00edzo ou impedir o normal funcionamento da mesma. Respecto dos contidos, proh\u00edbese:<\/p>\n<p>A s\u00faa reproduci\u00f3n, distribuci\u00f3n ou modificaci\u00f3n, total ou parcial, a menos que se conte coa autorizaci\u00f3n dos seus lex\u00edtimos titulares.<\/p>\n<p>Calquera vulneraci\u00f3n dos dereitos do prestador ou dos lex\u00edtimos titulares.<\/p>\n<p>A s\u00faa utilizaci\u00f3n para fins comerciais ou publicitarios.<\/p>\n<p>Na utilizaci\u00f3n de <a href=\"http:\/\/www.turismoaguarda.es\/\">www.turismoaguarda.es<\/a> o usuario comprom\u00e9tese a non levar a cabo ningunha conduta que puidese danar a imaxe, os intereses e os dereitos de Concello da Guarda ou de terceiros ou que puidese danar, inutilizar ou sobrecargar <a href=\"http:\/\/www.turismoaguarda.es\/\">www.turismoaguarda.es<\/a> ou que impedise, de calquera forma, a s\u00faa normal utilizaci\u00f3n.<\/p>\n<p>Con todo, o usuario debe ser consciente de que as medidas de seguridade dos sistemas inform\u00e1ticos na internet non son enteiramente fiables e que, por tanto Concello da Guarda non pode garantir a inexistencia de virus ou outros elementos que poidan producir alteraci\u00f3ns nos sistemas inform\u00e1ticos do usuario ou nos seus documentos electr\u00f3nicos e ficheiros contidos nos mesmos.<\/p>\n<p>&nbsp;<\/p>\n<h2>Medidas de seguridade<\/h2>\n<p>Os datos persoais comunicados polo usuario a Concello da Guarda poden ser almacenados en bases de datos automatizadas ou non, cuxa titularidade corresponde en exclusiva a Concello da Guarda, asumindo esta todas as medidas de \u00edndole t\u00e9cnica, organizativa e de seguridade que garanten a confidencialidade, integridade e calidade da informaci\u00f3n contida nas mesmas de acordo co establecido na normativa vixente en protecci\u00f3n de datos.<\/p>\n<p>A comunicaci\u00f3n entre os usuarios e Concello da Guarda utiliza unha canle segura, e os datos transmitidos son cifrados grazas a protocolos a HTTPS. Por tanto, garantimos as mellores condici\u00f3ns de seguridade para que a confidencialidade dos usuarios estea garantida.<\/p>\n<p>&nbsp;<\/p>\n<h2>Reclamaci\u00f3ns<\/h2>\n<p>O usuario poder\u00e1 realizar reclamaci\u00f3ns remitindo un correo electr\u00f3nico a <a href=\"mailto:aguarda@aguarda.es\">aguarda@aguarda.es<\/a>\u00a0 indicando o seu nome e apelidos, o servizo solicitado e expo\u00f1endo os motivos da s\u00faa reclamaci\u00f3n<\/p>\n<p>Plataforma de resoluci\u00f3n de conflitos<\/p>\n<p>Por se pode ser do teu interese, para someter as t\u00faas reclamaci\u00f3ns podes utilizar tam\u00e9n a plataforma de resoluci\u00f3n de litixios que facilita a Comisi\u00f3n Europea e que se atopa dispo\u00f1ible aqu\u00ed.<\/p>\n<p>&nbsp;<\/p>\n<h2>Dereitos de propiedade intelectual e industrial<\/h2>\n<p>En virtude do disposto na Lei de Propiedade Intelectual, quedan expresamente prohibidas a reproduci\u00f3n, a distribuci\u00f3n e a comunicaci\u00f3n p\u00fablica, inclu\u00edda a s\u00faa modalidade de posta ao dispor, da totalidade ou parte dos contidos de <a href=\"http:\/\/www.turismoaguarda.es\/\">www.turismoaguarda.es<\/a>, con fins comerciais, en calquera soporte e por calquera medio t\u00e9cnico, sen a autorizaci\u00f3n de Concello d\u00e1 Garda. O usuario comprom\u00e9tese a respectar os dereitos de Propiedade Intelectual e Industrial titularidade de Concello da Guarda.<\/p>\n<p>O usuario co\u00f1ece e acepta que a totalidade de <a href=\"http:\/\/www.turismoaguarda.es\/\">www.turismoaguarda.es<\/a>, contendo sen car\u00e1cter exhaustivo o texto, software, contidos (inclu\u00edndo estrutura, selecci\u00f3n, ordenaci\u00f3n e presentaci\u00f3n dos mesmos) podcast, fotograf\u00edas, material audiovisual e gr\u00e1ficos, est\u00e1 protexida por marcas, dereitos de autor e outros dereitos lex\u00edtimos, de acordo con os tratados internacionais nos que Espa\u00f1a \u00e9 parte e outros dereitos de propiedade e leis de Espa\u00f1a.<\/p>\n<p>No caso de que un usuario ou un terceiro consideren que se produciu unha violaci\u00f3n dos seus lex\u00edtimos dereitos de propiedade intelectual pola introduci\u00f3n dun determinado contido en <a href=\"http:\/\/www.turismoaguarda.es\/\">www.turismoaguarda.es<\/a>, deber\u00e1 notificar dita circunstancia a Concello da Guarda indicando:<\/p>\n<p>Datos persoais do interesado titular dos dereitos presuntamente infrinxidos, ou indicar a representaci\u00f3n coa que act\u00faa no caso de que a reclamaci\u00f3n a presente un terceiro distinto do interesado.<\/p>\n<p>Sinalar os contidos protexidos polos dereitos de propiedade intelectual e a s\u00faa localizaci\u00f3n en <a href=\"http:\/\/www.turismoaguarda.es\/\">www.turismoaguarda.es<\/a> , a acreditaci\u00f3n dos dereitos de propiedade intelectual sinalados e declaraci\u00f3n expresa na que o interesado responsabil\u00edzase da veracidade das informaci\u00f3ns facilitadas na notificaci\u00f3n.<\/p>\n<p>&nbsp;<\/p>\n<h2>Ligaz\u00f3ns externas<\/h2>\n<p><a href=\"http:\/\/www.turismoaguarda.es\/\">www.turismoaguarda.es<\/a>, proporciona ligaz\u00f3ns a outros sitios web e contidos que son propiedade de terceiros tales como:<\/p>\n<ul>\n<li>Contidos doutros blogs, p\u00e1xinas web.<\/li>\n<li>Ferramentas.<\/li>\n<li>Recursos.<\/li>\n<\/ul>\n<p>O \u00fanico obxecto das ligaz\u00f3ns \u00e9 proporcionar ao usuario a posibilidade de acceder \u00e1s devanditos ligaz\u00f3ns.<\/p>\n<p>Concello da Guarda non se responsabiliza en ning\u00fan caso dos resultados que poidan derivarse ao usuario por acceso \u00e1s devanditos ligaz\u00f3ns.<\/p>\n<p>O usuario que se propo\u00f1a establecer calquera dispositivo t\u00e9cnico de ligaz\u00f3n desde o seu sitio web a <a href=\"http:\/\/www.turismoaguarda.es\/\">www.turismoaguarda.es<\/a>\u00a0 deber\u00e1 obter a autorizaci\u00f3n previa e escrita de <a href=\"http:\/\/www.turismoaguarda.es\/\">www.turismoaguarda.es<\/a>. O establecemento da ligaz\u00f3n non implica en ning\u00fan caso a existencia de relaci\u00f3ns entre Concello da Guarda e o propietario do sitio no que se estableza a ligaz\u00f3n, nin a aceptaci\u00f3n ou aprobaci\u00f3n por parte de Concello da Guarda dos seus contidos ou servizos.<\/p>\n<p>&nbsp;<\/p>\n<h2>Pol\u00edtica de comentarios<\/h2>\n<p>En <a href=\"http:\/\/www.turismoaguarda.es\/\">www.turismoaguarda.es<\/a> perm\u00edtense realizar comentarios para enriquecer os contidos e realizar consultas.<\/p>\n<p>Non se admitir\u00e1n comentarios que non estean relacionados coa tem\u00e1tica de <a href=\"http:\/\/www.turismoaguarda.es\/\">www.turismoaguarda.es<\/a>, que incl\u00faan difamaci\u00f3ns, agravios, insultos, ataques persoais ou faltas de respecto en xeral cara ao autor ou cara a outros membros.<\/p>\n<p>Tam\u00e9n ser\u00e1n suprimidos os comentarios que conte\u00f1an informaci\u00f3n que sexa obviamente enganosa ou falsa, as\u00ed como os comentarios que conte\u00f1an informaci\u00f3n persoal, como, por exemplo, domicilios privados ou tel\u00e9fonos e que vulneren a nosa pol\u00edtica de protecci\u00f3n de datos.<\/p>\n<p>Desestimarase, igualmente, aqueles comentarios creados s\u00f3 con fins promocionais de <a href=\"http:\/\/www.turismoaguarda.es\/\">www.turismoaguarda.es<\/a>, persoa ou colectivo e todo o que poida ser considerado SPAM en xeral.<\/p>\n<p>Non se permiten comentarios an\u00f3nimos, as\u00ed como aqueles realizados por unha mesma persoa con distintos alcumes. Non se permitir\u00e1n tampouco aqueles comentarios que tenten forzar un debate ou unha toma de postura por outro usuario.<\/p>\n<p>&nbsp;<\/p>\n<h2>Exclusi\u00f3n de garant\u00edas e responsabilidades<\/h2>\n<p>Concello da Guarda non outorga ningunha garant\u00eda nin se fai responsable, en ning\u00fan caso, dos danos e prexu\u00edzos de calquera natureza que puidesen traer causa de:<\/p>\n<p>A falta de dispo\u00f1ibilidade, mantemento e efectivo funcionamento de <a href=\"http:\/\/www.turismoaguarda.es\/\">www.turismoaguarda.es<\/a>, ou dos seus servizos e contidos.<\/p>\n<p>A existencia de virus, programas maliciosos ou lesivos nos contidos.<\/p>\n<p>O uso il\u00edcito, neglixente, fraudulento ou contrario a este Aviso Legal.<\/p>\n<p>A falta de licitude, calidade, fiabilidade, utilidade e dispo\u00f1ibilidade dos servizos prestados por terceiros e postos ao dispor dos usuarios en <a href=\"http:\/\/www.turismoaguarda.es\/\">www.turismoaguarda.es<\/a>.<\/p>\n<p>Os danos que puidesen dimanar do uso ilegal ou indebido de <a href=\"http:\/\/www.turismoaguarda.es\/\">www.turismoaguarda.es<\/a>.<\/p>\n<p>&nbsp;<\/p>\n<h2>Lei aplicable e xurisdici\u00f3n<\/h2>\n<p>Con car\u00e1cter xeral as relaci\u00f3ns entre Concello da Guarda cos usuarios dos seus servizos telem\u00e1ticos, presentes en <a href=\"http:\/\/www.turismoaguarda.es\/\">www.turismoaguarda.es<\/a> at\u00f3panse sometidas \u00e1 lexislaci\u00f3n e xurisdici\u00f3n espa\u00f1olas e aos tribunais m\u00e1is pr\u00f3ximos A Guarda (Pontevedra).<\/p>\n<p>&nbsp;<\/p>\n<h2>Contacto<\/h2>\n<p>No caso de que calquera usuario tivese algunha d\u00fabida acerca destas Condici\u00f3ns Legais ou calquera comentario sobre <a href=\"http:\/\/www.turismoaguarda.es\/\">www.turismoaguarda.es<\/a>, por favor dir\u00edxase a <a href=\"mailto:aguarda@aguarda.es\">aguarda@aguarda.es<\/a><\/p>\n<p>O Aviso Legal foi actualizado por \u00faltima vez o 07 de xu\u00f1o do 2019.<\/p>\n<p>&nbsp;<\/p>\n<p>&nbsp;<\/p>\n<p>&nbsp;<\/p>\n","protected":false},"excerpt":{"rendered":"<p>AVISO LEGAL Datos do propietario Conforme a lo establecido en la Ley de Servicios de la Sociedad de la Informaci\u00f3n (LSSI), se informa a los usuarios de www.turismoaguarda.es, que estos son los datos del propietario de este sitio web: Nombre: Concello da Guarda Direcci\u00f3n: C\/ Praza do Rel\u00f3, 4 CP:36780 \u2013 A Guarda (Pontevedra) CIF:<\/p>\n<div class=\"padding-top text-center\"><a href=\"https:\/\/www.turismoaguarda.es\/gl\/aviso-legal\/\" class=\"atbtn atbtn--medium atbtn--rounded atbtn--transparent\">Leer m\u00e1is<i class=\"atbtn__icon atbtn__icon--right fa fa-long-arrow-right\"><\/i><\/a><\/div>\n","protected":false},"author":1,"featured_media":0,"parent":0,"menu_order":0,"comment_status":"closed","ping_status":"closed","template":"","meta":{"footnotes":""},"class_list":["post-11207","page","type-page","status-publish","hentry"],"yoast_head":"<!-- This site is optimized with the Yoast SEO plugin v27.5 - https:\/\/yoast.com\/product\/yoast-seo-wordpress\/ -->\n<title>Aviso legal | Turismo A Guarda<\/title>\n<meta name=\"robots\" content=\"index, follow, max-snippet:-1, max-image-preview:large, max-video-preview:-1\" \/>\n<link rel=\"canonical\" href=\"https:\/\/www.turismoaguarda.es\/gl\/aviso-legal\/\" \/>\n<meta property=\"og:locale\" content=\"en_US\" \/>\n<meta property=\"og:type\" content=\"article\" \/>\n<meta property=\"og:title\" content=\"Aviso legal | Turismo A Guarda\" \/>\n<meta property=\"og:description\" content=\"AVISO LEGAL Datos do propietario Conforme a lo establecido en la Ley de Servicios de la Sociedad de la Informaci\u00f3n (LSSI), se informa a los usuarios de www.turismoaguarda.es, que estos son los datos del propietario de este sitio web: Nombre: Concello da Guarda Direcci\u00f3n: C\/ Praza do Rel\u00f3, 4 CP:36780 \u2013 A Guarda (Pontevedra) CIF:Leer m\u00e1is\" \/>\n<meta property=\"og:url\" content=\"https:\/\/www.turismoaguarda.es\/gl\/aviso-legal\/\" \/>\n<meta property=\"og:site_name\" content=\"Turismo A Guarda\" \/>\n<meta property=\"article:publisher\" content=\"https:\/\/es-es.facebook.com\/Turismo-A-Guarda-126223240790625\/\" \/>\n<meta property=\"article:modified_time\" content=\"2025-11-28T01:40:17+00:00\" \/>\n<meta name=\"twitter:card\" content=\"summary_large_image\" \/>\n<meta name=\"twitter:site\" content=\"@TurismoAGuarda\" \/>\n<meta name=\"twitter:label1\" content=\"Est. reading time\" \/>\n\t<meta name=\"twitter:data1\" content=\"7 minutes\" \/>\n<script type=\"application\/ld+json\" class=\"yoast-schema-graph\">{\"@context\":\"https:\\\/\\\/schema.org\",\"@graph\":[{\"@type\":\"WebPage\",\"@id\":\"https:\\\/\\\/www.turismoaguarda.es\\\/gl\\\/aviso-legal\\\/\",\"url\":\"https:\\\/\\\/www.turismoaguarda.es\\\/gl\\\/aviso-legal\\\/\",\"name\":\"Aviso legal | Turismo A Guarda\",\"isPartOf\":{\"@id\":\"https:\\\/\\\/www.turismoaguarda.es\\\/#website\"},\"datePublished\":\"2019-06-25T09:51:07+00:00\",\"dateModified\":\"2025-11-28T01:40:17+00:00\",\"breadcrumb\":{\"@id\":\"https:\\\/\\\/www.turismoaguarda.es\\\/gl\\\/aviso-legal\\\/#breadcrumb\"},\"inLanguage\":\"gl\",\"potentialAction\":[{\"@type\":\"ReadAction\",\"target\":[\"https:\\\/\\\/www.turismoaguarda.es\\\/gl\\\/aviso-legal\\\/\"]}]},{\"@type\":\"BreadcrumbList\",\"@id\":\"https:\\\/\\\/www.turismoaguarda.es\\\/gl\\\/aviso-legal\\\/#breadcrumb\",\"itemListElement\":[{\"@type\":\"ListItem\",\"position\":1,\"name\":\"Portada\",\"item\":\"https:\\\/\\\/www.turismoaguarda.es\\\/gl\\\/\"},{\"@type\":\"ListItem\",\"position\":2,\"name\":\"Aviso legal\"}]},{\"@type\":\"WebSite\",\"@id\":\"https:\\\/\\\/www.turismoaguarda.es\\\/#website\",\"url\":\"https:\\\/\\\/www.turismoaguarda.es\\\/\",\"name\":\"Turismo A Guarda\",\"description\":\"Informaci\u00f3n tur\u00edstica de A Guarda y alrededores.\",\"potentialAction\":[{\"@type\":\"SearchAction\",\"target\":{\"@type\":\"EntryPoint\",\"urlTemplate\":\"https:\\\/\\\/www.turismoaguarda.es\\\/?s={search_term_string}\"},\"query-input\":{\"@type\":\"PropertyValueSpecification\",\"valueRequired\":true,\"valueName\":\"search_term_string\"}}],\"inLanguage\":\"gl\"}]}<\/script>\n<!-- \/ Yoast SEO plugin. -->","yoast_head_json":{"title":"Aviso legal | Turismo A Guarda","robots":{"index":"index","follow":"follow","max-snippet":"max-snippet:-1","max-image-preview":"max-image-preview:large","max-video-preview":"max-video-preview:-1"},"canonical":"https:\/\/www.turismoaguarda.es\/gl\/aviso-legal\/","og_locale":"en_US","og_type":"article","og_title":"Aviso legal | Turismo A Guarda","og_description":"AVISO LEGAL Datos do propietario Conforme a lo establecido en la Ley de Servicios de la Sociedad de la Informaci\u00f3n (LSSI), se informa a los usuarios de www.turismoaguarda.es, que estos son los datos del propietario de este sitio web: Nombre: Concello da Guarda Direcci\u00f3n: C\/ Praza do Rel\u00f3, 4 CP:36780 \u2013 A Guarda (Pontevedra) CIF:Leer m\u00e1is","og_url":"https:\/\/www.turismoaguarda.es\/gl\/aviso-legal\/","og_site_name":"Turismo A Guarda","article_publisher":"https:\/\/es-es.facebook.com\/Turismo-A-Guarda-126223240790625\/","article_modified_time":"2025-11-28T01:40:17+00:00","twitter_card":"summary_large_image","twitter_site":"@TurismoAGuarda","twitter_misc":{"Est. reading time":"7 minutes"},"schema":{"@context":"https:\/\/schema.org","@graph":[{"@type":"WebPage","@id":"https:\/\/www.turismoaguarda.es\/gl\/aviso-legal\/","url":"https:\/\/www.turismoaguarda.es\/gl\/aviso-legal\/","name":"Aviso legal | Turismo A Guarda","isPartOf":{"@id":"https:\/\/www.turismoaguarda.es\/#website"},"datePublished":"2019-06-25T09:51:07+00:00","dateModified":"2025-11-28T01:40:17+00:00","breadcrumb":{"@id":"https:\/\/www.turismoaguarda.es\/gl\/aviso-legal\/#breadcrumb"},"inLanguage":"gl","potentialAction":[{"@type":"ReadAction","target":["https:\/\/www.turismoaguarda.es\/gl\/aviso-legal\/"]}]},{"@type":"BreadcrumbList","@id":"https:\/\/www.turismoaguarda.es\/gl\/aviso-legal\/#breadcrumb","itemListElement":[{"@type":"ListItem","position":1,"name":"Portada","item":"https:\/\/www.turismoaguarda.es\/gl\/"},{"@type":"ListItem","position":2,"name":"Aviso legal"}]},{"@type":"WebSite","@id":"https:\/\/www.turismoaguarda.es\/#website","url":"https:\/\/www.turismoaguarda.es\/","name":"Turismo A Guarda","description":"Informaci\u00f3n tur\u00edstica de A Guarda y alrededores.","potentialAction":[{"@type":"SearchAction","target":{"@type":"EntryPoint","urlTemplate":"https:\/\/www.turismoaguarda.es\/?s={search_term_string}"},"query-input":{"@type":"PropertyValueSpecification","valueRequired":true,"valueName":"search_term_string"}}],"inLanguage":"gl"}]}},"_links":{"self":[{"href":"https:\/\/www.turismoaguarda.es\/gl\/wp-json\/wp\/v2\/pages\/11207","targetHints":{"allow":["GET"]}}],"collection":[{"href":"https:\/\/www.turismoaguarda.es\/gl\/wp-json\/wp\/v2\/pages"}],"about":[{"href":"https:\/\/www.turismoaguarda.es\/gl\/wp-json\/wp\/v2\/types\/page"}],"author":[{"embeddable":true,"href":"https:\/\/www.turismoaguarda.es\/gl\/wp-json\/wp\/v2\/users\/1"}],"replies":[{"embeddable":true,"href":"https:\/\/www.turismoaguarda.es\/gl\/wp-json\/wp\/v2\/comments?post=11207"}],"version-history":[{"count":3,"href":"https:\/\/www.turismoaguarda.es\/gl\/wp-json\/wp\/v2\/pages\/11207\/revisions"}],"predecessor-version":[{"id":18260,"href":"https:\/\/www.turismoaguarda.es\/gl\/wp-json\/wp\/v2\/pages\/11207\/revisions\/18260"}],"wp:attachment":[{"href":"https:\/\/www.turismoaguarda.es\/gl\/wp-json\/wp\/v2\/media?parent=11207"}],"curies":[{"name":"wp","href":"https:\/\/api.w.org\/{rel}","templated":true}]}}