{"id":830,"date":"2015-09-30T09:39:29","date_gmt":"2015-09-30T09:39:29","guid":{"rendered":"http:\/\/adventure-tours.themedelight.com\/?page_id=830"},"modified":"2015-09-30T09:39:29","modified_gmt":"2015-09-30T09:39:29","slug":"shortcode-other","status":"publish","type":"page","link":"https:\/\/www.turismoaguarda.es\/en\/shortcode-other\/","title":{"rendered":"Shortcode other"},"content":{"rendered":"<p>[vc_row el_class=&#8221;margin-bottom&#8221;][vc_column offset=&#8221;vc_col-md-7&#8243;]<div class=\"last-posts\">\n<div class=\"title title--center title--underline title--decoration-bottom-center\">\n\t\t<h3 class=\"title__primary\">Latest Posts<\/h3>\n<\/div>\n\t\t<div class=\"last-posts__item last-posts__item--with-images\">\n\t\t<div class=\"last-posts__item__container\">\n\t\t<a href=\"https:\/\/www.turismoaguarda.es\/en\/descubre-a-guarda-en-esta-semana-santa\/\" class=\"last-posts__item__image-wrap\"><img loading=\"lazy\" decoding=\"async\" width=\"1140\" height=\"760\" src=\"https:\/\/www.turismoaguarda.es\/wp-content\/uploads\/2026\/03\/WhatsApp-Image-2026-03-30-at-11.51.43-1140x760.jpeg\" class=\"attachment-thumb_last_posts_shortcode size-thumb_last_posts_shortcode wp-post-image\" alt=\"\" \/><\/a>\t\t\t<div class=\"last-posts__item__content\">\n\t\t\t\t<h3 class=\"last-posts__item__title\"><a href=\"https:\/\/www.turismoaguarda.es\/en\/descubre-a-guarda-en-esta-semana-santa\/\">Descubre A Guarda en esta Semana Santa<\/a><\/h3>\n\t\t\t\t<div class=\"last-posts__item__description\">A Guarda se convierte en la Semana Santa en la referencia del Baixo Mi\u00f1o con una gran tradici\u00f3n de sus celebraciones religiosas. Pero adem\u00e1s, la<\/div>\n\t\t\t\t<a href=\"https:\/\/www.turismoaguarda.es\/en\/descubre-a-guarda-en-esta-semana-santa\/\" class=\"atbtn atbtn--rounded atbtn--medium atbtn--light\">Read more<i class=\"atbtn__icon atbtn__icon--right fa fa-long-arrow-right\"><\/i><\/a>\n\t\t\t<\/div>\n\t\t<\/div>\n\t<\/div>\n\t<\/div>\n[\/vc_column][vc_column offset=&#8221;vc_col-md-5&#8243;][vc_empty_space height=&#8221;40px&#8221; el_class=&#8221;visible-sm visible-xs&#8221;]<div class=\"title title--center title--underline title--decoration-bottom-center\">\n\t\t<h3 class=\"title__primary\">timeline<\/h3>\n<\/div>\n<div class=\"timeline\"><div class=\"timeline__item\">\n\t<div class=\"timeline__item__icon-wrap\">\n\t\t<div class=\"timeline__item__icon\">\n\t\t\t<div class=\"timeline__item__icon__text\">1<\/div>\n\t\t<\/div>\n\t<\/div>\n\t<div class=\"timeline__item__content padding-left\">\n\t\t<h3 class=\"timeline__item__title\">Day 1<\/h3>\t\t<div class=\"timeline__item__description\">Lorem ipsum 1<\/div>\t<\/div>\n<\/div>\n<div class=\"timeline__item\">\n\t<div class=\"timeline__item__icon-wrap\">\n\t\t<div class=\"timeline__item__icon\">\n\t\t\t<div class=\"timeline__item__icon__text\">2<\/div>\n\t\t<\/div>\n\t<\/div>\n\t<div class=\"timeline__item__content padding-left\">\n\t\t<h3 class=\"timeline__item__title\">Day 2<\/h3>\t\t<div class=\"timeline__item__description\">Lorem ipsum 2<\/div>\t<\/div>\n<\/div>\n<div class=\"timeline__item\">\n\t<div class=\"timeline__item__icon-wrap\">\n\t\t<div class=\"timeline__item__icon\">\n\t\t\t<div class=\"timeline__item__icon__text\">3<\/div>\n\t\t<\/div>\n\t<\/div>\n\t<div class=\"timeline__item__content padding-left\">\n\t\t<h3 class=\"timeline__item__title\">Day 3<\/h3>\t\t<div class=\"timeline__item__description\">Lorem ipsum 3<\/div>\t<\/div>\n<\/div>\n<div class=\"timeline__item\">\n\t<div class=\"timeline__item__icon-wrap\">\n\t\t<div class=\"timeline__item__icon\">\n\t\t\t<div class=\"timeline__item__icon__text\">4<\/div>\n\t\t<\/div>\n\t<\/div>\n\t<div class=\"timeline__item__content padding-left\">\n\t\t<h3 class=\"timeline__item__title\">Day 4<\/h3>\t\t<div class=\"timeline__item__description\">Lorem ipsum 4<\/div>\t<\/div>\n<\/div>\n<\/div>[\/vc_column][\/vc_row][vc_row][vc_column]<div class=\"title title--big title--center title--underline title--decoration-bottom-center\">\n\t\t\t<div class=\"title__subtitle\">Shortcode<\/div>\n\t\t<h3 class=\"title__primary\">Icon set<\/h3>\n<\/div>\n<div class=\"icons-set margin-bottom-large\">\n\t<div class=\"row icons-set__row\">\n\t\t\t\t\t<div class=\"col-sm-4\">\n\t\t\t<div class=\"icons-set__item\">\n\t\t\t\t\t\t\t\t\t<div class=\"icons-set__item__field icons-set__item__field--fix-size\">\n\t\t\t\t\t\t<div class=\"icons-set__item__icon-wrap\"><i class=\"icons-set__item__icon td-earth-1\"><\/i><\/div>\n\t\t\t\t\t<\/div>\n\t\t\t\t\t\t\t\t<div class=\"icons-set__item__field\">\n\t\t\t\t\t\t\t\t\t\t\t<h3 class=\"icons-set__item__title\">Diverse destinations<\/h3>\n\t\t\t\t\t\t\t\t\t\t<div class=\"icons-set__item__description\">Habitasse. Nunc mollis erat dapibus in commodo eu nisi. Odio purus magnis lorem.<\/div>\n\t\t\t\t<\/div>\n\t\t\t<\/div>\n\t\t<\/div>\n\t\t\t\t\t<div class=\"col-sm-4\">\n\t\t\t<div class=\"icons-set__item\">\n\t\t\t\t\t\t\t\t\t<div class=\"icons-set__item__field icons-set__item__field--fix-size\">\n\t\t\t\t\t\t<div class=\"icons-set__item__icon-wrap\"><i class=\"icons-set__item__icon td-banknote-1\"><\/i><\/div>\n\t\t\t\t\t<\/div>\n\t\t\t\t\t\t\t\t<div class=\"icons-set__item__field\">\n\t\t\t\t\t\t\t\t\t\t\t<h3 class=\"icons-set__item__title\">Best prices<\/h3>\n\t\t\t\t\t\t\t\t\t\t<div class=\"icons-set__item__description\">Nulla imperdiet dictum laoreet netus. Habitant ullamcorper. Auctor auctor cras.<\/div>\n\t\t\t\t<\/div>\n\t\t\t<\/div>\n\t\t<\/div>\n\t\t\t\t\t<div class=\"col-sm-4\">\n\t\t\t<div class=\"icons-set__item\">\n\t\t\t\t\t\t\t\t\t<div class=\"icons-set__item__field icons-set__item__field--fix-size\">\n\t\t\t\t\t\t<div class=\"icons-set__item__icon-wrap\"><i class=\"icons-set__item__icon td-photocamera-5\"><\/i><\/div>\n\t\t\t\t\t<\/div>\n\t\t\t\t\t\t\t\t<div class=\"icons-set__item__field\">\n\t\t\t\t\t\t\t\t\t\t\t<h3 class=\"icons-set__item__title\">Beautiful places<\/h3>\n\t\t\t\t\t\t\t\t\t\t<div class=\"icons-set__item__description\">Eu molestie Purus ac. Facilisis hac in metus nunc parturient ornare consequat enim.<\/div>\n\t\t\t\t<\/div>\n\t\t\t<\/div>\n\t\t<\/div>\n\t\t\t<\/div><div class=\"row icons-set__row\">\t\t<div class=\"col-sm-4\">\n\t\t\t<div class=\"icons-set__item\">\n\t\t\t\t\t\t\t\t\t<div class=\"icons-set__item__field icons-set__item__field--fix-size\">\n\t\t\t\t\t\t<div class=\"icons-set__item__icon-wrap\"><i class=\"icons-set__item__icon td-calendar-2\"><\/i><\/div>\n\t\t\t\t\t<\/div>\n\t\t\t\t\t\t\t\t<div class=\"icons-set__item__field\">\n\t\t\t\t\t\t\t\t\t\t\t<h3 class=\"icons-set__item__title\">Fast booking<\/h3>\n\t\t\t\t\t\t\t\t\t\t<div class=\"icons-set__item__description\">Torquent egestas. Per integer placerat ipsum quam adipiscing vehicula nisi.<\/div>\n\t\t\t\t<\/div>\n\t\t\t<\/div>\n\t\t<\/div>\n\t\t\t\t\t<div class=\"col-sm-4\">\n\t\t\t<div class=\"icons-set__item\">\n\t\t\t\t\t\t\t\t\t<div class=\"icons-set__item__field icons-set__item__field--fix-size\">\n\t\t\t\t\t\t<div class=\"icons-set__item__icon-wrap\"><i class=\"icons-set__item__icon td-chat\"><\/i><\/div>\n\t\t\t\t\t<\/div>\n\t\t\t\t\t\t\t\t<div class=\"icons-set__item__field\">\n\t\t\t\t\t\t\t\t\t\t\t<h3 class=\"icons-set__item__title\">Instant help<\/h3>\n\t\t\t\t\t\t\t\t\t\t<div class=\"icons-set__item__description\">Turpis accumsan. Proin id ligula suspendisse. Aliquet fringilla, aptent eu dignissim.<\/div>\n\t\t\t\t<\/div>\n\t\t\t<\/div>\n\t\t<\/div>\n\t\t\t\t\t<div class=\"col-sm-4\">\n\t\t\t<div class=\"icons-set__item\">\n\t\t\t\t\t\t\t\t\t<div class=\"icons-set__item__field icons-set__item__field--fix-size\">\n\t\t\t\t\t\t<div class=\"icons-set__item__icon-wrap\"><i class=\"icons-set__item__icon td-heart\"><\/i><\/div>\n\t\t\t\t\t<\/div>\n\t\t\t\t\t\t\t\t<div class=\"icons-set__item__field\">\n\t\t\t\t\t\t\t\t\t\t\t<h3 class=\"icons-set__item__title\">Emotional travel<\/h3>\n\t\t\t\t\t\t\t\t\t\t<div class=\"icons-set__item__description\">Metus cubilia aenean. Fusce, dapibus netus nullam interdum ut vehicula.<\/div>\n\t\t\t\t<\/div>\n\t\t\t<\/div>\n\t\t<\/div>\n\t\t<\/div>\n<\/div>\n[\/vc_column][\/vc_row][vc_row][vc_column offset=&#8221;vc_col-md-6&#8243;]<div class=\"title title--center title--underline title--decoration-bottom-center\">\n\t\t<h3 class=\"title__primary\">Accordion<\/h3>\n<\/div>\n<div class=\"panel-group accordion accordion--with-border\" id=\"ataccordion1\">\n<div class=\"panel panel-default accordion__item\">\n\t<div class=\"panel-heading accordion__item__title-wrap\">\n\t\t<h4 class=\"panel-title\">\n\t\t\t<a data-toggle=\"collapse\" data-parent=\"#ataccordion1\" href=\"#ataccordion1_1\" class=\"accordion__item__link\">Title 1<\/a>\n\t\t<\/h4>\n\t<\/div>\n\t<div id=\"ataccordion1_1\" class=\"panel-collapse in\">\n\t\t<div class=\"panel-body accordion__item__content\">Lorem ipsum 1<\/div>\n\t<\/div>\n<\/div> \n<div class=\"panel panel-default accordion__item\">\n\t<div class=\"panel-heading accordion__item__title-wrap\">\n\t\t<h4 class=\"panel-title\">\n\t\t\t<a data-toggle=\"collapse\" data-parent=\"#ataccordion1\" href=\"#ataccordion1_2\" class=\"accordion__item__link collapsed\">Title 2<\/a>\n\t\t<\/h4>\n\t<\/div>\n\t<div id=\"ataccordion1_2\" class=\"panel-collapse collapse\">\n\t\t<div class=\"panel-body accordion__item__content\">Lorem ipsum 2<\/div>\n\t<\/div>\n<\/div> \n<div class=\"panel panel-default accordion__item\">\n\t<div class=\"panel-heading accordion__item__title-wrap\">\n\t\t<h4 class=\"panel-title\">\n\t\t\t<a data-toggle=\"collapse\" data-parent=\"#ataccordion1\" href=\"#ataccordion1_3\" class=\"accordion__item__link collapsed\">Title 3<\/a>\n\t\t<\/h4>\n\t<\/div>\n\t<div id=\"ataccordion1_3\" class=\"panel-collapse collapse\">\n\t\t<div class=\"panel-body accordion__item__content\">Lorem ipsum 3<\/div>\n\t<\/div>\n<\/div><\/div>[\/vc_column][vc_column offset=&#8221;vc_col-md-6&#8243;][vc_empty_space height=&#8221;40px&#8221; el_class=&#8221;visible-sm visible-xs&#8221;]<div class=\"title title--center title--underline title--decoration-bottom-center\">\n\t\t<h3 class=\"title__primary\">Tabs<\/h3>\n<\/div>\n<div class=\"tours-tabs tours-tabs--with-border\">\n\t<ul class=\"nav nav-tabs\">\n\t<li class=\"active\"><a href=\"#attab1_1\" data-toggle=\"tab\">Title 1<\/a><\/li><li><a href=\"#attab1_2\" data-toggle=\"tab\">Title 2<\/a><\/li><li><a href=\"#attab1_3\" data-toggle=\"tab\">Title 3<\/a><\/li>\t<\/ul>\n\t<div class=\"tab-content\">\n\t<div class=\"tab-pane active\" id=\"attab1_1\"><div class=\"tours-tabs__content padding-all\">Lorem ipsum 1<\/div><\/div><div class=\"tab-pane\" id=\"attab1_2\"><div class=\"tours-tabs__content padding-all\">Lorem ipsum 2<\/div><\/div><div class=\"tab-pane\" id=\"attab1_3\"><div class=\"tours-tabs__content padding-all\">Lorem ipsum 3<\/div><\/div>\t<\/div>\n<\/div>[\/vc_column][\/vc_row]<\/p>\n","protected":false},"excerpt":{"rendered":"<p>[vc_row el_class=&#8221;margin-bottom&#8221;][vc_column offset=&#8221;vc_col-md-7&#8243;][\/vc_column][vc_column offset=&#8221;vc_col-md-5&#8243;][vc_empty_space height=&#8221;40px&#8221; el_class=&#8221;visible-sm visible-xs&#8221;][\/vc_column][\/vc_row][vc_row][vc_column][\/vc_column][\/vc_row][vc_row][vc_column offset=&#8221;vc_col-md-6&#8243;][\/vc_column][vc_column offset=&#8221;vc_col-md-6&#8243;][vc_empty_space height=&#8221;40px&#8221; el_class=&#8221;visible-sm visible-xs&#8221;][\/vc_column][\/vc_row]<\/p>\n","protected":false},"author":4,"featured_media":0,"parent":0,"menu_order":0,"comment_status":"closed","ping_status":"closed","template":"template-boxed.php","meta":{"footnotes":""},"class_list":["post-830","page","type-page","status-publish","hentry"],"yoast_head":"<!-- This site is optimized with the Yoast SEO plugin v27.4 - https:\/\/yoast.com\/product\/yoast-seo-wordpress\/ -->\n<title>Shortcode other | Turismo A Guarda<\/title>\n<meta name=\"robots\" content=\"index, follow, max-snippet:-1, max-image-preview:large, max-video-preview:-1\" \/>\n<link rel=\"canonical\" href=\"https:\/\/www.turismoaguarda.es\/shortcode-other\/\" \/>\n<meta property=\"og:locale\" content=\"en_US\" \/>\n<meta property=\"og:type\" content=\"article\" \/>\n<meta property=\"og:title\" content=\"Shortcode other | Turismo A Guarda\" \/>\n<meta property=\"og:description\" content=\"[vc_row el_class=&#8221;margin-bottom&#8221;][vc_column offset=&#8221;vc_col-md-7&#8243;][\/vc_column][vc_column offset=&#8221;vc_col-md-5&#8243;][vc_empty_space height=&#8221;40px&#8221; el_class=&#8221;visible-sm visible-xs&#8221;][\/vc_column][\/vc_row][vc_row][vc_column][\/vc_column][\/vc_row][vc_row][vc_column offset=&#8221;vc_col-md-6&#8243;][\/vc_column][vc_column offset=&#8221;vc_col-md-6&#8243;][vc_empty_space height=&#8221;40px&#8221; el_class=&#8221;visible-sm visible-xs&#8221;][\/vc_column][\/vc_row]\" \/>\n<meta property=\"og:url\" content=\"https:\/\/www.turismoaguarda.es\/shortcode-other\/\" \/>\n<meta property=\"og:site_name\" content=\"Turismo A Guarda\" \/>\n<meta property=\"article:publisher\" content=\"https:\/\/es-es.facebook.com\/Turismo-A-Guarda-126223240790625\/\" \/>\n<meta name=\"twitter:card\" content=\"summary_large_image\" \/>\n<meta name=\"twitter:site\" content=\"@TurismoAGuarda\" \/>\n<meta name=\"twitter:label1\" content=\"Est. reading time\" \/>\n\t<meta name=\"twitter:data1\" content=\"2 minutes\" \/>\n<script type=\"application\/ld+json\" class=\"yoast-schema-graph\">{\"@context\":\"https:\\\/\\\/schema.org\",\"@graph\":[{\"@type\":\"WebPage\",\"@id\":\"https:\\\/\\\/www.turismoaguarda.es\\\/shortcode-other\\\/\",\"url\":\"https:\\\/\\\/www.turismoaguarda.es\\\/shortcode-other\\\/\",\"name\":\"Shortcode other | Turismo A Guarda\",\"isPartOf\":{\"@id\":\"https:\\\/\\\/www.turismoaguarda.es\\\/#website\"},\"datePublished\":\"2015-09-30T09:39:29+00:00\",\"breadcrumb\":{\"@id\":\"https:\\\/\\\/www.turismoaguarda.es\\\/shortcode-other\\\/#breadcrumb\"},\"inLanguage\":\"en-US\",\"potentialAction\":[{\"@type\":\"ReadAction\",\"target\":[\"https:\\\/\\\/www.turismoaguarda.es\\\/shortcode-other\\\/\"]}]},{\"@type\":\"BreadcrumbList\",\"@id\":\"https:\\\/\\\/www.turismoaguarda.es\\\/shortcode-other\\\/#breadcrumb\",\"itemListElement\":[{\"@type\":\"ListItem\",\"position\":1,\"name\":\"Portada\",\"item\":\"https:\\\/\\\/www.turismoaguarda.es\\\/en\\\/\"},{\"@type\":\"ListItem\",\"position\":2,\"name\":\"Shortcode other\"}]},{\"@type\":\"WebSite\",\"@id\":\"https:\\\/\\\/www.turismoaguarda.es\\\/#website\",\"url\":\"https:\\\/\\\/www.turismoaguarda.es\\\/\",\"name\":\"Turismo A Guarda\",\"description\":\"Informaci\u00f3n tur\u00edstica de A Guarda y alrededores.\",\"potentialAction\":[{\"@type\":\"SearchAction\",\"target\":{\"@type\":\"EntryPoint\",\"urlTemplate\":\"https:\\\/\\\/www.turismoaguarda.es\\\/?s={search_term_string}\"},\"query-input\":{\"@type\":\"PropertyValueSpecification\",\"valueRequired\":true,\"valueName\":\"search_term_string\"}}],\"inLanguage\":\"en-US\"}]}<\/script>\n<!-- \/ Yoast SEO plugin. -->","yoast_head_json":{"title":"Shortcode other | Turismo A Guarda","robots":{"index":"index","follow":"follow","max-snippet":"max-snippet:-1","max-image-preview":"max-image-preview:large","max-video-preview":"max-video-preview:-1"},"canonical":"https:\/\/www.turismoaguarda.es\/shortcode-other\/","og_locale":"en_US","og_type":"article","og_title":"Shortcode other | Turismo A Guarda","og_description":"[vc_row el_class=&#8221;margin-bottom&#8221;][vc_column offset=&#8221;vc_col-md-7&#8243;][\/vc_column][vc_column offset=&#8221;vc_col-md-5&#8243;][vc_empty_space height=&#8221;40px&#8221; el_class=&#8221;visible-sm visible-xs&#8221;][\/vc_column][\/vc_row][vc_row][vc_column][\/vc_column][\/vc_row][vc_row][vc_column offset=&#8221;vc_col-md-6&#8243;][\/vc_column][vc_column offset=&#8221;vc_col-md-6&#8243;][vc_empty_space height=&#8221;40px&#8221; el_class=&#8221;visible-sm visible-xs&#8221;][\/vc_column][\/vc_row]","og_url":"https:\/\/www.turismoaguarda.es\/shortcode-other\/","og_site_name":"Turismo A Guarda","article_publisher":"https:\/\/es-es.facebook.com\/Turismo-A-Guarda-126223240790625\/","twitter_card":"summary_large_image","twitter_site":"@TurismoAGuarda","twitter_misc":{"Est. reading time":"2 minutes"},"schema":{"@context":"https:\/\/schema.org","@graph":[{"@type":"WebPage","@id":"https:\/\/www.turismoaguarda.es\/shortcode-other\/","url":"https:\/\/www.turismoaguarda.es\/shortcode-other\/","name":"Shortcode other | Turismo A Guarda","isPartOf":{"@id":"https:\/\/www.turismoaguarda.es\/#website"},"datePublished":"2015-09-30T09:39:29+00:00","breadcrumb":{"@id":"https:\/\/www.turismoaguarda.es\/shortcode-other\/#breadcrumb"},"inLanguage":"en-US","potentialAction":[{"@type":"ReadAction","target":["https:\/\/www.turismoaguarda.es\/shortcode-other\/"]}]},{"@type":"BreadcrumbList","@id":"https:\/\/www.turismoaguarda.es\/shortcode-other\/#breadcrumb","itemListElement":[{"@type":"ListItem","position":1,"name":"Portada","item":"https:\/\/www.turismoaguarda.es\/en\/"},{"@type":"ListItem","position":2,"name":"Shortcode other"}]},{"@type":"WebSite","@id":"https:\/\/www.turismoaguarda.es\/#website","url":"https:\/\/www.turismoaguarda.es\/","name":"Turismo A Guarda","description":"Informaci\u00f3n tur\u00edstica de A Guarda y alrededores.","potentialAction":[{"@type":"SearchAction","target":{"@type":"EntryPoint","urlTemplate":"https:\/\/www.turismoaguarda.es\/?s={search_term_string}"},"query-input":{"@type":"PropertyValueSpecification","valueRequired":true,"valueName":"search_term_string"}}],"inLanguage":"en-US"}]}},"_links":{"self":[{"href":"https:\/\/www.turismoaguarda.es\/en\/wp-json\/wp\/v2\/pages\/830","targetHints":{"allow":["GET"]}}],"collection":[{"href":"https:\/\/www.turismoaguarda.es\/en\/wp-json\/wp\/v2\/pages"}],"about":[{"href":"https:\/\/www.turismoaguarda.es\/en\/wp-json\/wp\/v2\/types\/page"}],"author":[{"embeddable":true,"href":"https:\/\/www.turismoaguarda.es\/en\/wp-json\/wp\/v2\/users\/4"}],"replies":[{"embeddable":true,"href":"https:\/\/www.turismoaguarda.es\/en\/wp-json\/wp\/v2\/comments?post=830"}],"version-history":[{"count":0,"href":"https:\/\/www.turismoaguarda.es\/en\/wp-json\/wp\/v2\/pages\/830\/revisions"}],"wp:attachment":[{"href":"https:\/\/www.turismoaguarda.es\/en\/wp-json\/wp\/v2\/media?parent=830"}],"curies":[{"name":"wp","href":"https:\/\/api.w.org\/{rel}","templated":true}]}}