{"id":7139,"date":"2018-06-20T00:51:53","date_gmt":"2018-06-20T00:51:53","guid":{"rendered":"http:\/\/www.turismoaguarda.es\/?page_id=7139"},"modified":"2025-07-03T12:28:20","modified_gmt":"2025-07-03T10:28:20","slug":"festa-da-langosta-e-da-cocina-marineira","status":"publish","type":"page","link":"https:\/\/www.turismoaguarda.es\/en\/festa-da-langosta-e-da-cocina-marineira\/","title":{"rendered":"Festa da Langosta e da coci\u00f1a mari\u00f1eira"},"content":{"rendered":"<p>[vc_row][vc_column][vc_single_image image=&#8221;17500&#8243; img_size=&#8221;full&#8221; alignment=&#8221;center&#8221;][vc_column_text]Los d\u00edas 4, 5 y 6 de julio los amantes de la buena gastronom\u00eda tienen una cita importante en A Guarda, la Fiesta de la langosta y de la cocina marinera.<\/p>\n<p>En un marco incomparable como el puerto de A Guarda se celebra esta reconocida fiesta gastron\u00f3mica que permitir\u00e1 degustar la langosta a 40 \u20ac (25 \u20ac la mitad) y otros productos del mar acompa\u00f1ados de vino de O Rosal de la Bodega Gran Nov\u00e1s.<\/p>\n<p>Este a\u00f1o se ha realizado una importante apuesta es la programaci\u00f3n de actuaciones y entretenimiento para que todos disfrutemos de una de las fiestas gastron\u00f3micas m\u00e1s destacadas de Galicia.<\/p>\n<p>Recuerda que el viernes 4 la fiesta comienza a las 12.00h hasta el domingo 6 de julio la Fiesta de la Langosta y de la Cocina Marinera.<\/p>\n<p><a href=\"https:\/\/www.turismoaguarda.es\/wp-content\/uploads\/2025\/07\/tn_pantalla-1-2.png\"><img loading=\"lazy\" decoding=\"async\" class=\"aligncenter size-full wp-image-18096\" src=\"https:\/\/www.turismoaguarda.es\/wp-content\/uploads\/2025\/07\/tn_pantalla-1-2.png\" alt=\"\" width=\"500\" height=\"280\" srcset=\"https:\/\/www.turismoaguarda.es\/wp-content\/uploads\/2025\/07\/tn_pantalla-1-2.png 500w, https:\/\/www.turismoaguarda.es\/wp-content\/uploads\/2025\/07\/tn_pantalla-1-2-300x168.png 300w, https:\/\/www.turismoaguarda.es\/wp-content\/uploads\/2025\/07\/tn_pantalla-1-2-150x84.png 150w\" sizes=\"auto, (max-width: 500px) 100vw, 500px\" \/><\/a><a href=\"https:\/\/www.turismoaguarda.es\/wp-content\/uploads\/2025\/07\/tn_pantalla-2-2.png\"><img loading=\"lazy\" decoding=\"async\" class=\"aligncenter size-full wp-image-18099\" src=\"https:\/\/www.turismoaguarda.es\/wp-content\/uploads\/2025\/07\/tn_pantalla-2-2.png\" alt=\"\" width=\"500\" height=\"281\" srcset=\"https:\/\/www.turismoaguarda.es\/wp-content\/uploads\/2025\/07\/tn_pantalla-2-2.png 500w, https:\/\/www.turismoaguarda.es\/wp-content\/uploads\/2025\/07\/tn_pantalla-2-2-300x169.png 300w, https:\/\/www.turismoaguarda.es\/wp-content\/uploads\/2025\/07\/tn_pantalla-2-2-150x84.png 150w\" sizes=\"auto, (max-width: 500px) 100vw, 500px\" \/><\/a><a href=\"https:\/\/www.turismoaguarda.es\/wp-content\/uploads\/2025\/07\/tn_pantalla-3-auditorio-2.png\"><img loading=\"lazy\" decoding=\"async\" class=\"aligncenter size-full wp-image-18102\" src=\"https:\/\/www.turismoaguarda.es\/wp-content\/uploads\/2025\/07\/tn_pantalla-3-auditorio-2.png\" alt=\"\" width=\"500\" height=\"281\" srcset=\"https:\/\/www.turismoaguarda.es\/wp-content\/uploads\/2025\/07\/tn_pantalla-3-auditorio-2.png 500w, https:\/\/www.turismoaguarda.es\/wp-content\/uploads\/2025\/07\/tn_pantalla-3-auditorio-2-300x169.png 300w, https:\/\/www.turismoaguarda.es\/wp-content\/uploads\/2025\/07\/tn_pantalla-3-auditorio-2-150x84.png 150w\" sizes=\"auto, (max-width: 500px) 100vw, 500px\" \/><\/a><a href=\"https:\/\/www.turismoaguarda.es\/wp-content\/uploads\/2025\/07\/tn_pantalla-4-2.png\"><img loading=\"lazy\" decoding=\"async\" class=\"aligncenter size-full wp-image-18105\" src=\"https:\/\/www.turismoaguarda.es\/wp-content\/uploads\/2025\/07\/tn_pantalla-4-2.png\" alt=\"\" width=\"500\" height=\"281\" srcset=\"https:\/\/www.turismoaguarda.es\/wp-content\/uploads\/2025\/07\/tn_pantalla-4-2.png 500w, https:\/\/www.turismoaguarda.es\/wp-content\/uploads\/2025\/07\/tn_pantalla-4-2-300x169.png 300w, https:\/\/www.turismoaguarda.es\/wp-content\/uploads\/2025\/07\/tn_pantalla-4-2-150x84.png 150w\" sizes=\"auto, (max-width: 500px) 100vw, 500px\" \/><\/a><a href=\"https:\/\/www.turismoaguarda.es\/wp-content\/uploads\/2025\/07\/tn_pantalla-5-2.png\"><img loading=\"lazy\" decoding=\"async\" class=\"aligncenter size-full wp-image-18108\" src=\"https:\/\/www.turismoaguarda.es\/wp-content\/uploads\/2025\/07\/tn_pantalla-5-2.png\" alt=\"\" width=\"500\" height=\"280\" srcset=\"https:\/\/www.turismoaguarda.es\/wp-content\/uploads\/2025\/07\/tn_pantalla-5-2.png 500w, https:\/\/www.turismoaguarda.es\/wp-content\/uploads\/2025\/07\/tn_pantalla-5-2-300x168.png 300w, https:\/\/www.turismoaguarda.es\/wp-content\/uploads\/2025\/07\/tn_pantalla-5-2-150x84.png 150w\" sizes=\"auto, (max-width: 500px) 100vw, 500px\" \/><\/a><a href=\"https:\/\/www.turismoaguarda.es\/wp-content\/uploads\/2025\/07\/tn_pantalla-6-2.png\"><img loading=\"lazy\" decoding=\"async\" class=\"aligncenter size-full wp-image-18111\" src=\"https:\/\/www.turismoaguarda.es\/wp-content\/uploads\/2025\/07\/tn_pantalla-6-2.png\" alt=\"\" width=\"500\" height=\"281\" srcset=\"https:\/\/www.turismoaguarda.es\/wp-content\/uploads\/2025\/07\/tn_pantalla-6-2.png 500w, https:\/\/www.turismoaguarda.es\/wp-content\/uploads\/2025\/07\/tn_pantalla-6-2-300x169.png 300w, https:\/\/www.turismoaguarda.es\/wp-content\/uploads\/2025\/07\/tn_pantalla-6-2-150x84.png 150w\" sizes=\"auto, (max-width: 500px) 100vw, 500px\" \/><\/a>[\/vc_column_text][\/vc_column][\/vc_row][vc_row][vc_column width=&#8221;1\/2&#8243;][\/vc_column][\/vc_row]<\/p>\n","protected":false},"excerpt":{"rendered":"<p>[vc_row][vc_column][vc_single_image image=&#8221;17500&#8243; img_size=&#8221;full&#8221; alignment=&#8221;center&#8221;][vc_column_text]Los d\u00edas 4, 5 y 6 de julio los amantes de la buena gastronom\u00eda tienen una cita importante en A Guarda, la Fiesta de la langosta y de la cocina marinera. En un marco incomparable como el puerto de A Guarda se celebra esta reconocida fiesta gastron\u00f3mica que permitir\u00e1 degustar la langosta<\/p>\n<div class=\"padding-top text-center\"><a href=\"https:\/\/www.turismoaguarda.es\/en\/festa-da-langosta-e-da-cocina-marineira\/\" class=\"atbtn atbtn--medium atbtn--rounded atbtn--transparent\">Read more<i class=\"atbtn__icon atbtn__icon--right fa fa-long-arrow-right\"><\/i><\/a><\/div>\n","protected":false},"author":1,"featured_media":0,"parent":0,"menu_order":0,"comment_status":"closed","ping_status":"closed","template":"","meta":{"footnotes":""},"class_list":["post-7139","page","type-page","status-publish","hentry"],"yoast_head":"<!-- This site is optimized with the Yoast SEO plugin v27.4 - https:\/\/yoast.com\/product\/yoast-seo-wordpress\/ -->\n<title>Festa da Langosta e da coci\u00f1a mari\u00f1eira | Turismo A Guarda<\/title>\n<meta name=\"robots\" content=\"index, follow, max-snippet:-1, max-image-preview:large, max-video-preview:-1\" \/>\n<link rel=\"canonical\" href=\"https:\/\/www.turismoaguarda.es\/festa-da-langosta-e-da-cocina-marineira\/\" \/>\n<meta property=\"og:locale\" content=\"en_US\" \/>\n<meta property=\"og:type\" content=\"article\" \/>\n<meta property=\"og:title\" content=\"Festa da Langosta e da coci\u00f1a mari\u00f1eira | Turismo A Guarda\" \/>\n<meta property=\"og:description\" content=\"[vc_row][vc_column][vc_single_image image=&#8221;17500&#8243; img_size=&#8221;full&#8221; alignment=&#8221;center&#8221;][vc_column_text]Los d\u00edas 4, 5 y 6 de julio los amantes de la buena gastronom\u00eda tienen una cita importante en A Guarda, la Fiesta de la langosta y de la cocina marinera. En un marco incomparable como el puerto de A Guarda se celebra esta reconocida fiesta gastron\u00f3mica que permitir\u00e1 degustar la langostaRead more\" \/>\n<meta property=\"og:url\" content=\"https:\/\/www.turismoaguarda.es\/festa-da-langosta-e-da-cocina-marineira\/\" \/>\n<meta property=\"og:site_name\" content=\"Turismo A Guarda\" \/>\n<meta property=\"article:publisher\" content=\"https:\/\/es-es.facebook.com\/Turismo-A-Guarda-126223240790625\/\" \/>\n<meta property=\"article:modified_time\" content=\"2025-07-03T10:28:20+00:00\" \/>\n<meta property=\"og:image\" content=\"https:\/\/www.turismoaguarda.es\/wp-content\/uploads\/2025\/07\/tn_pantalla-1-2.png\" \/>\n\t<meta property=\"og:image:width\" content=\"500\" \/>\n\t<meta property=\"og:image:height\" content=\"280\" \/>\n\t<meta property=\"og:image:type\" content=\"image\/png\" \/>\n<meta name=\"twitter:card\" content=\"summary_large_image\" \/>\n<meta name=\"twitter:site\" content=\"@TurismoAGuarda\" \/>\n<meta name=\"twitter:label1\" content=\"Est. reading time\" \/>\n\t<meta name=\"twitter:data1\" content=\"2 minutes\" \/>\n<script type=\"application\/ld+json\" class=\"yoast-schema-graph\">{\"@context\":\"https:\\\/\\\/schema.org\",\"@graph\":[{\"@type\":\"WebPage\",\"@id\":\"https:\\\/\\\/www.turismoaguarda.es\\\/festa-da-langosta-e-da-cocina-marineira\\\/\",\"url\":\"https:\\\/\\\/www.turismoaguarda.es\\\/festa-da-langosta-e-da-cocina-marineira\\\/\",\"name\":\"Festa da Langosta e da coci\u00f1a mari\u00f1eira | Turismo A Guarda\",\"isPartOf\":{\"@id\":\"https:\\\/\\\/www.turismoaguarda.es\\\/#website\"},\"primaryImageOfPage\":{\"@id\":\"https:\\\/\\\/www.turismoaguarda.es\\\/festa-da-langosta-e-da-cocina-marineira\\\/#primaryimage\"},\"image\":{\"@id\":\"https:\\\/\\\/www.turismoaguarda.es\\\/festa-da-langosta-e-da-cocina-marineira\\\/#primaryimage\"},\"thumbnailUrl\":\"https:\\\/\\\/www.turismoaguarda.es\\\/wp-content\\\/uploads\\\/2025\\\/07\\\/tn_pantalla-1-2.png\",\"datePublished\":\"2018-06-20T00:51:53+00:00\",\"dateModified\":\"2025-07-03T10:28:20+00:00\",\"breadcrumb\":{\"@id\":\"https:\\\/\\\/www.turismoaguarda.es\\\/festa-da-langosta-e-da-cocina-marineira\\\/#breadcrumb\"},\"inLanguage\":\"en-US\",\"potentialAction\":[{\"@type\":\"ReadAction\",\"target\":[\"https:\\\/\\\/www.turismoaguarda.es\\\/festa-da-langosta-e-da-cocina-marineira\\\/\"]}]},{\"@type\":\"ImageObject\",\"inLanguage\":\"en-US\",\"@id\":\"https:\\\/\\\/www.turismoaguarda.es\\\/festa-da-langosta-e-da-cocina-marineira\\\/#primaryimage\",\"url\":\"https:\\\/\\\/www.turismoaguarda.es\\\/wp-content\\\/uploads\\\/2025\\\/07\\\/tn_pantalla-1-2.png\",\"contentUrl\":\"https:\\\/\\\/www.turismoaguarda.es\\\/wp-content\\\/uploads\\\/2025\\\/07\\\/tn_pantalla-1-2.png\"},{\"@type\":\"BreadcrumbList\",\"@id\":\"https:\\\/\\\/www.turismoaguarda.es\\\/festa-da-langosta-e-da-cocina-marineira\\\/#breadcrumb\",\"itemListElement\":[{\"@type\":\"ListItem\",\"position\":1,\"name\":\"Portada\",\"item\":\"https:\\\/\\\/www.turismoaguarda.es\\\/en\\\/\"},{\"@type\":\"ListItem\",\"position\":2,\"name\":\"Festa da Langosta e da coci\u00f1a mari\u00f1eira\"}]},{\"@type\":\"WebSite\",\"@id\":\"https:\\\/\\\/www.turismoaguarda.es\\\/#website\",\"url\":\"https:\\\/\\\/www.turismoaguarda.es\\\/\",\"name\":\"Turismo A Guarda\",\"description\":\"Informaci\u00f3n tur\u00edstica de A Guarda y alrededores.\",\"potentialAction\":[{\"@type\":\"SearchAction\",\"target\":{\"@type\":\"EntryPoint\",\"urlTemplate\":\"https:\\\/\\\/www.turismoaguarda.es\\\/?s={search_term_string}\"},\"query-input\":{\"@type\":\"PropertyValueSpecification\",\"valueRequired\":true,\"valueName\":\"search_term_string\"}}],\"inLanguage\":\"en-US\"}]}<\/script>\n<!-- \/ Yoast SEO plugin. -->","yoast_head_json":{"title":"Festa da Langosta e da coci\u00f1a mari\u00f1eira | Turismo A Guarda","robots":{"index":"index","follow":"follow","max-snippet":"max-snippet:-1","max-image-preview":"max-image-preview:large","max-video-preview":"max-video-preview:-1"},"canonical":"https:\/\/www.turismoaguarda.es\/festa-da-langosta-e-da-cocina-marineira\/","og_locale":"en_US","og_type":"article","og_title":"Festa da Langosta e da coci\u00f1a mari\u00f1eira | Turismo A Guarda","og_description":"[vc_row][vc_column][vc_single_image image=&#8221;17500&#8243; img_size=&#8221;full&#8221; alignment=&#8221;center&#8221;][vc_column_text]Los d\u00edas 4, 5 y 6 de julio los amantes de la buena gastronom\u00eda tienen una cita importante en A Guarda, la Fiesta de la langosta y de la cocina marinera. En un marco incomparable como el puerto de A Guarda se celebra esta reconocida fiesta gastron\u00f3mica que permitir\u00e1 degustar la langostaRead more","og_url":"https:\/\/www.turismoaguarda.es\/festa-da-langosta-e-da-cocina-marineira\/","og_site_name":"Turismo A Guarda","article_publisher":"https:\/\/es-es.facebook.com\/Turismo-A-Guarda-126223240790625\/","article_modified_time":"2025-07-03T10:28:20+00:00","og_image":[{"width":500,"height":280,"url":"https:\/\/www.turismoaguarda.es\/wp-content\/uploads\/2025\/07\/tn_pantalla-1-2.png","type":"image\/png"}],"twitter_card":"summary_large_image","twitter_site":"@TurismoAGuarda","twitter_misc":{"Est. reading time":"2 minutes"},"schema":{"@context":"https:\/\/schema.org","@graph":[{"@type":"WebPage","@id":"https:\/\/www.turismoaguarda.es\/festa-da-langosta-e-da-cocina-marineira\/","url":"https:\/\/www.turismoaguarda.es\/festa-da-langosta-e-da-cocina-marineira\/","name":"Festa da Langosta e da coci\u00f1a mari\u00f1eira | Turismo A Guarda","isPartOf":{"@id":"https:\/\/www.turismoaguarda.es\/#website"},"primaryImageOfPage":{"@id":"https:\/\/www.turismoaguarda.es\/festa-da-langosta-e-da-cocina-marineira\/#primaryimage"},"image":{"@id":"https:\/\/www.turismoaguarda.es\/festa-da-langosta-e-da-cocina-marineira\/#primaryimage"},"thumbnailUrl":"https:\/\/www.turismoaguarda.es\/wp-content\/uploads\/2025\/07\/tn_pantalla-1-2.png","datePublished":"2018-06-20T00:51:53+00:00","dateModified":"2025-07-03T10:28:20+00:00","breadcrumb":{"@id":"https:\/\/www.turismoaguarda.es\/festa-da-langosta-e-da-cocina-marineira\/#breadcrumb"},"inLanguage":"en-US","potentialAction":[{"@type":"ReadAction","target":["https:\/\/www.turismoaguarda.es\/festa-da-langosta-e-da-cocina-marineira\/"]}]},{"@type":"ImageObject","inLanguage":"en-US","@id":"https:\/\/www.turismoaguarda.es\/festa-da-langosta-e-da-cocina-marineira\/#primaryimage","url":"https:\/\/www.turismoaguarda.es\/wp-content\/uploads\/2025\/07\/tn_pantalla-1-2.png","contentUrl":"https:\/\/www.turismoaguarda.es\/wp-content\/uploads\/2025\/07\/tn_pantalla-1-2.png"},{"@type":"BreadcrumbList","@id":"https:\/\/www.turismoaguarda.es\/festa-da-langosta-e-da-cocina-marineira\/#breadcrumb","itemListElement":[{"@type":"ListItem","position":1,"name":"Portada","item":"https:\/\/www.turismoaguarda.es\/en\/"},{"@type":"ListItem","position":2,"name":"Festa da Langosta e da coci\u00f1a mari\u00f1eira"}]},{"@type":"WebSite","@id":"https:\/\/www.turismoaguarda.es\/#website","url":"https:\/\/www.turismoaguarda.es\/","name":"Turismo A Guarda","description":"Informaci\u00f3n tur\u00edstica de A Guarda y alrededores.","potentialAction":[{"@type":"SearchAction","target":{"@type":"EntryPoint","urlTemplate":"https:\/\/www.turismoaguarda.es\/?s={search_term_string}"},"query-input":{"@type":"PropertyValueSpecification","valueRequired":true,"valueName":"search_term_string"}}],"inLanguage":"en-US"}]}},"_links":{"self":[{"href":"https:\/\/www.turismoaguarda.es\/en\/wp-json\/wp\/v2\/pages\/7139","targetHints":{"allow":["GET"]}}],"collection":[{"href":"https:\/\/www.turismoaguarda.es\/en\/wp-json\/wp\/v2\/pages"}],"about":[{"href":"https:\/\/www.turismoaguarda.es\/en\/wp-json\/wp\/v2\/types\/page"}],"author":[{"embeddable":true,"href":"https:\/\/www.turismoaguarda.es\/en\/wp-json\/wp\/v2\/users\/1"}],"replies":[{"embeddable":true,"href":"https:\/\/www.turismoaguarda.es\/en\/wp-json\/wp\/v2\/comments?post=7139"}],"version-history":[{"count":11,"href":"https:\/\/www.turismoaguarda.es\/en\/wp-json\/wp\/v2\/pages\/7139\/revisions"}],"predecessor-version":[{"id":18115,"href":"https:\/\/www.turismoaguarda.es\/en\/wp-json\/wp\/v2\/pages\/7139\/revisions\/18115"}],"wp:attachment":[{"href":"https:\/\/www.turismoaguarda.es\/en\/wp-json\/wp\/v2\/media?parent=7139"}],"curies":[{"name":"wp","href":"https:\/\/api.w.org\/{rel}","templated":true}]}}