{"id":2265,"date":"2016-04-20T23:27:12","date_gmt":"2016-04-20T23:27:12","guid":{"rendered":"http:\/\/turismoaguarda.es\/como-llegar-por-carretera\/?lang=en"},"modified":"2021-07-29T14:36:45","modified_gmt":"2021-07-29T12:36:45","slug":"como-llegar-por-carretera","status":"publish","type":"page","link":"https:\/\/www.turismoaguarda.es\/en\/como-llegar-por-carretera\/","title":{"rendered":"Getting by road"},"content":{"rendered":"<p>[vc_row][vc_column][vc_custom_heading text=&#8221;GETTING BY ROAD&#8221; use_theme_fonts=&#8221;yes&#8221; el_class=&#8221; title title&#8211;underline&#8221;][vc_column_text]To get to A Guarda by road, we have several options. You can arrive from Baiona skirting the sea coastline or from inland, travelling from Tui, or even coming from the south, from Portugal.[\/vc_column_text][\/vc_column][vc_column][vc_row_inner][vc_column_inner][vc_custom_heading text=&#8221;By car&#8221; font_container=&#8221;tag:h3|text_align:left&#8221; use_theme_fonts=&#8221;yes&#8221;][vc_single_image image=&#8221;9338&#8243; img_size=&#8221;512&#215;256&#8243; style=&#8221;vc_box_outline&#8221;][vc_column_text]From inland the Iberian Peninsula, merely take the A-52 signposted to Vigo. Then we have two options to get A Guarda from Vigo:<\/p>\n<p>If you prefer the quickest route, take the A-55 signposted to Tui and leave it at junction 30, continue forward through PO-552 until A Guarda, travelling in parallel with the Mi\u00f1o river. In the locality of Goian (Tomi\u00f1o), you can stay ahead in PO-552 or take the quickest route, join the CG-4.2 signposted A Guarda.<\/p>\n<p>If you prefer travel skirting the sea coastline, in Vigo, you can take AG-57 (toll) to Baiona and then continue by PO-552 signposted A Guarda.<\/p>\n<p>Travellers coming from Portugal have the possibility of arriving via ferry, crossing the Mi\u00f1o river in Caminha (Portugal) to A Guarda depending on the tide. By road, you need to pass the river by International Bridge that joins Valen\u00e7a do Minho (Portugal) and Tui (Galicia) or the Friendship Bridge that joins Vila Nova de Cerveira (Portugal) and Goian (Galicia), and then take PO-552 or the quickest route taking CG-4.2 signposted A Guarda.[\/vc_column_text][vc_custom_heading text=&#8221;By bus&#8221; font_container=&#8221;tag:h3|text_align:left&#8221; use_theme_fonts=&#8221;yes&#8221;][vc_single_image image=&#8221;13599&#8243; img_size=&#8221;512&#215;256&#8243; style=&#8221;vc_box_outline&#8221;][vc_column_text]<span style=\"font-weight: 400;\">The major cities of the country connect with<\/span>\u00a0Vigo Bus\u00a0Station where then you can take a coach to A Guarda.<\/p>\n<p><span style=\"font-weight: 400;\"><strong>LUGOVE is the coaches company that provides regular buses line and links A Guarda and Vigo<\/strong>, either by the coast road (towards Oia and Baiona) or by the inland towards Tui with a higher frequency. The timetables are different depending if you\u00b4re travelling a working day, Saturday, Sunday or holiday. Besides are also different in winter or summer season (July and August).<br \/>\n<\/span><\/p>\n<p><span style=\"font-weight: 400;\">Complete information on<\/span>\u00a0<a href=\"https:\/\/lugove.gal\/\" target=\"_blank\" rel=\"noopener noreferrer\">LUGOVE Website<\/a> or phone:<strong>\u00a0<a href=\"tel:646349224\">646 34 92 24<\/a>\u00a0\/\u00a0<a href=\"tel:609977944\">609 97 79 44<\/a><\/strong><\/p>\n<div class=\"translation sortablemg\"><\/div>\n<p>[\/vc_column_text][vc_custom_heading text=&#8221;By bicycle&#8221; font_container=&#8221;tag:h3|text_align:left&#8221; use_theme_fonts=&#8221;yes&#8221;][vc_single_image image=&#8221;1603&#8243; img_size=&#8221;512&#215;256&#8243; style=&#8221;vc_box_outline&#8221;][vc_column_text]To get to A Guarda by bike, you can enjoy by travelling the bicycle lane that runs in parallel with PO-552, from Baiona to A Guarda, allowing to enjoy the landscape and the superb views of the Atlantic Ocean.<\/p>\n<p>Another choice is going over the Mi\u00f1o river shore from the Fortress (Fortaleza) of San Lorenzo in Goian (Tomi\u00f1o) travelling by the river trail that connects with PR-G112, also called Fishermen trail of the Mi\u00f1o river, in O Rosal.[\/vc_column_text][\/vc_column_inner][\/vc_row_inner][\/vc_column][\/vc_row]<\/p>\n","protected":false},"excerpt":{"rendered":"<p>[vc_row][vc_column][vc_custom_heading text=&#8221;GETTING BY ROAD&#8221; use_theme_fonts=&#8221;yes&#8221; el_class=&#8221; title title&#8211;underline&#8221;][vc_column_text]To get to A Guarda by road, we have several options. You can arrive from Baiona skirting the sea coastline or from inland, travelling from Tui, or even coming from the south, from Portugal.[\/vc_column_text][\/vc_column][vc_column][vc_row_inner][vc_column_inner][vc_custom_heading text=&#8221;By car&#8221; font_container=&#8221;tag:h3|text_align:left&#8221; use_theme_fonts=&#8221;yes&#8221;][vc_single_image image=&#8221;9338&#8243; img_size=&#8221;512&#215;256&#8243; style=&#8221;vc_box_outline&#8221;][vc_column_text]From inland the Iberian Peninsula, merely take the<\/p>\n<div class=\"padding-top text-center\"><a href=\"https:\/\/www.turismoaguarda.es\/en\/como-llegar-por-carretera\/\" class=\"atbtn atbtn--medium atbtn--rounded atbtn--transparent\">Read more<i class=\"atbtn__icon atbtn__icon--right fa fa-long-arrow-right\"><\/i><\/a><\/div>\n","protected":false},"author":4,"featured_media":0,"parent":0,"menu_order":0,"comment_status":"closed","ping_status":"closed","template":"template-page-with-sidebar.php","meta":{"footnotes":""},"class_list":["post-2265","page","type-page","status-publish","hentry"],"yoast_head":"<!-- This site is optimized with the Yoast SEO plugin v27.5 - https:\/\/yoast.com\/product\/yoast-seo-wordpress\/ -->\n<title>Getting by road | Turismo A Guarda<\/title>\n<meta name=\"robots\" content=\"index, follow, max-snippet:-1, max-image-preview:large, max-video-preview:-1\" \/>\n<link rel=\"canonical\" href=\"https:\/\/www.turismoaguarda.es\/en\/como-llegar-por-carretera\/\" \/>\n<meta property=\"og:locale\" content=\"en_US\" \/>\n<meta property=\"og:type\" content=\"article\" \/>\n<meta property=\"og:title\" content=\"Getting by road | Turismo A Guarda\" \/>\n<meta property=\"og:description\" content=\"[vc_row][vc_column][vc_custom_heading text=&#8221;GETTING BY ROAD&#8221; use_theme_fonts=&#8221;yes&#8221; el_class=&#8221; title title&#8211;underline&#8221;][vc_column_text]To get to A Guarda by road, we have several options. You can arrive from Baiona skirting the sea coastline or from inland, travelling from Tui, or even coming from the south, from Portugal.[\/vc_column_text][\/vc_column][vc_column][vc_row_inner][vc_column_inner][vc_custom_heading text=&#8221;By car&#8221; font_container=&#8221;tag:h3|text_align:left&#8221; use_theme_fonts=&#8221;yes&#8221;][vc_single_image image=&#8221;9338&#8243; img_size=&#8221;512&#215;256&#8243; style=&#8221;vc_box_outline&#8221;][vc_column_text]From inland the Iberian Peninsula, merely take theRead more\" \/>\n<meta property=\"og:url\" content=\"https:\/\/www.turismoaguarda.es\/en\/como-llegar-por-carretera\/\" \/>\n<meta property=\"og:site_name\" content=\"Turismo A Guarda\" \/>\n<meta property=\"article:publisher\" content=\"https:\/\/es-es.facebook.com\/Turismo-A-Guarda-126223240790625\/\" \/>\n<meta property=\"article:modified_time\" content=\"2021-07-29T12:36:45+00:00\" \/>\n<meta name=\"twitter:card\" content=\"summary_large_image\" \/>\n<meta name=\"twitter:site\" content=\"@TurismoAGuarda\" \/>\n<meta name=\"twitter:label1\" content=\"Est. reading time\" \/>\n\t<meta name=\"twitter:data1\" content=\"3 minutes\" \/>\n<script type=\"application\/ld+json\" class=\"yoast-schema-graph\">{\"@context\":\"https:\\\/\\\/schema.org\",\"@graph\":[{\"@type\":\"WebPage\",\"@id\":\"https:\\\/\\\/www.turismoaguarda.es\\\/en\\\/como-llegar-por-carretera\\\/\",\"url\":\"https:\\\/\\\/www.turismoaguarda.es\\\/en\\\/como-llegar-por-carretera\\\/\",\"name\":\"Getting by road | Turismo A Guarda\",\"isPartOf\":{\"@id\":\"https:\\\/\\\/www.turismoaguarda.es\\\/#website\"},\"datePublished\":\"2016-04-20T23:27:12+00:00\",\"dateModified\":\"2021-07-29T12:36:45+00:00\",\"breadcrumb\":{\"@id\":\"https:\\\/\\\/www.turismoaguarda.es\\\/en\\\/como-llegar-por-carretera\\\/#breadcrumb\"},\"inLanguage\":\"en-US\",\"potentialAction\":[{\"@type\":\"ReadAction\",\"target\":[\"https:\\\/\\\/www.turismoaguarda.es\\\/en\\\/como-llegar-por-carretera\\\/\"]}]},{\"@type\":\"BreadcrumbList\",\"@id\":\"https:\\\/\\\/www.turismoaguarda.es\\\/en\\\/como-llegar-por-carretera\\\/#breadcrumb\",\"itemListElement\":[{\"@type\":\"ListItem\",\"position\":1,\"name\":\"Portada\",\"item\":\"https:\\\/\\\/www.turismoaguarda.es\\\/en\\\/\"},{\"@type\":\"ListItem\",\"position\":2,\"name\":\"Getting by road\"}]},{\"@type\":\"WebSite\",\"@id\":\"https:\\\/\\\/www.turismoaguarda.es\\\/#website\",\"url\":\"https:\\\/\\\/www.turismoaguarda.es\\\/\",\"name\":\"Turismo A Guarda\",\"description\":\"Informaci\u00f3n tur\u00edstica de A Guarda y alrededores.\",\"potentialAction\":[{\"@type\":\"SearchAction\",\"target\":{\"@type\":\"EntryPoint\",\"urlTemplate\":\"https:\\\/\\\/www.turismoaguarda.es\\\/?s={search_term_string}\"},\"query-input\":{\"@type\":\"PropertyValueSpecification\",\"valueRequired\":true,\"valueName\":\"search_term_string\"}}],\"inLanguage\":\"en-US\"}]}<\/script>\n<!-- \/ Yoast SEO plugin. -->","yoast_head_json":{"title":"Getting by road | Turismo A Guarda","robots":{"index":"index","follow":"follow","max-snippet":"max-snippet:-1","max-image-preview":"max-image-preview:large","max-video-preview":"max-video-preview:-1"},"canonical":"https:\/\/www.turismoaguarda.es\/en\/como-llegar-por-carretera\/","og_locale":"en_US","og_type":"article","og_title":"Getting by road | Turismo A Guarda","og_description":"[vc_row][vc_column][vc_custom_heading text=&#8221;GETTING BY ROAD&#8221; use_theme_fonts=&#8221;yes&#8221; el_class=&#8221; title title&#8211;underline&#8221;][vc_column_text]To get to A Guarda by road, we have several options. You can arrive from Baiona skirting the sea coastline or from inland, travelling from Tui, or even coming from the south, from Portugal.[\/vc_column_text][\/vc_column][vc_column][vc_row_inner][vc_column_inner][vc_custom_heading text=&#8221;By car&#8221; font_container=&#8221;tag:h3|text_align:left&#8221; use_theme_fonts=&#8221;yes&#8221;][vc_single_image image=&#8221;9338&#8243; img_size=&#8221;512&#215;256&#8243; style=&#8221;vc_box_outline&#8221;][vc_column_text]From inland the Iberian Peninsula, merely take theRead more","og_url":"https:\/\/www.turismoaguarda.es\/en\/como-llegar-por-carretera\/","og_site_name":"Turismo A Guarda","article_publisher":"https:\/\/es-es.facebook.com\/Turismo-A-Guarda-126223240790625\/","article_modified_time":"2021-07-29T12:36:45+00:00","twitter_card":"summary_large_image","twitter_site":"@TurismoAGuarda","twitter_misc":{"Est. reading time":"3 minutes"},"schema":{"@context":"https:\/\/schema.org","@graph":[{"@type":"WebPage","@id":"https:\/\/www.turismoaguarda.es\/en\/como-llegar-por-carretera\/","url":"https:\/\/www.turismoaguarda.es\/en\/como-llegar-por-carretera\/","name":"Getting by road | Turismo A Guarda","isPartOf":{"@id":"https:\/\/www.turismoaguarda.es\/#website"},"datePublished":"2016-04-20T23:27:12+00:00","dateModified":"2021-07-29T12:36:45+00:00","breadcrumb":{"@id":"https:\/\/www.turismoaguarda.es\/en\/como-llegar-por-carretera\/#breadcrumb"},"inLanguage":"en-US","potentialAction":[{"@type":"ReadAction","target":["https:\/\/www.turismoaguarda.es\/en\/como-llegar-por-carretera\/"]}]},{"@type":"BreadcrumbList","@id":"https:\/\/www.turismoaguarda.es\/en\/como-llegar-por-carretera\/#breadcrumb","itemListElement":[{"@type":"ListItem","position":1,"name":"Portada","item":"https:\/\/www.turismoaguarda.es\/en\/"},{"@type":"ListItem","position":2,"name":"Getting by road"}]},{"@type":"WebSite","@id":"https:\/\/www.turismoaguarda.es\/#website","url":"https:\/\/www.turismoaguarda.es\/","name":"Turismo A Guarda","description":"Informaci\u00f3n tur\u00edstica de A Guarda y alrededores.","potentialAction":[{"@type":"SearchAction","target":{"@type":"EntryPoint","urlTemplate":"https:\/\/www.turismoaguarda.es\/?s={search_term_string}"},"query-input":{"@type":"PropertyValueSpecification","valueRequired":true,"valueName":"search_term_string"}}],"inLanguage":"en-US"}]}},"_links":{"self":[{"href":"https:\/\/www.turismoaguarda.es\/en\/wp-json\/wp\/v2\/pages\/2265","targetHints":{"allow":["GET"]}}],"collection":[{"href":"https:\/\/www.turismoaguarda.es\/en\/wp-json\/wp\/v2\/pages"}],"about":[{"href":"https:\/\/www.turismoaguarda.es\/en\/wp-json\/wp\/v2\/types\/page"}],"author":[{"embeddable":true,"href":"https:\/\/www.turismoaguarda.es\/en\/wp-json\/wp\/v2\/users\/4"}],"replies":[{"embeddable":true,"href":"https:\/\/www.turismoaguarda.es\/en\/wp-json\/wp\/v2\/comments?post=2265"}],"version-history":[{"count":13,"href":"https:\/\/www.turismoaguarda.es\/en\/wp-json\/wp\/v2\/pages\/2265\/revisions"}],"predecessor-version":[{"id":14666,"href":"https:\/\/www.turismoaguarda.es\/en\/wp-json\/wp\/v2\/pages\/2265\/revisions\/14666"}],"wp:attachment":[{"href":"https:\/\/www.turismoaguarda.es\/en\/wp-json\/wp\/v2\/media?parent=2265"}],"curies":[{"name":"wp","href":"https:\/\/api.w.org\/{rel}","templated":true}]}}