{"id":1834,"date":"2016-05-24T21:10:04","date_gmt":"2016-05-24T21:10:04","guid":{"rendered":"http:\/\/turismoaguarda.es\/puerto-pesquero\/?lang=en"},"modified":"2018-07-27T09:41:52","modified_gmt":"2018-07-27T09:41:52","slug":"puerto-pesquero","status":"publish","type":"page","link":"https:\/\/www.turismoaguarda.es\/en\/puerto-pesquero\/","title":{"rendered":"Fishing Port"},"content":{"rendered":"<p>[vc_row el_id=&#8221;accesos-rapidos&#8221; el_class=&#8221;photolinks&#8221;][vc_column width=&#8221;1\/6&#8243;][vc_single_image image=&#8221;1499&#8243; img_size=&#8221;512&#215;256&#8243; onclick=&#8221;custom_link&#8221; link=&#8221;\/puerto-pesquero\/#puerto-pesquero&#8221;][vc_column_text]Seaport[\/vc_column_text][\/vc_column][vc_column width=&#8221;1\/6&#8243;][vc_single_image image=&#8221;1664&#8243; img_size=&#8221;512&#215;256&#8243; onclick=&#8221;custom_link&#8221; link=&#8221;\/puerto-pesquero\/#calle-malteses-y-paseo-maritimo&#8221;][vc_column_text]Promenade[\/vc_column_text][\/vc_column][vc_column width=&#8221;1\/6&#8243;][vc_single_image image=&#8221;1416&#8243; img_size=&#8221;512&#215;256&#8243; onclick=&#8221;custom_link&#8221; link=&#8221;\/puerto-pesquero\/#lonja-y-cofradia&#8221;][vc_column_text]Fish Market[\/vc_column_text][\/vc_column][vc_column width=&#8221;1\/6&#8243;][vc_single_image image=&#8221;1665&#8243; img_size=&#8221;512&#215;256&#8243; onclick=&#8221;custom_link&#8221; link=&#8221;\/puerto-pesquero\/#costa-atlantica&#8221;][vc_column_text]Atl. Coast[\/vc_column_text][\/vc_column][vc_column width=&#8221;1\/6&#8243;][vc_single_image image=&#8221;1423&#8243; img_size=&#8221;512&#215;256&#8243; onclick=&#8221;custom_link&#8221; link=&#8221;\/puerto-pesquero\/#senda-litoral&#8221;][vc_column_text]Litt. Walkway[\/vc_column_text][\/vc_column][vc_column width=&#8221;1\/6&#8243;][vc_single_image image=&#8221;1411&#8243; img_size=&#8221;512&#215;256&#8243; onclick=&#8221;custom_link&#8221; link=&#8221;\/puerto-pesquero\/#ruta-de-las-cetareas&#8221;][vc_column_text]Cetareas[\/vc_column_text][\/vc_column][\/vc_row][vc_row el_id=&#8221;puerto-pesquero&#8221;][vc_column][vc_custom_heading text=&#8221;FISHING PORT&#8221; use_theme_fonts=&#8221;yes&#8221; el_class=&#8221;title title&#8211;underline&#8221;][vc_single_image image=&#8221;1499&#8243; img_size=&#8221;747&#215;250&#8243; style=&#8221;vc_box_outline&#8221; onclick=&#8221;link_image&#8221;][vc_column_text]<\/p>\n<p id=\"puerto\">It is pretty characteristic of the seaport of A Guarda the typical seafaring people houses that are very narrow, with different floors and surprisingly colourfully, with the docks create one of the liveliest meeting points of the town, thanks to the seafront promenade, terraces and restaurants that welcome the locals and visitors.<\/p>\n<p>[\/vc_column_text][\/vc_column][\/vc_row][vc_row el_id=&#8221;dique-sur&#8221;][vc_column][vc_custom_heading text=&#8221;SOUTH DOCK&#8221; use_theme_fonts=&#8221;yes&#8221; el_class=&#8221;title title&#8211;underline&#8221;][vc_single_image image=&#8221;1663&#8243; img_size=&#8221;747&#215;250&#8243; style=&#8221;vc_box_outline&#8221; onclick=&#8221;link_image&#8221;][vc_column_text]Built in the early 20th century, is the place where you can\u00a0observe the daily work of the fishermen, their arrival at the seaport and even attend the seafood and fish auction in the Fish Market (Lonja).[\/vc_column_text][\/vc_column][\/vc_row][vc_row el_id=&#8221;monumentos&#8221;][vc_column][vc_custom_heading text=&#8221;MONUMENTS&#8221; use_theme_fonts=&#8221;yes&#8221; el_class=&#8221;title title&#8211;underline&#8221;][vc_single_image image=&#8221;1418&#8243; img_size=&#8221;747&#215;250&#8243; add_caption=&#8221;yes&#8221; style=&#8221;vc_box_outline&#8221; onclick=&#8221;link_image&#8221; title=&#8221;Fisherman Monument&#8221;][vc_column_text]<\/p>\n<p id=\"monumento-al-marinero\">In the street of the port and a few steps from the dock has located this monument made by Jos\u00e9 Antu\u00f1ez Pousa in 1991. Emphasises the hardness of the fishermen job in A Guarda and also pay tribute to the complementary and necessary labour carried out by the women, as is the making and maintenance of the fishing nets.<\/p>\n<p>[\/vc_column_text][vc_single_image image=&#8221;1420&#8243; img_size=&#8221;747&#215;250&#8243; add_caption=&#8221;yes&#8221; style=&#8221;vc_box_outline&#8221; onclick=&#8221;link_image&#8221; title=&#8221;Lost Fisherman Monument&#8221;][vc_column_text]Placed in the ancient Ribera (shore) a few metres of the Malteses Street and the middle of a garden. This Mag\u00edn Picallo work of 2004 is a tribute to the sorrow of the women when a loved one has lost the life in the sea. It portrays the feelings accompanying the sea-faring women of solitude and uncertainty.[\/vc_column_text][\/vc_column][\/vc_row][vc_row el_id=&#8221;calle-malteses-y-paseo-maritimo&#8221;][vc_column][vc_custom_heading text=&#8221;MALTESES STREET &amp; PROMENADE&#8221; use_theme_fonts=&#8221;yes&#8221; el_class=&#8221;title title&#8211;underline&#8221;][vc_single_image image=&#8221;1664&#8243; img_size=&#8221;747&#215;250&#8243; style=&#8221;vc_box_outline&#8221; onclick=&#8221;link_image&#8221;][vc_column_text]The most representative sea-faring lane, narrow and with the tight houses over the sea. The traditional road goes parallel to the boardwalk, this esplanade was built up above the rocks, and it has gardens and leisure facilities. At the end of the Promenade, you can find the Atalaia (watchtower), \u2013 that houses the Museum of the Sea -, and the modern dock. This dock shelters the port of the force of the roughness of the sea in winter. Its surface makes up an enormous painting wall which reflects the colours and shapes of the typical sea-faring people houses and the social life of A Guarda, becoming another interesting point.[\/vc_column_text][\/vc_column][\/vc_row][vc_row el_id=&#8221;lonja-y-cofradia&#8221;][vc_column][vc_custom_heading text=&#8221;FISH MARKET AND FISHERMEN ASSOCIATION&#8221; use_theme_fonts=&#8221;yes&#8221; el_class=&#8221;title title&#8211;underline&#8221;][vc_single_image image=&#8221;1416&#8243; img_size=&#8221;747&#215;250&#8243; style=&#8221;vc_box_outline&#8221; onclick=&#8221;link_image&#8221;][vc_column_text]The fishing labour is very rooted in A Guarda and is still one of the primary sources of income. Besides the inshore fishing nowadays the deep-sea fishing has become very relevant. The swordfish fleet from A Guarda is one of the most important of Spain. The fish market is located in the harbour and has the opened doors the working days at 4 pm to see the captures: octopus, sea bass, hake, skate, haddock, sole and barnacle are some of the principal fishes and shellfishes caught, depends on the season. Currently, the auction is electronic but can take part the accredited professionals, even though it is still a privilege having in front such a fresh product and can observe how these professionals act during the auction, in an absolute and very interesting silence. The Santa Trega Fishermen Association manages the fish market and the fishing licenses, both the recreational and the professional.<\/p>\n<p><span style=\"line-height: 1.5;\"><br \/>\n<span style=\"font-weight: 400;\">If you want to request for a license, you can contact them by phone:<\/span>\u00a0<\/span><a style=\"line-height: 1.5;\" href=\"tel:0034986610307\">986 61 03 07<\/a><span style=\"line-height: 1.5;\"> or e-mail:\u00a0<\/span><a style=\"line-height: 1.5;\" href=\"mailto:cofradia@cofradiaguarda.org\">cofradia@cofradiaguarda.org<\/a>[\/vc_column_text][\/vc_column][\/vc_row][vc_row el_id=&#8221;costa-atlantica&#8221;][vc_column][vc_custom_heading text=&#8221;ATLANTIC COAST&#8221; use_theme_fonts=&#8221;yes&#8221; el_class=&#8221;title title&#8211;underline&#8221;][vc_single_image image=&#8221;1665&#8243; img_size=&#8221;747&#215;250&#8243; style=&#8221;vc_box_outline&#8221; onclick=&#8221;link_image&#8221;][vc_column_text]The Atlantic coastal in A Guarda stands out by the bravery and strength that left a mark in generations of sailors and their families. This rocky waterfront makes up an unusual type in the Galician coast, and this is because is rectilinear, with few elevations of the terrain and with no cliffs. On the windy areas can be found the remains of the windmills built in the 18th century. This kind of mills was quite usual in all of the Atlantic open sea coast. An excellent way to know the beauty of the coastline of A Guarda is going for a walk by the two routes beginning in the seaport. Towards the South the Littoral Walkway, and towards the North the Route of the Cetareas (shellfish farms), both will let us know the coast physiognomy and enjoy the hardness of the sea in winter.[\/vc_column_text][\/vc_column][\/vc_row][vc_row el_id=&#8221;senda-litoral&#8221;][vc_column][vc_custom_heading text=&#8221;THE LITTORAL WALKWAY&#8221; use_theme_fonts=&#8221;yes&#8221; el_class=&#8221;title title&#8211;underline&#8221;][vc_single_image image=&#8221;1666&#8243; img_size=&#8221;747&#215;250&#8243; style=&#8221;vc_box_outline&#8221; onclick=&#8221;link_image&#8221;][vc_column_text]This footpath allows to go over the coastline of A Guarda from the seaport to the mouth of the Mi\u00f1o river; it ends at the O Mu\u00ed\u00f1o (the mill) beach. It is pedestrian on its 3.6 kilometres and also suitable for bicycles. This walkway permits to enjoy the coastal beauty and the sea magnificence thanks to a comfortable and pleasant walk. The whole route is part of a blue path that connects the sea beach Area Grande and the river beach O Mu\u00ed\u00f1o, both awarded with the Blue Flag. In the middle of the walkway, the wood pathway elevates to avoid altering the Seixal, this name is because of the \u201cseixos\u201d (stones rounded by tumbling, pebbles) given their shape by the come and go of the waves.\u00a0Until recently they were used to diverse purposes such as fishing weights, decorative objects, etc., for that reason we were losing this singular place, for that reason currently is utterly forbidden to take \u201cseixos\u201d with you under no circumstance. On one side and another of the wood pathway still linger the remains, recently excavated, of an important Roman &#8220;salina&#8221; (saltern pond).[\/vc_column_text][\/vc_column][\/vc_row][vc_row el_id=&#8221;ruta-de-las-cetareas&#8221;][vc_column][vc_custom_heading text=&#8221;THE CETAREAS ROUTE&#8221; use_theme_fonts=&#8221;yes&#8221; el_class=&#8221;title title&#8211;underline&#8221;][vc_single_image image=&#8221;1667&#8243; img_size=&#8221;747&#215;250&#8243; style=&#8221;vc_box_outline&#8221; onclick=&#8221;link_image&#8221;][vc_column_text]This walking route begins in the north part of the seaport, bordering the shore almost until the boundary with O Rosal. It shares the first 500 metres with the Littoral Walkway, and in Agrelo zone we find the first informative panel of the Cetareas Route.<\/p>\n<p>The cetareas are shellfish hatcheries, ancient stone structures in the intertidal zone that keep the shellfish alive to its subsequent sale. A Guarda gained a noticeable prestige by trading high-quality seafood, and this recognition evolved in the expression of an engaging cuisine in which the fishes and shellfishes highlight absolutely.<\/p>\n<p>This walking route started up by the Fishermen Association and the Council, permitted to recover and put on the spot these antique hatcheries. Along with this route of 4.6 kilometres, we can know the ruins of the 4 \u201ccetareas\u201d that we still keep. Even with the high tide can be visited the biggest one, the Cetarea Redonda (round cetarea) o Pepe Sobrino\u2019s, after the pass by the beach Area Grande towards the north.<\/p>\n<p align=\"JUSTIFY\"><a href=\"\/wp-content\/uploads\/2016\/06\/a-guarda-rutas-cetareas.pdf\" rel=\"noopener\">+ Download the\u00a0Cetareas Route<\/a><\/p>\n<p>[\/vc_column_text][\/vc_column][\/vc_row][vc_row el_id=&#8221;museo-del-mar&#8221;][vc_column][vc_custom_heading text=&#8221;MUSEUM OF THE SEA&#8221; use_theme_fonts=&#8221;yes&#8221; el_class=&#8221;title title&#8211;underline&#8221;][vc_single_image image=&#8221;1669&#8243; img_size=&#8221;747&#215;250&#8243; style=&#8221;vc_box_outline&#8221; onclick=&#8221;link_image&#8221;][vc_column_text]The sea-faring past of A Guarda, based on the traditional inshore fishing, brought about a rich heritage, both tangible and intangible. The built heritage can be observed in the architecture and the seafaring district planning, in the maritime fa\u00e7ade of the port too, but mostly it can be contemplated in the Museum of the Sea, housed in the Atalaia (watchtower) at the end of the promenade.<\/p>\n<p><a href=\"http:\/\/turismoaguarda.es\/museo-del-mar\/?lang=en\">+ Museum of the Sea<\/a><\/p>\n<p><a href=\"https:\/\/www.google.es\/maps\/uv?hl=es&amp;pb=!1s0xd25ea88012eabb7:0x44709480bf1cf3a5!2m5!2m2!1i80!2i80!3m1!2i100!3m1!7e115!4s\/maps\/place\/museo%2Bdo%2Bmar%2Ba%2Bguarda\/@41.9025361,-8.880164,3a,75y,243.05h,90t\/data%3D*213m4*211e1*213m2*211s9TrHUyv9nK8AAAQWtENx7Q*212e0*214m2*213m1*211s0x0:0x44709480bf1cf3a5!5smuseo+do+mar+a+guarda+-+Buscar+con+Google&amp;imagekey=!1e2!2s9TrHUyv9nK8AAAQWtENx7Q&amp;sa=X&amp;ved=0ahUKEwiDp_O_ltzNAhVHShQKHSd8B_AQoB8IfTAO\"><img loading=\"lazy\" decoding=\"async\" class=\"alignnone size-full wp-image-1862 aligncenter\" src=\"http:\/\/www.turismoaguarda.es\/wp-content\/uploads\/2016\/07\/360.png\" alt=\"360\" width=\"150\" height=\"57\" \/><\/a>[\/vc_column_text][\/vc_column][\/vc_row][vc_row][vc_column][\/vc_column][\/vc_row]<\/p>\n","protected":false},"excerpt":{"rendered":"<p>[vc_row el_id=&#8221;accesos-rapidos&#8221; el_class=&#8221;photolinks&#8221;][vc_column width=&#8221;1\/6&#8243;][vc_single_image image=&#8221;1499&#8243; img_size=&#8221;512&#215;256&#8243; onclick=&#8221;custom_link&#8221; link=&#8221;\/puerto-pesquero\/#puerto-pesquero&#8221;][vc_column_text]Seaport[\/vc_column_text][\/vc_column][vc_column width=&#8221;1\/6&#8243;][vc_single_image image=&#8221;1664&#8243; img_size=&#8221;512&#215;256&#8243; onclick=&#8221;custom_link&#8221; link=&#8221;\/puerto-pesquero\/#calle-malteses-y-paseo-maritimo&#8221;][vc_column_text]Promenade[\/vc_column_text][\/vc_column][vc_column width=&#8221;1\/6&#8243;][vc_single_image image=&#8221;1416&#8243; img_size=&#8221;512&#215;256&#8243; onclick=&#8221;custom_link&#8221; link=&#8221;\/puerto-pesquero\/#lonja-y-cofradia&#8221;][vc_column_text]Fish Market[\/vc_column_text][\/vc_column][vc_column width=&#8221;1\/6&#8243;][vc_single_image image=&#8221;1665&#8243; img_size=&#8221;512&#215;256&#8243; onclick=&#8221;custom_link&#8221; link=&#8221;\/puerto-pesquero\/#costa-atlantica&#8221;][vc_column_text]Atl. Coast[\/vc_column_text][\/vc_column][vc_column width=&#8221;1\/6&#8243;][vc_single_image image=&#8221;1423&#8243; img_size=&#8221;512&#215;256&#8243; onclick=&#8221;custom_link&#8221; link=&#8221;\/puerto-pesquero\/#senda-litoral&#8221;][vc_column_text]Litt. Walkway[\/vc_column_text][\/vc_column][vc_column width=&#8221;1\/6&#8243;][vc_single_image image=&#8221;1411&#8243; img_size=&#8221;512&#215;256&#8243; onclick=&#8221;custom_link&#8221; link=&#8221;\/puerto-pesquero\/#ruta-de-las-cetareas&#8221;][vc_column_text]Cetareas[\/vc_column_text][\/vc_column][\/vc_row][vc_row el_id=&#8221;puerto-pesquero&#8221;][vc_column][vc_custom_heading text=&#8221;FISHING PORT&#8221; use_theme_fonts=&#8221;yes&#8221; el_class=&#8221;title title&#8211;underline&#8221;][vc_single_image image=&#8221;1499&#8243; img_size=&#8221;747&#215;250&#8243; style=&#8221;vc_box_outline&#8221; onclick=&#8221;link_image&#8221;][vc_column_text] It is pretty characteristic of the seaport of A<\/p>\n<div class=\"padding-top text-center\"><a href=\"https:\/\/www.turismoaguarda.es\/en\/puerto-pesquero\/\" class=\"atbtn atbtn--medium atbtn--rounded atbtn--transparent\">Read more<i class=\"atbtn__icon atbtn__icon--right fa fa-long-arrow-right\"><\/i><\/a><\/div>\n","protected":false},"author":4,"featured_media":0,"parent":0,"menu_order":0,"comment_status":"closed","ping_status":"closed","template":"template-page-with-sidebar.php","meta":{"footnotes":""},"class_list":["post-1834","page","type-page","status-publish","hentry"],"yoast_head":"<!-- This site is optimized with the Yoast SEO plugin v27.5 - https:\/\/yoast.com\/product\/yoast-seo-wordpress\/ -->\n<title>Fishing Port | Turismo A Guarda<\/title>\n<meta name=\"robots\" content=\"index, follow, max-snippet:-1, max-image-preview:large, max-video-preview:-1\" \/>\n<link rel=\"canonical\" href=\"https:\/\/www.turismoaguarda.es\/en\/puerto-pesquero\/\" \/>\n<meta property=\"og:locale\" content=\"en_US\" \/>\n<meta property=\"og:type\" content=\"article\" \/>\n<meta property=\"og:title\" content=\"Fishing Port | Turismo A Guarda\" \/>\n<meta property=\"og:description\" content=\"[vc_row el_id=&#8221;accesos-rapidos&#8221; el_class=&#8221;photolinks&#8221;][vc_column width=&#8221;1\/6&#8243;][vc_single_image image=&#8221;1499&#8243; img_size=&#8221;512&#215;256&#8243; onclick=&#8221;custom_link&#8221; link=&#8221;\/puerto-pesquero\/#puerto-pesquero&#8221;][vc_column_text]Seaport[\/vc_column_text][\/vc_column][vc_column width=&#8221;1\/6&#8243;][vc_single_image image=&#8221;1664&#8243; img_size=&#8221;512&#215;256&#8243; onclick=&#8221;custom_link&#8221; link=&#8221;\/puerto-pesquero\/#calle-malteses-y-paseo-maritimo&#8221;][vc_column_text]Promenade[\/vc_column_text][\/vc_column][vc_column width=&#8221;1\/6&#8243;][vc_single_image image=&#8221;1416&#8243; img_size=&#8221;512&#215;256&#8243; onclick=&#8221;custom_link&#8221; link=&#8221;\/puerto-pesquero\/#lonja-y-cofradia&#8221;][vc_column_text]Fish Market[\/vc_column_text][\/vc_column][vc_column width=&#8221;1\/6&#8243;][vc_single_image image=&#8221;1665&#8243; img_size=&#8221;512&#215;256&#8243; onclick=&#8221;custom_link&#8221; link=&#8221;\/puerto-pesquero\/#costa-atlantica&#8221;][vc_column_text]Atl. Coast[\/vc_column_text][\/vc_column][vc_column width=&#8221;1\/6&#8243;][vc_single_image image=&#8221;1423&#8243; img_size=&#8221;512&#215;256&#8243; onclick=&#8221;custom_link&#8221; link=&#8221;\/puerto-pesquero\/#senda-litoral&#8221;][vc_column_text]Litt. Walkway[\/vc_column_text][\/vc_column][vc_column width=&#8221;1\/6&#8243;][vc_single_image image=&#8221;1411&#8243; img_size=&#8221;512&#215;256&#8243; onclick=&#8221;custom_link&#8221; link=&#8221;\/puerto-pesquero\/#ruta-de-las-cetareas&#8221;][vc_column_text]Cetareas[\/vc_column_text][\/vc_column][\/vc_row][vc_row el_id=&#8221;puerto-pesquero&#8221;][vc_column][vc_custom_heading text=&#8221;FISHING PORT&#8221; use_theme_fonts=&#8221;yes&#8221; el_class=&#8221;title title&#8211;underline&#8221;][vc_single_image image=&#8221;1499&#8243; img_size=&#8221;747&#215;250&#8243; style=&#8221;vc_box_outline&#8221; onclick=&#8221;link_image&#8221;][vc_column_text] It is pretty characteristic of the seaport of ARead more\" \/>\n<meta property=\"og:url\" content=\"https:\/\/www.turismoaguarda.es\/en\/puerto-pesquero\/\" \/>\n<meta property=\"og:site_name\" content=\"Turismo A Guarda\" \/>\n<meta property=\"article:publisher\" content=\"https:\/\/es-es.facebook.com\/Turismo-A-Guarda-126223240790625\/\" \/>\n<meta property=\"article:modified_time\" content=\"2018-07-27T09:41:52+00:00\" \/>\n<meta property=\"og:image\" content=\"http:\/\/www.turismoaguarda.es\/wp-content\/uploads\/2016\/07\/360.png\" \/>\n<meta name=\"twitter:card\" content=\"summary_large_image\" \/>\n<meta name=\"twitter:site\" content=\"@TurismoAGuarda\" \/>\n<meta name=\"twitter:label1\" content=\"Est. reading time\" \/>\n\t<meta name=\"twitter:data1\" content=\"8 minutes\" \/>\n<script type=\"application\/ld+json\" class=\"yoast-schema-graph\">{\"@context\":\"https:\\\/\\\/schema.org\",\"@graph\":[{\"@type\":\"WebPage\",\"@id\":\"https:\\\/\\\/www.turismoaguarda.es\\\/en\\\/puerto-pesquero\\\/\",\"url\":\"https:\\\/\\\/www.turismoaguarda.es\\\/en\\\/puerto-pesquero\\\/\",\"name\":\"Fishing Port | Turismo A Guarda\",\"isPartOf\":{\"@id\":\"https:\\\/\\\/www.turismoaguarda.es\\\/#website\"},\"primaryImageOfPage\":{\"@id\":\"https:\\\/\\\/www.turismoaguarda.es\\\/en\\\/puerto-pesquero\\\/#primaryimage\"},\"image\":{\"@id\":\"https:\\\/\\\/www.turismoaguarda.es\\\/en\\\/puerto-pesquero\\\/#primaryimage\"},\"thumbnailUrl\":\"http:\\\/\\\/www.turismoaguarda.es\\\/wp-content\\\/uploads\\\/2016\\\/07\\\/360.png\",\"datePublished\":\"2016-05-24T21:10:04+00:00\",\"dateModified\":\"2018-07-27T09:41:52+00:00\",\"breadcrumb\":{\"@id\":\"https:\\\/\\\/www.turismoaguarda.es\\\/en\\\/puerto-pesquero\\\/#breadcrumb\"},\"inLanguage\":\"en-US\",\"potentialAction\":[{\"@type\":\"ReadAction\",\"target\":[\"https:\\\/\\\/www.turismoaguarda.es\\\/en\\\/puerto-pesquero\\\/\"]}]},{\"@type\":\"ImageObject\",\"inLanguage\":\"en-US\",\"@id\":\"https:\\\/\\\/www.turismoaguarda.es\\\/en\\\/puerto-pesquero\\\/#primaryimage\",\"url\":\"http:\\\/\\\/www.turismoaguarda.es\\\/wp-content\\\/uploads\\\/2016\\\/07\\\/360.png\",\"contentUrl\":\"http:\\\/\\\/www.turismoaguarda.es\\\/wp-content\\\/uploads\\\/2016\\\/07\\\/360.png\"},{\"@type\":\"BreadcrumbList\",\"@id\":\"https:\\\/\\\/www.turismoaguarda.es\\\/en\\\/puerto-pesquero\\\/#breadcrumb\",\"itemListElement\":[{\"@type\":\"ListItem\",\"position\":1,\"name\":\"Portada\",\"item\":\"https:\\\/\\\/www.turismoaguarda.es\\\/en\\\/\"},{\"@type\":\"ListItem\",\"position\":2,\"name\":\"Fishing Port\"}]},{\"@type\":\"WebSite\",\"@id\":\"https:\\\/\\\/www.turismoaguarda.es\\\/#website\",\"url\":\"https:\\\/\\\/www.turismoaguarda.es\\\/\",\"name\":\"Turismo A Guarda\",\"description\":\"Informaci\u00f3n tur\u00edstica de A Guarda y alrededores.\",\"potentialAction\":[{\"@type\":\"SearchAction\",\"target\":{\"@type\":\"EntryPoint\",\"urlTemplate\":\"https:\\\/\\\/www.turismoaguarda.es\\\/?s={search_term_string}\"},\"query-input\":{\"@type\":\"PropertyValueSpecification\",\"valueRequired\":true,\"valueName\":\"search_term_string\"}}],\"inLanguage\":\"en-US\"}]}<\/script>\n<!-- \/ Yoast SEO plugin. -->","yoast_head_json":{"title":"Fishing Port | Turismo A Guarda","robots":{"index":"index","follow":"follow","max-snippet":"max-snippet:-1","max-image-preview":"max-image-preview:large","max-video-preview":"max-video-preview:-1"},"canonical":"https:\/\/www.turismoaguarda.es\/en\/puerto-pesquero\/","og_locale":"en_US","og_type":"article","og_title":"Fishing Port | Turismo A Guarda","og_description":"[vc_row el_id=&#8221;accesos-rapidos&#8221; el_class=&#8221;photolinks&#8221;][vc_column width=&#8221;1\/6&#8243;][vc_single_image image=&#8221;1499&#8243; img_size=&#8221;512&#215;256&#8243; onclick=&#8221;custom_link&#8221; link=&#8221;\/puerto-pesquero\/#puerto-pesquero&#8221;][vc_column_text]Seaport[\/vc_column_text][\/vc_column][vc_column width=&#8221;1\/6&#8243;][vc_single_image image=&#8221;1664&#8243; img_size=&#8221;512&#215;256&#8243; onclick=&#8221;custom_link&#8221; link=&#8221;\/puerto-pesquero\/#calle-malteses-y-paseo-maritimo&#8221;][vc_column_text]Promenade[\/vc_column_text][\/vc_column][vc_column width=&#8221;1\/6&#8243;][vc_single_image image=&#8221;1416&#8243; img_size=&#8221;512&#215;256&#8243; onclick=&#8221;custom_link&#8221; link=&#8221;\/puerto-pesquero\/#lonja-y-cofradia&#8221;][vc_column_text]Fish Market[\/vc_column_text][\/vc_column][vc_column width=&#8221;1\/6&#8243;][vc_single_image image=&#8221;1665&#8243; img_size=&#8221;512&#215;256&#8243; onclick=&#8221;custom_link&#8221; link=&#8221;\/puerto-pesquero\/#costa-atlantica&#8221;][vc_column_text]Atl. Coast[\/vc_column_text][\/vc_column][vc_column width=&#8221;1\/6&#8243;][vc_single_image image=&#8221;1423&#8243; img_size=&#8221;512&#215;256&#8243; onclick=&#8221;custom_link&#8221; link=&#8221;\/puerto-pesquero\/#senda-litoral&#8221;][vc_column_text]Litt. Walkway[\/vc_column_text][\/vc_column][vc_column width=&#8221;1\/6&#8243;][vc_single_image image=&#8221;1411&#8243; img_size=&#8221;512&#215;256&#8243; onclick=&#8221;custom_link&#8221; link=&#8221;\/puerto-pesquero\/#ruta-de-las-cetareas&#8221;][vc_column_text]Cetareas[\/vc_column_text][\/vc_column][\/vc_row][vc_row el_id=&#8221;puerto-pesquero&#8221;][vc_column][vc_custom_heading text=&#8221;FISHING PORT&#8221; use_theme_fonts=&#8221;yes&#8221; el_class=&#8221;title title&#8211;underline&#8221;][vc_single_image image=&#8221;1499&#8243; img_size=&#8221;747&#215;250&#8243; style=&#8221;vc_box_outline&#8221; onclick=&#8221;link_image&#8221;][vc_column_text] It is pretty characteristic of the seaport of ARead more","og_url":"https:\/\/www.turismoaguarda.es\/en\/puerto-pesquero\/","og_site_name":"Turismo A Guarda","article_publisher":"https:\/\/es-es.facebook.com\/Turismo-A-Guarda-126223240790625\/","article_modified_time":"2018-07-27T09:41:52+00:00","og_image":[{"url":"http:\/\/www.turismoaguarda.es\/wp-content\/uploads\/2016\/07\/360.png","type":"","width":"","height":""}],"twitter_card":"summary_large_image","twitter_site":"@TurismoAGuarda","twitter_misc":{"Est. reading time":"8 minutes"},"schema":{"@context":"https:\/\/schema.org","@graph":[{"@type":"WebPage","@id":"https:\/\/www.turismoaguarda.es\/en\/puerto-pesquero\/","url":"https:\/\/www.turismoaguarda.es\/en\/puerto-pesquero\/","name":"Fishing Port | Turismo A Guarda","isPartOf":{"@id":"https:\/\/www.turismoaguarda.es\/#website"},"primaryImageOfPage":{"@id":"https:\/\/www.turismoaguarda.es\/en\/puerto-pesquero\/#primaryimage"},"image":{"@id":"https:\/\/www.turismoaguarda.es\/en\/puerto-pesquero\/#primaryimage"},"thumbnailUrl":"http:\/\/www.turismoaguarda.es\/wp-content\/uploads\/2016\/07\/360.png","datePublished":"2016-05-24T21:10:04+00:00","dateModified":"2018-07-27T09:41:52+00:00","breadcrumb":{"@id":"https:\/\/www.turismoaguarda.es\/en\/puerto-pesquero\/#breadcrumb"},"inLanguage":"en-US","potentialAction":[{"@type":"ReadAction","target":["https:\/\/www.turismoaguarda.es\/en\/puerto-pesquero\/"]}]},{"@type":"ImageObject","inLanguage":"en-US","@id":"https:\/\/www.turismoaguarda.es\/en\/puerto-pesquero\/#primaryimage","url":"http:\/\/www.turismoaguarda.es\/wp-content\/uploads\/2016\/07\/360.png","contentUrl":"http:\/\/www.turismoaguarda.es\/wp-content\/uploads\/2016\/07\/360.png"},{"@type":"BreadcrumbList","@id":"https:\/\/www.turismoaguarda.es\/en\/puerto-pesquero\/#breadcrumb","itemListElement":[{"@type":"ListItem","position":1,"name":"Portada","item":"https:\/\/www.turismoaguarda.es\/en\/"},{"@type":"ListItem","position":2,"name":"Fishing Port"}]},{"@type":"WebSite","@id":"https:\/\/www.turismoaguarda.es\/#website","url":"https:\/\/www.turismoaguarda.es\/","name":"Turismo A Guarda","description":"Informaci\u00f3n tur\u00edstica de A Guarda y alrededores.","potentialAction":[{"@type":"SearchAction","target":{"@type":"EntryPoint","urlTemplate":"https:\/\/www.turismoaguarda.es\/?s={search_term_string}"},"query-input":{"@type":"PropertyValueSpecification","valueRequired":true,"valueName":"search_term_string"}}],"inLanguage":"en-US"}]}},"_links":{"self":[{"href":"https:\/\/www.turismoaguarda.es\/en\/wp-json\/wp\/v2\/pages\/1834","targetHints":{"allow":["GET"]}}],"collection":[{"href":"https:\/\/www.turismoaguarda.es\/en\/wp-json\/wp\/v2\/pages"}],"about":[{"href":"https:\/\/www.turismoaguarda.es\/en\/wp-json\/wp\/v2\/types\/page"}],"author":[{"embeddable":true,"href":"https:\/\/www.turismoaguarda.es\/en\/wp-json\/wp\/v2\/users\/4"}],"replies":[{"embeddable":true,"href":"https:\/\/www.turismoaguarda.es\/en\/wp-json\/wp\/v2\/comments?post=1834"}],"version-history":[{"count":5,"href":"https:\/\/www.turismoaguarda.es\/en\/wp-json\/wp\/v2\/pages\/1834\/revisions"}],"predecessor-version":[{"id":7366,"href":"https:\/\/www.turismoaguarda.es\/en\/wp-json\/wp\/v2\/pages\/1834\/revisions\/7366"}],"wp:attachment":[{"href":"https:\/\/www.turismoaguarda.es\/en\/wp-json\/wp\/v2\/media?parent=1834"}],"curies":[{"name":"wp","href":"https:\/\/api.w.org\/{rel}","templated":true}]}}